{"id":59670,"date":"2024-06-11T18:21:39","date_gmt":"2024-06-11T11:21:39","guid":{"rendered":"https:\/\/mouldking.store\/shop\/baka-33013-lamborghini-v12-with-1021-pieces\/"},"modified":"2024-06-11T18:21:45","modified_gmt":"2024-06-11T11:21:45","slug":"baka-33013-lamborghini-v12-with-1021-pieces","status":"publish","type":"product","link":"https:\/\/mouldking.store\/vi\/shop\/baka-33013-lamborghini-v12-with-1021-pieces\/","title":{"rendered":"BAKA 33013 Lamborghini V12 with 1021 Pieces"},"content":{"rendered":"<div>\u2705BAKA 33013 Lamborghini V12<\/p>\n<p>\u2705 The Lamborghini V12 engine is an iconic powerplant renowned for its performance, sound, and engineering excellence. It has been a staple of Lamborghini&#8217;s lineup since the inception of the company, powering some of the most legendary supercars in automotive history.&nbsp;<\/p>\n<p>\ud83d\udeab QUAN TR\u1eccNG!<\/p>\n<p>Product Name: Lamborghini V12<\/p>\n<p>Danh m\u1ee5c: K\u1ef9 thu\u1eadt<\/p>\n<p>This Kit Contains: BAKA 33013<\/p>\n<p>1021 pcs Good Quality Bricks<\/p>\n<p>H\u01b0\u1edbng d\u1eabn th\u1ee7 c\u00f4ng<\/p>\n<p>\ud83d\udcccB\u1ea3n ch\u1ea5t c\u1ee7a nh\u00e2n v\u1eadt ch\u00ednh<\/p>\n<p>Introducing our proud collection named \u201cLamborghini V12\u201d you should not miss.<\/p>\n<p>&nbsp;The first Lamborghini V12 engine debuted in the Lamborghini 350 GT, the company&#8217;s inaugural production car introduced in 1964. Designed by legendary engineer Giotto Bizzarrini, the original V12 engine set the stage for Lamborghini&#8217;s reputation for high-performance vehicles. &nbsp; Over the years, the Lamborghini V12 engine has undergone numerous iterations and advancements, with each new model featuring enhancements in power, efficiency, and technology. From the early days of carbureted engines to modern fuel-injected and hybrid powertrains, the V12 engine has evolved to meet the demands of contemporary automotive standards.&nbsp;<\/p><\/div>","protected":false},"excerpt":{"rendered":"<p>Brand: BAKA<br \/>\nGi\u1edbi t\u00ednh: Unisex<br \/>\n\u0110\u1ed9 tu\u1ed5i: &gt; 6 tu\u1ed5i<br \/>\nModel Number: 33013<br \/>\nPh\u00e2n lo\u1ea1i: T\u1eadp h\u1ee3p<br \/>\nH\u00ecnh d\u1ea1ng kh\u1ed1i nh\u1ef1a: G\u1ea1ch t\u1ef1 kh\u00f3a<br \/>\nCh\u1ea5t li\u1ec7u: Nh\u1ef1a<br \/>\nLo\u1ea1i nh\u1ef1a: ABS<br \/>\nBricks Blocks: 1021 +<br \/>\nKh\u00f4ng c\u00f3 h\u1ed9p ban \u0111\u1ea7u<br \/>\nS\u1ea3n ph\u1ea9m kh\u00f4ng bao g\u1ed3m STICKER v\u00e0 IN IN. T\u1ea5t c\u1ea3 c\u00e1c b\u1ed9 ph\u1eadn \u0111\u00e3 in s\u1ebd \u0111\u01b0\u1ee3c thay th\u1ebf b\u1eb1ng c\u00e1c b\u1ed9 ph\u1eadn ti\u00eau chu\u1ea9n v\u00e0 kh\u00f4ng \u0103n nh\u1eadp v\u1edbi c\u00e1c ph\u1ee5 ki\u1ec7n c\u1ee7a b\u00ean th\u1ee9 3.<br \/>\nb\u00e1n tr\u01b0\u1edbc<\/p>","protected":false},"featured_media":59669,"comment_status":"open","ping_status":"closed","template":"","meta":{"_acf_changed":false},"product_cat":[1360,1357,364,1875],"product_tag":[457,596,389],"class_list":["product","first","instock","shipping-taxable","purchasable","product-type-simple"],"acf":[],"_links":{"self":[{"href":"https:\/\/mouldking.store\/vi\/wp-json\/wp\/v2\/product\/59670","targetHints":{"allow":["GET"]}}],"collection":[{"href":"https:\/\/mouldking.store\/vi\/wp-json\/wp\/v2\/product"}],"about":[{"href":"https:\/\/mouldking.store\/vi\/wp-json\/wp\/v2\/types\/product"}],"replies":[{"embeddable":true,"href":"https:\/\/mouldking.store\/vi\/wp-json\/wp\/v2\/comments?post=59670"}],"wp:featuredmedia":[{"embeddable":true,"href":"https:\/\/mouldking.store\/vi\/wp-json\/wp\/v2\/media\/59669"}],"wp:attachment":[{"href":"https:\/\/mouldking.store\/vi\/wp-json\/wp\/v2\/media?parent=59670"}],"wp:term":[{"taxonomy":"product_cat","embeddable":true,"href":"https:\/\/mouldking.store\/vi\/wp-json\/wp\/v2\/product_cat?post=59670"},{"taxonomy":"product_tag","embeddable":true,"href":"https:\/\/mouldking.store\/vi\/wp-json\/wp\/v2\/product_tag?post=59670"}],"curies":[{"name":"wp","href":"https:\/\/api.w.org\/{rel}","templated":true}]}}