{"id":59684,"date":"2024-06-11T18:24:47","date_gmt":"2024-06-11T11:24:47","guid":{"rendered":"https:\/\/mouldking.store\/shop\/wangao-288006-teenage-mutant-ninja-turtles-donatello-purple-mecha-with-1854-pieces\/"},"modified":"2024-06-11T18:24:50","modified_gmt":"2024-06-11T11:24:50","slug":"wangao-288006-teenage-mutant-ninja-turtles-donatello-purple-mecha-with-1854-pieces","status":"publish","type":"product","link":"https:\/\/mouldking.store\/vi\/shop\/wangao-288006-teenage-mutant-ninja-turtles-donatello-purple-mecha-with-1854-pieces\/","title":{"rendered":"Wangao 288006 Teenage Mutant Ninja Turtles Donatello Purple Mecha with 1854 Pieces"},"content":{"rendered":"<div>\u2705Wangao 288006 Teenage Mutant Ninja Turtles Donatello Purple Mecha<\/p>\n<p>\u2705 Donatello is one of the four Teenage Mutant Ninja Turtles, known for his intelligence, technological expertise, and mastery of the bo staff. He is named after the Italian Renaissance sculptor Donatello di Niccol\u00f2 di Betto Bardi and is characterized by his purple bandana and his role as the team&#8217;s resident inventor and engineer.&nbsp;<\/p>\n<p>\ud83d\udeab QUAN TR\u1eccNG!<\/p>\n<p>Product Name: Teenage Mutant Ninja Turtles Donatello Purple Mecha<\/p>\n<p>Th\u1ec3 lo\u1ea1i: Phim<\/p>\n<p>This Kit Contains: Wangao 288006<\/p>\n<p>1854 pcs Good Quality Bricks<\/p>\n<p>Size: 21 \u00d7 17 \u00d7 34 cm<\/p>\n<p>H\u01b0\u1edbng d\u1eabn th\u1ee7 c\u00f4ng<\/p>\n<p>\ud83d\udcccB\u1ea3n ch\u1ea5t c\u1ee7a nh\u00e2n v\u1eadt ch\u00ednh<\/p>\n<p>Introducing our proud collection named \u201cTeenage Mutant Ninja Turtles Donatello Purple Mecha\u201d you should not miss.<\/p>\n<p>&nbsp;Donatello is the brains of the group, often depicted as the most intelligent and technologically savvy among the Turtles. He possesses a keen analytical mind and excels in science, engineering, and problem-solving. &nbsp; Donatello is a skilled inventor and mechanic, constantly tinkering with gadgets, vehicles, and weapons to aid the Turtles in their battles against their enemies, particularly the Foot Clan and their leader, the Shredder. &nbsp; Unlike his hot-headed brother Raphael or his adventurous brother Michelangelo, Donatello tends to be more calm, reserved, and contemplative. He prefers to use his intelligence and diplomacy to resolve conflicts whenever possible.&nbsp; Donatello is a master of the bo staff, a traditional martial arts weapon that he wields with precision and agility. He utilizes his staff not only for combat but also as a tool for defense, acrobatics, and creative problem-solving.&nbsp;<\/p><\/div>","protected":false},"excerpt":{"rendered":"<p>Th\u01b0\u01a1ng hi\u1ec7u: Wangao<br \/>\nGi\u1edbi t\u00ednh: Unisex<br \/>\n\u0110\u1ed9 tu\u1ed5i: &gt; 6 tu\u1ed5i<br \/>\nModel Number: 288006<br \/>\nPh\u00e2n lo\u1ea1i: T\u1eadp h\u1ee3p<br \/>\nH\u00ecnh d\u1ea1ng kh\u1ed1i nh\u1ef1a: G\u1ea1ch t\u1ef1 kh\u00f3a<br \/>\nCh\u1ea5t li\u1ec7u: Nh\u1ef1a<br \/>\nLo\u1ea1i nh\u1ef1a: ABS<br \/>\nBricks Blocks: 1854 +<br \/>\nKh\u00f4ng c\u00f3 h\u1ed9p ban \u0111\u1ea7u<br \/>\nS\u1ea3n ph\u1ea9m kh\u00f4ng bao g\u1ed3m STICKER v\u00e0 IN IN. T\u1ea5t c\u1ea3 c\u00e1c b\u1ed9 ph\u1eadn \u0111\u00e3 in s\u1ebd \u0111\u01b0\u1ee3c thay th\u1ebf b\u1eb1ng c\u00e1c b\u1ed9 ph\u1eadn ti\u00eau chu\u1ea9n v\u00e0 kh\u00f4ng \u0103n nh\u1eadp v\u1edbi c\u00e1c ph\u1ee5 ki\u1ec7n c\u1ee7a b\u00ean th\u1ee9 3.<\/p>","protected":false},"featured_media":59683,"comment_status":"open","ping_status":"closed","template":"","meta":{"_acf_changed":false},"product_cat":[1365,371,581,1408],"product_tag":[11072,8452,13437,9302,434,8335,13048,13049,13243,13047,6812],"class_list":["product","first","instock","shipping-taxable","purchasable","product-type-simple"],"acf":[],"_links":{"self":[{"href":"https:\/\/mouldking.store\/vi\/wp-json\/wp\/v2\/product\/59684","targetHints":{"allow":["GET"]}}],"collection":[{"href":"https:\/\/mouldking.store\/vi\/wp-json\/wp\/v2\/product"}],"about":[{"href":"https:\/\/mouldking.store\/vi\/wp-json\/wp\/v2\/types\/product"}],"replies":[{"embeddable":true,"href":"https:\/\/mouldking.store\/vi\/wp-json\/wp\/v2\/comments?post=59684"}],"wp:featuredmedia":[{"embeddable":true,"href":"https:\/\/mouldking.store\/vi\/wp-json\/wp\/v2\/media\/59683"}],"wp:attachment":[{"href":"https:\/\/mouldking.store\/vi\/wp-json\/wp\/v2\/media?parent=59684"}],"wp:term":[{"taxonomy":"product_cat","embeddable":true,"href":"https:\/\/mouldking.store\/vi\/wp-json\/wp\/v2\/product_cat?post=59684"},{"taxonomy":"product_tag","embeddable":true,"href":"https:\/\/mouldking.store\/vi\/wp-json\/wp\/v2\/product_tag?post=59684"}],"curies":[{"name":"wp","href":"https:\/\/api.w.org\/{rel}","templated":true}]}}