{"id":59687,"date":"2024-06-11T18:27:01","date_gmt":"2024-06-11T11:27:01","guid":{"rendered":"https:\/\/mouldking.store\/shop\/wangao-288009-teenage-mutant-ninja-turtles-michelangelo-with-2032-pieces\/"},"modified":"2024-06-11T18:27:04","modified_gmt":"2024-06-11T11:27:04","slug":"wangao-288009-teenage-mutant-ninja-turtles-michelangelo-with-2032-pieces","status":"publish","type":"product","link":"https:\/\/mouldking.store\/vi\/shop\/wangao-288009-teenage-mutant-ninja-turtles-michelangelo-with-2032-pieces\/","title":{"rendered":"Wangao 288009 Teenage Mutant Ninja Turtles Michelangelo with 2032 Pieces"},"content":{"rendered":"<div>\u2705Wangao 288009 Teenage Mutant Ninja Turtles Michelangelo<\/p>\n<p>\u2705 Michelangelo is one of the four Teenage Mutant Ninja Turtles, known for his carefree attitude, sense of humor, and proficiency in using nunchaku. He is named after the Italian Renaissance sculptor Michelangelo di Lodovico Buonarroti Simoni and is characterized by his orange bandana and his role as the team&#8217;s comic relief.&nbsp;<\/p>\n<p>\ud83d\udeab QUAN TR\u1eccNG!<\/p>\n<p>Product Name: Teenage Mutant Ninja Turtles Michelangelo<\/p>\n<p>Th\u1ec3 lo\u1ea1i: Phim<\/p>\n<p>This Kit Contains: Wangao 288009&nbsp;<\/p>\n<p>2032 pcs Good Quality Bricks<\/p>\n<p>Size: 27 x 14 x 33cm<\/p>\n<p>H\u01b0\u1edbng d\u1eabn th\u1ee7 c\u00f4ng<\/p>\n<p>\ud83d\udcccB\u1ea3n ch\u1ea5t c\u1ee7a nh\u00e2n v\u1eadt ch\u00ednh<\/p>\n<p>Introducing our proud collection named \u201cTeenage Mutant Ninja Turtles Michelangelo\u201d you should not miss.<\/p>\n<p>&nbsp;Michelangelo is the most lighthearted and fun-loving member of the Teenage Mutant Ninja Turtles, often cracking jokes and making witty remarks even in the midst of battle. His playful nature helps to lighten the mood and ease tension within the team. &nbsp; Michelangelo maintains an optimistic outlook on life, always looking for the silver lining in any situation and refusing to dwell on negativity or despair. His positive attitude inspires his brothers and encourages them to keep fighting, no matter the odds. &nbsp; Michelangelo is a creative and imaginative thinker, often coming up with unconventional solutions to problems and thinking outside the box. He enjoys expressing himself through art, music, and other forms of creative expression.&nbsp; Michelangelo is a skilled practitioner of nunchaku, a traditional martial arts weapon consisting of two sticks connected by a chain or rope. He wields his nunchaku with agility and finesse, using them to disarm opponents and perform acrobatic maneuvers in combat.&nbsp;<\/p><\/div>","protected":false},"excerpt":{"rendered":"<p>Th\u01b0\u01a1ng hi\u1ec7u: Wangao<br \/>\nGi\u1edbi t\u00ednh: Unisex<br \/>\n\u0110\u1ed9 tu\u1ed5i: &gt; 6 tu\u1ed5i<br \/>\nModel Number: 288009<br \/>\nPh\u00e2n lo\u1ea1i: T\u1eadp h\u1ee3p<br \/>\nH\u00ecnh d\u1ea1ng kh\u1ed1i nh\u1ef1a: G\u1ea1ch t\u1ef1 kh\u00f3a<br \/>\nCh\u1ea5t li\u1ec7u: Nh\u1ef1a<br \/>\nLo\u1ea1i nh\u1ef1a: ABS<br \/>\nBricks Blocks: 2032 +<br \/>\nKh\u00f4ng c\u00f3 h\u1ed9p ban \u0111\u1ea7u<br \/>\nS\u1ea3n ph\u1ea9m kh\u00f4ng bao g\u1ed3m STICKER v\u00e0 IN IN. T\u1ea5t c\u1ea3 c\u00e1c b\u1ed9 ph\u1eadn \u0111\u00e3 in s\u1ebd \u0111\u01b0\u1ee3c thay th\u1ebf b\u1eb1ng c\u00e1c b\u1ed9 ph\u1eadn ti\u00eau chu\u1ea9n v\u00e0 kh\u00f4ng \u0103n nh\u1eadp v\u1edbi c\u00e1c ph\u1ee5 ki\u1ec7n c\u1ee7a b\u00ean th\u1ee9 3.<\/p>","protected":false},"featured_media":59686,"comment_status":"open","ping_status":"closed","template":"","meta":{"_acf_changed":false},"product_cat":[1365,581,1408],"product_tag":[8452,9302,13438,434,8335,13048,13049,13243,13047,6812],"class_list":["product","first","instock","shipping-taxable","purchasable","product-type-simple"],"acf":[],"_links":{"self":[{"href":"https:\/\/mouldking.store\/vi\/wp-json\/wp\/v2\/product\/59687","targetHints":{"allow":["GET"]}}],"collection":[{"href":"https:\/\/mouldking.store\/vi\/wp-json\/wp\/v2\/product"}],"about":[{"href":"https:\/\/mouldking.store\/vi\/wp-json\/wp\/v2\/types\/product"}],"replies":[{"embeddable":true,"href":"https:\/\/mouldking.store\/vi\/wp-json\/wp\/v2\/comments?post=59687"}],"wp:featuredmedia":[{"embeddable":true,"href":"https:\/\/mouldking.store\/vi\/wp-json\/wp\/v2\/media\/59686"}],"wp:attachment":[{"href":"https:\/\/mouldking.store\/vi\/wp-json\/wp\/v2\/media?parent=59687"}],"wp:term":[{"taxonomy":"product_cat","embeddable":true,"href":"https:\/\/mouldking.store\/vi\/wp-json\/wp\/v2\/product_cat?post=59687"},{"taxonomy":"product_tag","embeddable":true,"href":"https:\/\/mouldking.store\/vi\/wp-json\/wp\/v2\/product_tag?post=59687"}],"curies":[{"name":"wp","href":"https:\/\/api.w.org\/{rel}","templated":true}]}}