{"id":59694,"date":"2024-06-11T18:28:08","date_gmt":"2024-06-11T11:28:08","guid":{"rendered":"https:\/\/mouldking.store\/shop\/baka-33204-strawberry-ice-workshop-with-3945-pieces\/"},"modified":"2024-06-11T18:28:12","modified_gmt":"2024-06-11T11:28:12","slug":"baka-33204-strawberry-ice-workshop-with-3945-pieces","status":"publish","type":"product","link":"https:\/\/mouldking.store\/vi\/shop\/baka-33204-strawberry-ice-workshop-with-3945-pieces\/","title":{"rendered":"BAKA 33204 Strawberry Ice Workshop with 3945 Pieces"},"content":{"rendered":"<div>\u2705BAKA 33204 Strawberry Ice Workshop<\/p>\n<p>\u2705 This could be a fun and tasty activity where participants learn how to make strawberry ice cream from scratch. In such a workshop, attendees might get hands-on experience with mixing ingredients, operating ice cream machines, and experimenting with flavors and toppings. It could be a great way to enjoy a sweet treat while learning new culinary skills.&nbsp;<\/p>\n<p>\ud83d\udeab QUAN TR\u1eccNG!<\/p>\n<p>Name: Strawberry Ice Workshop<\/p>\n<p>Category: Modular Buildings<\/p>\n<p>This Kit Contains: BAKA 33204&nbsp;<\/p>\n<p>3945 pcs Good Quality Bricks<\/p>\n<p>H\u01b0\u1edbng d\u1eabn th\u1ee7 c\u00f4ng<\/p>\n<p>\ud83d\udcccB\u1ea3n ch\u1ea5t c\u1ee7a nh\u00e2n v\u1eadt ch\u00ednh<\/p>\n<p>Introducing our proud collection named \u201cStrawberry Ice Workshop\u201d you should not miss.<\/p>\n<p>&nbsp;&#8220;Strawberry Ice Workshop&#8221; could involve the art of ice sculpting, specifically focusing on creating sculptures inspired by strawberries or other fruit. Participants would learn carving techniques, handling tools, and shaping ice into intricate designs. It could be a unique and visually stunning activity suitable for artists, aspiring sculptors, or anyone interested in exploring the world of ice art.&nbsp;<\/p><\/div>","protected":false},"excerpt":{"rendered":"<p>Brand: BAKA<br \/>\nGi\u1edbi t\u00ednh: Unisex<br \/>\n\u0110\u1ed9 tu\u1ed5i: &gt; 6 tu\u1ed5i<br \/>\nModel Number: 33204<br \/>\nPh\u00e2n lo\u1ea1i: T\u1eadp h\u1ee3p<br \/>\nH\u00ecnh d\u1ea1ng kh\u1ed1i nh\u1ef1a: G\u1ea1ch t\u1ef1 kh\u00f3a<br \/>\nCh\u1ea5t li\u1ec7u: Nh\u1ef1a<br \/>\nLo\u1ea1i nh\u1ef1a: ABS<br \/>\nBricks Blocks: 3945 +<br \/>\nKh\u00f4ng c\u00f3 h\u1ed9p ban \u0111\u1ea7u<br \/>\nS\u1ea3n ph\u1ea9m kh\u00f4ng bao g\u1ed3m STICKER v\u00e0 IN IN. T\u1ea5t c\u1ea3 c\u00e1c b\u1ed9 ph\u1eadn \u0111\u00e3 in s\u1ebd \u0111\u01b0\u1ee3c thay th\u1ebf b\u1eb1ng c\u00e1c b\u1ed9 ph\u1eadn ti\u00eau chu\u1ea9n v\u00e0 kh\u00f4ng \u0103n nh\u1eadp v\u1edbi c\u00e1c ph\u1ee5 ki\u1ec7n c\u1ee7a b\u00ean th\u1ee9 3.<br \/>\nb\u00e1n tr\u01b0\u1edbc<\/p>","protected":false},"featured_media":59693,"comment_status":"open","ping_status":"closed","template":"","meta":{"_acf_changed":false},"product_cat":[1365,1395,1502,390],"product_tag":[11244,4883,8452,13439,13254,12522,5679,11707],"class_list":["product","first","instock","shipping-taxable","purchasable","product-type-simple"],"acf":[],"_links":{"self":[{"href":"https:\/\/mouldking.store\/vi\/wp-json\/wp\/v2\/product\/59694","targetHints":{"allow":["GET"]}}],"collection":[{"href":"https:\/\/mouldking.store\/vi\/wp-json\/wp\/v2\/product"}],"about":[{"href":"https:\/\/mouldking.store\/vi\/wp-json\/wp\/v2\/types\/product"}],"replies":[{"embeddable":true,"href":"https:\/\/mouldking.store\/vi\/wp-json\/wp\/v2\/comments?post=59694"}],"wp:featuredmedia":[{"embeddable":true,"href":"https:\/\/mouldking.store\/vi\/wp-json\/wp\/v2\/media\/59693"}],"wp:attachment":[{"href":"https:\/\/mouldking.store\/vi\/wp-json\/wp\/v2\/media?parent=59694"}],"wp:term":[{"taxonomy":"product_cat","embeddable":true,"href":"https:\/\/mouldking.store\/vi\/wp-json\/wp\/v2\/product_cat?post=59694"},{"taxonomy":"product_tag","embeddable":true,"href":"https:\/\/mouldking.store\/vi\/wp-json\/wp\/v2\/product_tag?post=59694"}],"curies":[{"name":"wp","href":"https:\/\/api.w.org\/{rel}","templated":true}]}}