{"id":59717,"date":"2024-06-11T18:29:57","date_gmt":"2024-06-11T11:29:57","guid":{"rendered":"https:\/\/mouldking.store\/shop\/j-arer-dme001-starry-night-with-1731-pieces\/"},"modified":"2024-06-11T18:30:55","modified_gmt":"2024-06-11T11:30:55","slug":"j-arer-dme001-starry-night-with-1731-pieces","status":"publish","type":"product","link":"https:\/\/mouldking.store\/vi\/shop\/j-arer-dme001-starry-night-with-1731-pieces\/","title":{"rendered":"J-ARER DME001 Starry Night with 1731 Pieces"},"content":{"rendered":"<div>\u2705J-ARER DME001 Starry Night<\/p>\n<p>\u2705 &#8220;Starry Night&#8221; refers to one of Vincent van Gogh&#8217;s most famous and iconic paintings, created in 1889 during his stay at the Saint-Paul-de-Mausole asylum in Saint-R\u00e9my-de-Provence, France.&nbsp;<\/p>\n<p>\ud83d\udeab QUAN TR\u1eccNG!<\/p>\n<p>Product Name: Starry Night<\/p>\n<p>Th\u1ec3 lo\u1ea1i: Phim<\/p>\n<p>This Kit Contains: J-ARER DME001<\/p>\n<p>1731 pcs Good Quality Bricks<\/p>\n<p>Size: 26 \u00d7 18 \u00d7 6 cm<\/p>\n<p>H\u01b0\u1edbng d\u1eabn th\u1ee7 c\u00f4ng<\/p>\n<p>\ud83d\udcccB\u1ea3n ch\u1ea5t c\u1ee7a nh\u00e2n v\u1eadt ch\u00ednh<\/p>\n<p>Introducing our proud collection named \u201cStarry Night\u201d you should not miss.<\/p>\n<p>&nbsp;&#8220;Starry Night&#8221; is a masterpiece of modern art that continues to fascinate and inspire viewers with its evocative imagery, emotional depth, and timeless beauty. Van Gogh&#8217;s bold use of color and expressive brushwork capture the imagination and invite contemplation of the mysteries of the universe and the human spirit.&nbsp;<\/p><\/div>","protected":false},"excerpt":{"rendered":"<p>Brand: J-ARER<br \/>\nGi\u1edbi t\u00ednh: Unisex<br \/>\n\u0110\u1ed9 tu\u1ed5i: &gt; 6 tu\u1ed5i<br \/>\nModel Number: DME001<br \/>\nPh\u00e2n lo\u1ea1i: T\u1eadp h\u1ee3p<br \/>\nH\u00ecnh d\u1ea1ng kh\u1ed1i nh\u1ef1a: G\u1ea1ch t\u1ef1 kh\u00f3a<br \/>\nCh\u1ea5t li\u1ec7u: Nh\u1ef1a<br \/>\nLo\u1ea1i nh\u1ef1a: ABS<br \/>\nBricks Blocks: 1731 +<br \/>\nKh\u00f4ng c\u00f3 h\u1ed9p ban \u0111\u1ea7u<br \/>\nS\u1ea3n ph\u1ea9m kh\u00f4ng bao g\u1ed3m STICKER v\u00e0 IN IN. T\u1ea5t c\u1ea3 c\u00e1c b\u1ed9 ph\u1eadn \u0111\u00e3 in s\u1ebd \u0111\u01b0\u1ee3c thay th\u1ebf b\u1eb1ng c\u00e1c b\u1ed9 ph\u1eadn ti\u00eau chu\u1ea9n v\u00e0 kh\u00f4ng \u0103n nh\u1eadp v\u1edbi c\u00e1c ph\u1ee5 ki\u1ec7n c\u1ee7a b\u00ean th\u1ee9 3.<\/p>","protected":false},"featured_media":59716,"comment_status":"open","ping_status":"closed","template":"","meta":{"_acf_changed":false},"product_cat":[1365,371,581,1408],"product_tag":[11072,8452,434,12938],"class_list":["product","first","instock","shipping-taxable","purchasable","product-type-simple"],"acf":[],"_links":{"self":[{"href":"https:\/\/mouldking.store\/vi\/wp-json\/wp\/v2\/product\/59717","targetHints":{"allow":["GET"]}}],"collection":[{"href":"https:\/\/mouldking.store\/vi\/wp-json\/wp\/v2\/product"}],"about":[{"href":"https:\/\/mouldking.store\/vi\/wp-json\/wp\/v2\/types\/product"}],"replies":[{"embeddable":true,"href":"https:\/\/mouldking.store\/vi\/wp-json\/wp\/v2\/comments?post=59717"}],"wp:featuredmedia":[{"embeddable":true,"href":"https:\/\/mouldking.store\/vi\/wp-json\/wp\/v2\/media\/59716"}],"wp:attachment":[{"href":"https:\/\/mouldking.store\/vi\/wp-json\/wp\/v2\/media?parent=59717"}],"wp:term":[{"taxonomy":"product_cat","embeddable":true,"href":"https:\/\/mouldking.store\/vi\/wp-json\/wp\/v2\/product_cat?post=59717"},{"taxonomy":"product_tag","embeddable":true,"href":"https:\/\/mouldking.store\/vi\/wp-json\/wp\/v2\/product_tag?post=59717"}],"curies":[{"name":"wp","href":"https:\/\/api.w.org\/{rel}","templated":true}]}}