{"id":59725,"date":"2024-06-11T18:31:18","date_gmt":"2024-06-11T11:31:18","guid":{"rendered":"https:\/\/mouldking.store\/shop\/baka-33205-shanghai-hsbc-bank-with-10423-pieces\/"},"modified":"2024-06-11T18:31:24","modified_gmt":"2024-06-11T11:31:24","slug":"baka-33205-shanghai-hsbc-bank-with-10423-pieces","status":"publish","type":"product","link":"https:\/\/mouldking.store\/vi\/shop\/baka-33205-shanghai-hsbc-bank-with-10423-pieces\/","title":{"rendered":"BAKA 33205 Shanghai HSBC Bank with 10423 Pieces"},"content":{"rendered":"<div>\u2705BAKA 33205 Shanghai HSBC Bank<\/p>\n<p>\u2705 Shanghai HSBC Bank, officially known as The Hongkong and Shanghai Banking Corporation Limited, is a subsidiary of HSBC Holdings plc, one of the world&#8217;s largest banking and financial services organizations.&nbsp;<\/p>\n<p>\ud83d\udeab QUAN TR\u1eccNG!<\/p>\n<p>Product Name: Shanghai HSBC Bank<\/p>\n<p>Category: Modular Buildings<\/p>\n<p>This Kit Contains: BAKA 33205&nbsp;<\/p>\n<p>10423 pcs Good Quality Bricks<\/p>\n<p>H\u01b0\u1edbng d\u1eabn th\u1ee7 c\u00f4ng<\/p>\n<p>\ud83d\udcccB\u1ea3n ch\u1ea5t c\u1ee7a nh\u00e2n v\u1eadt ch\u00ednh<\/p>\n<p>Introducing our proud collection named \u201cShanghai HSBC Bank\u201d you should not miss.<\/p>\n<p>HSBC traces its roots back to 1865 when it was founded in Hong Kong to facilitate trade between China, India, and Europe. The bank expanded rapidly and established branches in Shanghai in 1865, becoming one of the leading financial institutions in the region.&nbsp; Over the years, Shanghai HSBC Bank played a pivotal role in financing trade and investment in China, supporting the country&#8217;s economic development and modernization efforts. The bank continued to expand its network of branches and services to meet the growing needs of customers in Shanghai and across China.&nbsp;<\/p><\/div>","protected":false},"excerpt":{"rendered":"<p>Brand: BAKA<br \/>\nGi\u1edbi t\u00ednh: Unisex<br \/>\n\u0110\u1ed9 tu\u1ed5i: &gt; 6 tu\u1ed5i<br \/>\nModel Number: 33205<br \/>\nPh\u00e2n lo\u1ea1i: T\u1eadp h\u1ee3p<br \/>\nH\u00ecnh d\u1ea1ng kh\u1ed1i nh\u1ef1a: G\u1ea1ch t\u1ef1 kh\u00f3a<br \/>\nCh\u1ea5t li\u1ec7u: Nh\u1ef1a<br \/>\nLo\u1ea1i nh\u1ef1a: ABS<br \/>\nBricks Blocks: 10423 +<br \/>\nKh\u00f4ng c\u00f3 h\u1ed9p ban \u0111\u1ea7u<br \/>\nS\u1ea3n ph\u1ea9m kh\u00f4ng bao g\u1ed3m STICKER v\u00e0 IN IN. T\u1ea5t c\u1ea3 c\u00e1c b\u1ed9 ph\u1eadn \u0111\u00e3 in s\u1ebd \u0111\u01b0\u1ee3c thay th\u1ebf b\u1eb1ng c\u00e1c b\u1ed9 ph\u1eadn ti\u00eau chu\u1ea9n v\u00e0 kh\u00f4ng \u0103n nh\u1eadp v\u1edbi c\u00e1c ph\u1ee5 ki\u1ec7n c\u1ee7a b\u00ean th\u1ee9 3.<\/p>","protected":false},"featured_media":59724,"comment_status":"open","ping_status":"closed","template":"","meta":{"_acf_changed":false},"product_cat":[1395,1502,390],"product_tag":[10041,13446,11244,4883,13445,12522,5679,392,11126],"class_list":["product","first","instock","shipping-taxable","purchasable","product-type-simple"],"acf":[],"_links":{"self":[{"href":"https:\/\/mouldking.store\/vi\/wp-json\/wp\/v2\/product\/59725","targetHints":{"allow":["GET"]}}],"collection":[{"href":"https:\/\/mouldking.store\/vi\/wp-json\/wp\/v2\/product"}],"about":[{"href":"https:\/\/mouldking.store\/vi\/wp-json\/wp\/v2\/types\/product"}],"replies":[{"embeddable":true,"href":"https:\/\/mouldking.store\/vi\/wp-json\/wp\/v2\/comments?post=59725"}],"wp:featuredmedia":[{"embeddable":true,"href":"https:\/\/mouldking.store\/vi\/wp-json\/wp\/v2\/media\/59724"}],"wp:attachment":[{"href":"https:\/\/mouldking.store\/vi\/wp-json\/wp\/v2\/media?parent=59725"}],"wp:term":[{"taxonomy":"product_cat","embeddable":true,"href":"https:\/\/mouldking.store\/vi\/wp-json\/wp\/v2\/product_cat?post=59725"},{"taxonomy":"product_tag","embeddable":true,"href":"https:\/\/mouldking.store\/vi\/wp-json\/wp\/v2\/product_tag?post=59725"}],"curies":[{"name":"wp","href":"https:\/\/api.w.org\/{rel}","templated":true}]}}