{"id":59736,"date":"2024-06-11T18:31:51","date_gmt":"2024-06-11T11:31:51","guid":{"rendered":"https:\/\/mouldking.store\/shop\/baka-33210-halloween-psalm-castle-with-8510-pieces\/"},"modified":"2024-06-11T18:31:54","modified_gmt":"2024-06-11T11:31:54","slug":"baka-33210-halloween-psalm-castle-with-8510-pieces","status":"publish","type":"product","link":"https:\/\/mouldking.store\/vi\/shop\/baka-33210-halloween-psalm-castle-with-8510-pieces\/","title":{"rendered":"BAKA 33210 Halloween Psalm Castle with 8510 Pieces"},"content":{"rendered":"<div>\u2705BAKA 33210 Halloween Psalm Castle<\/p>\n<p>\u2705 The centerpiece of the Halloween Psalm Castle is, of course, the castle itself\u2014an ancient and imposing structure perched atop a mist-shrouded hill. The castle&#8217;s dark stone walls, looming towers, and gothic architecture create an atmosphere of eerie grandeur.&nbsp;<\/p>\n<p>\ud83d\udeab QUAN TR\u1eccNG!<\/p>\n<p>Product Name: Halloween Psalm Castle<\/p>\n<p>Category: Modular Buildings<\/p>\n<p>This Kit Contains: BAKA 33210&nbsp;<\/p>\n<p>8510 pcs Good Quality Bricks<\/p>\n<p>H\u01b0\u1edbng d\u1eabn th\u1ee7 c\u00f4ng<\/p>\n<p>\ud83d\udcccB\u1ea3n ch\u1ea5t c\u1ee7a nh\u00e2n v\u1eadt ch\u00ednh<\/p>\n<p>Introducing our proud collection named \u201cHalloween Psalm Castle\u201d you should not miss.<\/p>\n<p>&nbsp;Halloween Psalm Castle is a place where the magic of Halloween meets the allure of ancient castles and the mysteries of the supernatural. It is a place of celebration, enchantment, and adventure, where visitors can immerse themselves in the spirit of the season while exploring the dark and haunted corridors of a castle steeped in history and legend.&nbsp;<\/p><\/div>","protected":false},"excerpt":{"rendered":"<p>Brand: BAKA<br \/>\nGi\u1edbi t\u00ednh: Unisex<br \/>\n\u0110\u1ed9 tu\u1ed5i: &gt; 6 tu\u1ed5i<br \/>\nModel Number: 33210<br \/>\nPh\u00e2n lo\u1ea1i: T\u1eadp h\u1ee3p<br \/>\nH\u00ecnh d\u1ea1ng kh\u1ed1i nh\u1ef1a: G\u1ea1ch t\u1ef1 kh\u00f3a<br \/>\nCh\u1ea5t li\u1ec7u: Nh\u1ef1a<br \/>\nLo\u1ea1i nh\u1ef1a: ABS<br \/>\nBricks Blocks: 8510 +<br \/>\nKh\u00f4ng c\u00f3 h\u1ed9p ban \u0111\u1ea7u<br \/>\nS\u1ea3n ph\u1ea9m kh\u00f4ng bao g\u1ed3m STICKER v\u00e0 IN IN. T\u1ea5t c\u1ea3 c\u00e1c b\u1ed9 ph\u1eadn \u0111\u00e3 in s\u1ebd \u0111\u01b0\u1ee3c thay th\u1ebf b\u1eb1ng c\u00e1c b\u1ed9 ph\u1eadn ti\u00eau chu\u1ea9n v\u00e0 kh\u00f4ng \u0103n nh\u1eadp v\u1edbi c\u00e1c ph\u1ee5 ki\u1ec7n c\u1ee7a b\u00ean th\u1ee9 3.<\/p>","protected":false},"featured_media":59735,"comment_status":"open","ping_status":"closed","template":"","meta":{"_acf_changed":false},"product_cat":[1365,1395,390],"product_tag":[11244,787,8452,2859,12522,5679,392,13447],"class_list":["product","first","instock","shipping-taxable","purchasable","product-type-simple"],"acf":[],"_links":{"self":[{"href":"https:\/\/mouldking.store\/vi\/wp-json\/wp\/v2\/product\/59736","targetHints":{"allow":["GET"]}}],"collection":[{"href":"https:\/\/mouldking.store\/vi\/wp-json\/wp\/v2\/product"}],"about":[{"href":"https:\/\/mouldking.store\/vi\/wp-json\/wp\/v2\/types\/product"}],"replies":[{"embeddable":true,"href":"https:\/\/mouldking.store\/vi\/wp-json\/wp\/v2\/comments?post=59736"}],"wp:featuredmedia":[{"embeddable":true,"href":"https:\/\/mouldking.store\/vi\/wp-json\/wp\/v2\/media\/59735"}],"wp:attachment":[{"href":"https:\/\/mouldking.store\/vi\/wp-json\/wp\/v2\/media?parent=59736"}],"wp:term":[{"taxonomy":"product_cat","embeddable":true,"href":"https:\/\/mouldking.store\/vi\/wp-json\/wp\/v2\/product_cat?post=59736"},{"taxonomy":"product_tag","embeddable":true,"href":"https:\/\/mouldking.store\/vi\/wp-json\/wp\/v2\/product_tag?post=59736"}],"curies":[{"name":"wp","href":"https:\/\/api.w.org\/{rel}","templated":true}]}}