{"id":59739,"date":"2024-06-11T18:32:08","date_gmt":"2024-06-11T11:32:08","guid":{"rendered":"https:\/\/mouldking.store\/shop\/j-arer-dmd001-balloon-house-with-1249-pieces\/"},"modified":"2024-06-11T18:32:20","modified_gmt":"2024-06-11T11:32:20","slug":"j-arer-dmd001-balloon-house-with-1249-pieces","status":"publish","type":"product","link":"https:\/\/mouldking.store\/vi\/shop\/j-arer-dmd001-balloon-house-with-1249-pieces\/","title":{"rendered":"J-ARER DMD001 Balloon House with 1249 Pieces"},"content":{"rendered":"<div>\u2705J-ARER DMD001 Balloon House<\/p>\n<p>\u2705 The &#8220;Balloon House&#8221; conjures up a whimsical image of a structure lifted into the air by a cluster of colorful balloons, reminiscent of the iconic house from the animated movie &#8220;Up.&#8221;&nbsp;<\/p>\n<p>\ud83d\udeab QUAN TR\u1eccNG!<\/p>\n<p>Product Name: Balloon House<\/p>\n<p>Th\u1ec3 lo\u1ea1i: Phim&nbsp;<\/p>\n<p>This Kit Contains: J-ARER DMD001<\/p>\n<p>1249 pcs Good Quality Bricks<\/p>\n<p>Size: 12.8 \u00d7 12.8 \u00d7 21 cm<\/p>\n<p>H\u01b0\u1edbng d\u1eabn th\u1ee7 c\u00f4ng<\/p>\n<p>\ud83d\udcccB\u1ea3n ch\u1ea5t c\u1ee7a nh\u00e2n v\u1eadt ch\u00ednh<\/p>\n<p>Introducing our proud collection named \u201cBalloon House\u201d you should not miss.<\/p>\n<p>&nbsp;The Balloon House features a charming exterior designed to resemble a traditional house, complete with walls, windows, a roof, and a front door. However, instead of being anchored to the ground, the house is suspended in the air by a cluster of large, brightly colored balloons. &nbsp; The balloons that lift the house skyward come in a variety of shapes, sizes, and colors, adding to the whimsical and eye-catching nature of the structure. Each balloon is securely tethered to the house to ensure stability and safety.&nbsp;<\/p><\/div>","protected":false},"excerpt":{"rendered":"<p>Brand: J-ARER<br \/>\nGi\u1edbi t\u00ednh: Unisex<br \/>\n\u0110\u1ed9 tu\u1ed5i: &gt; 6 tu\u1ed5i<br \/>\nModel Number: DMD001<br \/>\nPh\u00e2n lo\u1ea1i: T\u1eadp h\u1ee3p<br \/>\nH\u00ecnh d\u1ea1ng kh\u1ed1i nh\u1ef1a: G\u1ea1ch t\u1ef1 kh\u00f3a<br \/>\nCh\u1ea5t li\u1ec7u: Nh\u1ef1a<br \/>\nLo\u1ea1i nh\u1ef1a: ABS<br \/>\nBricks Blocks: 1249 +<br \/>\nKh\u00f4ng c\u00f3 h\u1ed9p ban \u0111\u1ea7u<br \/>\nS\u1ea3n ph\u1ea9m kh\u00f4ng bao g\u1ed3m STICKER v\u00e0 IN IN. T\u1ea5t c\u1ea3 c\u00e1c b\u1ed9 ph\u1eadn \u0111\u00e3 in s\u1ebd \u0111\u01b0\u1ee3c thay th\u1ebf b\u1eb1ng c\u00e1c b\u1ed9 ph\u1eadn ti\u00eau chu\u1ea9n v\u00e0 kh\u00f4ng \u0103n nh\u1eadp v\u1edbi c\u00e1c ph\u1ee5 ki\u1ec7n c\u1ee7a b\u00ean th\u1ee9 3.<\/p>","protected":false},"featured_media":59738,"comment_status":"open","ping_status":"closed","template":"","meta":{"_acf_changed":false},"product_cat":[1365,371,581,1408],"product_tag":[12348,13124,11072,8452,2318,434],"class_list":["product","first","instock","shipping-taxable","purchasable","product-type-simple"],"acf":[],"_links":{"self":[{"href":"https:\/\/mouldking.store\/vi\/wp-json\/wp\/v2\/product\/59739","targetHints":{"allow":["GET"]}}],"collection":[{"href":"https:\/\/mouldking.store\/vi\/wp-json\/wp\/v2\/product"}],"about":[{"href":"https:\/\/mouldking.store\/vi\/wp-json\/wp\/v2\/types\/product"}],"replies":[{"embeddable":true,"href":"https:\/\/mouldking.store\/vi\/wp-json\/wp\/v2\/comments?post=59739"}],"wp:featuredmedia":[{"embeddable":true,"href":"https:\/\/mouldking.store\/vi\/wp-json\/wp\/v2\/media\/59738"}],"wp:attachment":[{"href":"https:\/\/mouldking.store\/vi\/wp-json\/wp\/v2\/media?parent=59739"}],"wp:term":[{"taxonomy":"product_cat","embeddable":true,"href":"https:\/\/mouldking.store\/vi\/wp-json\/wp\/v2\/product_cat?post=59739"},{"taxonomy":"product_tag","embeddable":true,"href":"https:\/\/mouldking.store\/vi\/wp-json\/wp\/v2\/product_tag?post=59739"}],"curies":[{"name":"wp","href":"https:\/\/api.w.org\/{rel}","templated":true}]}}