{"id":59746,"date":"2024-06-11T18:32:48","date_gmt":"2024-06-11T11:32:48","guid":{"rendered":"https:\/\/mouldking.store\/shop\/j-arer-dmc002-soup-house-with-4208-pieces\/"},"modified":"2024-06-11T18:33:04","modified_gmt":"2024-06-11T11:33:04","slug":"j-arer-dmc002-soup-house-with-4208-pieces","status":"publish","type":"product","link":"https:\/\/mouldking.store\/vi\/shop\/j-arer-dmc002-soup-house-with-4208-pieces\/","title":{"rendered":"J-ARER DMC002 Soup House with 4208 Pieces"},"content":{"rendered":"<div>\u2705J-ARER DMC002 Soup House<\/p>\n<p>\u2705 The Soup House offers a comforting and nourishing dining experience centered around the timeless appeal of soup. With its welcoming atmosphere, diverse menu, and commitment to quality and sustainability, the Soup House invites guests to savor the simple pleasure of a delicious bowl of soup shared among friends and family.&nbsp;<\/p>\n<p>\ud83d\udeab QUAN TR\u1eccNG!<\/p>\n<p>Product Name: Soup House<\/p>\n<p>Th\u1ec3 lo\u1ea1i: Phim&nbsp;<\/p>\n<p>This Kit Contains: J-ARER DMC002<\/p>\n<p>4208 pcs Good Quality Bricks<\/p>\n<p>Size: 18 \u00d7 26 \u00d7 33 cm<\/p><\/div>\n<div>H\u01b0\u1edbng d\u1eabn th\u1ee7 c\u00f4ng<\/p>\n<p>\ud83d\udcccB\u1ea3n ch\u1ea5t c\u1ee7a nh\u00e2n v\u1eadt ch\u00ednh<\/p>\n<p>Introducing our proud collection named \u201cSoup House\u201d you should not miss.<\/p>\n<p>&nbsp;Yubaba&#8217;s Hot Spring is nestled deep within a lush and secluded forest, accessible only by winding paths and hidden trails. The tranquil surroundings evoke a sense of serenity and enchantment, offering guests an escape from the hustle and bustle of the outside world. &nbsp; The hot spring is surrounded by breathtaking natural beauty, with towering trees, cascading waterfalls, and fragrant flowers creating a picturesque backdrop for relaxation and rejuvenation. The sound of birdsong and flowing water adds to the soothing ambiance of the retreat.&nbsp;<\/p><\/div>","protected":false},"excerpt":{"rendered":"<p>Brand: J-ARER<br \/>\nGi\u1edbi t\u00ednh: Unisex<br \/>\n\u0110\u1ed9 tu\u1ed5i: &gt; 6 tu\u1ed5i<br \/>\nModel Number: DMC002<br \/>\nPh\u00e2n lo\u1ea1i: T\u1eadp h\u1ee3p<br \/>\nH\u00ecnh d\u1ea1ng kh\u1ed1i nh\u1ef1a: G\u1ea1ch t\u1ef1 kh\u00f3a<br \/>\nCh\u1ea5t li\u1ec7u: Nh\u1ef1a<br \/>\nLo\u1ea1i nh\u1ef1a: ABS<br \/>\nBricks Blocks: 4208 +<br \/>\nKh\u00f4ng c\u00f3 h\u1ed9p ban \u0111\u1ea7u<br \/>\nS\u1ea3n ph\u1ea9m kh\u00f4ng bao g\u1ed3m STICKER v\u00e0 IN IN. T\u1ea5t c\u1ea3 c\u00e1c b\u1ed9 ph\u1eadn \u0111\u00e3 in s\u1ebd \u0111\u01b0\u1ee3c thay th\u1ebf b\u1eb1ng c\u00e1c b\u1ed9 ph\u1eadn ti\u00eau chu\u1ea9n v\u00e0 kh\u00f4ng \u0103n nh\u1eadp v\u1edbi c\u00e1c ph\u1ee5 ki\u1ec7n c\u1ee7a b\u00ean th\u1ee9 3.<\/p>","protected":false},"featured_media":59745,"comment_status":"open","ping_status":"closed","template":"","meta":{"_acf_changed":false},"product_cat":[1395,1502,390],"product_tag":[4883,13448,2318,392],"class_list":["product","first","instock","shipping-taxable","purchasable","product-type-simple"],"acf":[],"_links":{"self":[{"href":"https:\/\/mouldking.store\/vi\/wp-json\/wp\/v2\/product\/59746","targetHints":{"allow":["GET"]}}],"collection":[{"href":"https:\/\/mouldking.store\/vi\/wp-json\/wp\/v2\/product"}],"about":[{"href":"https:\/\/mouldking.store\/vi\/wp-json\/wp\/v2\/types\/product"}],"replies":[{"embeddable":true,"href":"https:\/\/mouldking.store\/vi\/wp-json\/wp\/v2\/comments?post=59746"}],"wp:featuredmedia":[{"embeddable":true,"href":"https:\/\/mouldking.store\/vi\/wp-json\/wp\/v2\/media\/59745"}],"wp:attachment":[{"href":"https:\/\/mouldking.store\/vi\/wp-json\/wp\/v2\/media?parent=59746"}],"wp:term":[{"taxonomy":"product_cat","embeddable":true,"href":"https:\/\/mouldking.store\/vi\/wp-json\/wp\/v2\/product_cat?post=59746"},{"taxonomy":"product_tag","embeddable":true,"href":"https:\/\/mouldking.store\/vi\/wp-json\/wp\/v2\/product_tag?post=59746"}],"curies":[{"name":"wp","href":"https:\/\/api.w.org\/{rel}","templated":true}]}}