{"id":59754,"date":"2024-06-11T18:33:43","date_gmt":"2024-06-11T11:33:43","guid":{"rendered":"https:\/\/mouldking.store\/shop\/baka-33233-cathedral-of-santa-maria-del-fiore-with-6800-pieces\/"},"modified":"2024-06-11T18:33:46","modified_gmt":"2024-06-11T11:33:46","slug":"baka-33233-cathedral-of-santa-maria-del-fiore-with-6800-pieces","status":"publish","type":"product","link":"https:\/\/mouldking.store\/vi\/shop\/baka-33233-cathedral-of-santa-maria-del-fiore-with-6800-pieces\/","title":{"rendered":"BAKA 33233 Cathedral of Santa Maria del Fiore with 6800 Pieces"},"content":{"rendered":"<div>\u2705BAKA 33233 Cathedral of Santa Maria del Fiore<\/p>\n<p>\u2705 The Cathedral of Santa Maria del Fiore, also known as the Duomo, is a magnificent architectural masterpiece located in the heart of Florence, Italy.&nbsp; Construction of the Cathedral of Santa Maria del Fiore began in 1296, following a design by Arnolfo di Cambio. The cathedral&#8217;s construction spanned centuries, with various architects and artists contributing to its design and decoration.&nbsp;<\/p>\n<p>\ud83d\udeab QUAN TR\u1eccNG!<\/p>\n<p>Product Name: Cathedral of Santa Maria del Fiore<\/p>\n<p>Category: Modular Buildings<\/p>\n<p>This Kit Contains: BAKA 33233<\/p>\n<p>6800&nbsp; pcs Good Quality Bricks<\/p>\n<p>H\u01b0\u1edbng d\u1eabn th\u1ee7 c\u00f4ng<\/p>\n<p>\ud83d\udcccB\u1ea3n ch\u1ea5t c\u1ee7a nh\u00e2n v\u1eadt ch\u00ednh<\/p>\n<p>Introducing our proud collection named \u201cCathedral of Santa Maria del Fiore\u201d you should not miss.<\/p>\n<p>&nbsp;The Cathedral of Santa Maria del Fiore, with its magnificent dome, elaborate facade, and rich artistic decoration, stands as a testament to Florence&#8217;s cultural and architectural heritage. It is a symbol of the city&#8217;s Renaissance splendor and religious devotion, attracting visitors from around the world to marvel at its beauty and craftsmanship.&nbsp;<\/p><\/div>","protected":false},"excerpt":{"rendered":"<p>Brand: BAKA<br \/>\nGi\u1edbi t\u00ednh: Unisex<br \/>\n\u0110\u1ed9 tu\u1ed5i: &gt; 6 tu\u1ed5i<br \/>\nModel Number: 33233<br \/>\nPh\u00e2n lo\u1ea1i: T\u1eadp h\u1ee3p<br \/>\nH\u00ecnh d\u1ea1ng kh\u1ed1i nh\u1ef1a: G\u1ea1ch t\u1ef1 kh\u00f3a<br \/>\nCh\u1ea5t li\u1ec7u: Nh\u1ef1a<br \/>\nLo\u1ea1i nh\u1ef1a: ABS<br \/>\nBricks Blocks: 6800 +<br \/>\nKh\u00f4ng c\u00f3 h\u1ed9p ban \u0111\u1ea7u<br \/>\nS\u1ea3n ph\u1ea9m kh\u00f4ng bao g\u1ed3m STICKER v\u00e0 IN IN. T\u1ea5t c\u1ea3 c\u00e1c b\u1ed9 ph\u1eadn \u0111\u00e3 in s\u1ebd \u0111\u01b0\u1ee3c thay th\u1ebf b\u1eb1ng c\u00e1c b\u1ed9 ph\u1eadn ti\u00eau chu\u1ea9n v\u00e0 kh\u00f4ng \u0103n nh\u1eadp v\u1edbi c\u00e1c ph\u1ee5 ki\u1ec7n c\u1ee7a b\u00ean th\u1ee9 3.<\/p>","protected":false},"featured_media":59753,"comment_status":"open","ping_status":"closed","template":"","meta":{"_acf_changed":false},"product_cat":[1395,1502,390],"product_tag":[11244,4883,11669,12522,5679,392,2727,13449],"class_list":["product","first","instock","shipping-taxable","purchasable","product-type-simple"],"acf":[],"_links":{"self":[{"href":"https:\/\/mouldking.store\/vi\/wp-json\/wp\/v2\/product\/59754","targetHints":{"allow":["GET"]}}],"collection":[{"href":"https:\/\/mouldking.store\/vi\/wp-json\/wp\/v2\/product"}],"about":[{"href":"https:\/\/mouldking.store\/vi\/wp-json\/wp\/v2\/types\/product"}],"replies":[{"embeddable":true,"href":"https:\/\/mouldking.store\/vi\/wp-json\/wp\/v2\/comments?post=59754"}],"wp:featuredmedia":[{"embeddable":true,"href":"https:\/\/mouldking.store\/vi\/wp-json\/wp\/v2\/media\/59753"}],"wp:attachment":[{"href":"https:\/\/mouldking.store\/vi\/wp-json\/wp\/v2\/media?parent=59754"}],"wp:term":[{"taxonomy":"product_cat","embeddable":true,"href":"https:\/\/mouldking.store\/vi\/wp-json\/wp\/v2\/product_cat?post=59754"},{"taxonomy":"product_tag","embeddable":true,"href":"https:\/\/mouldking.store\/vi\/wp-json\/wp\/v2\/product_tag?post=59754"}],"curies":[{"name":"wp","href":"https:\/\/api.w.org\/{rel}","templated":true}]}}