{"id":59772,"date":"2024-06-14T17:49:11","date_gmt":"2024-06-14T10:49:11","guid":{"rendered":"https:\/\/mouldking.store\/shop\/moc-factory-125143-little-shop-of-horrors-mushniks-shop-diorama-audrey-ii-seymour-audrey-orin-mr-mushnik-with-994-pieces\/"},"modified":"2025-12-16T20:59:05","modified_gmt":"2025-12-16T13:59:05","slug":"moc-factory-125143-little-shop-of-horrors-mushniks-shop-diorama-audrey-ii-seymour-audrey-orin-mr-mushnik-with-994-pieces","status":"publish","type":"product","link":"https:\/\/mouldking.store\/vi\/shop\/moc-factory-125143-little-shop-of-horrors-mushniks-shop-diorama-audrey-ii-seymour-audrey-orin-mr-mushnik-with-994-pieces\/","title":{"rendered":"MOC Factory 125143 Little Shop Of Horrors Mushnik&#8217;s Shop Diorama Audrey II Seymour Audrey Orin Mr Mushnik with 994 Pieces"},"content":{"rendered":"<div>\u2705 MOC-125143 Little Shop Of Horrors Mushnik&#8217;s Shop Diorama Audrey II Seymour Audrey Orin Mr Mushnik<\/p>\n<p>\u2705 Creating a diorama of Mushnik&#8217;s Shop from &#8220;Little Shop of Horrors&#8221; is a fantastic and creative project that involves a series of meticulous steps to bring the iconic scene to life.&nbsp;<\/p>\n<p>\ud83d\udeab QUAN TR\u1eccNG!<\/p>\n<p>Product Name: Little Shop Of Horrors Mushnik&#8217;s Shop Diorama Audrey II Seymour Audrey Orin Mr Mushnik<\/p>\n<p>Th\u1ec3 lo\u1ea1i: Phim<\/p>\n<p>This Kit Contains: C10022<\/p>\n<p>994&nbsp; pcs Good Quality Bricks<\/p>\n<p>Size: 19 x 19 x 15 cm<\/p>\n<p>Weight: 0.753 kg<\/p>\n<p>H\u01b0\u1edbng d\u1eabn PDF<\/p>\n<p>\ud83d\udcccB\u1ea3n ch\u1ea5t c\u1ee7a nh\u00e2n v\u1eadt ch\u00ednh<\/p>\n<p>Introducing our proud collection named \u201cLittle Shop Of Horrors Mushnik&#8217;s Shop Diorama Audrey II Seymour Audrey Orin Mr Mushnik\u201d you should not miss.<\/p>\n<p>&nbsp;Begin by sketching the layout of the shop, deciding where each element and character will be placed. Construct the shop&#8217;s structure using cardboard or foam board, painting the walls and floor to replicate the shop&#8217;s appearance from the musical or movie.&nbsp;<\/p><\/div>","protected":false},"excerpt":{"rendered":"<p>Th\u01b0\u01a1ng hi\u1ec7u: Nh\u00e0 m\u00e1y M\u1ed8C<br \/>\nGi\u1edbi t\u00ednh: Unisex<br \/>\n\u0110\u1ed9 tu\u1ed5i: &gt; 6 tu\u1ed5i<br \/>\nModel Number: 125143<br \/>\nPh\u00e2n lo\u1ea1i: T\u1eadp h\u1ee3p<br \/>\nH\u00ecnh d\u1ea1ng kh\u1ed1i nh\u1ef1a: G\u1ea1ch t\u1ef1 kh\u00f3a<br \/>\nCh\u1ea5t li\u1ec7u: Nh\u1ef1a<br \/>\nLo\u1ea1i nh\u1ef1a: ABS<br \/>\nBricks Blocks: 994 +<br \/>\nKh\u00f4ng c\u00f3 h\u1ed9p ban \u0111\u1ea7u<br \/>\nS\u1ea3n ph\u1ea9m kh\u00f4ng bao g\u1ed3m STICKER v\u00e0 IN IN. T\u1ea5t c\u1ea3 c\u00e1c b\u1ed9 ph\u1eadn \u0111\u00e3 in s\u1ebd \u0111\u01b0\u1ee3c thay th\u1ebf b\u1eb1ng c\u00e1c b\u1ed9 ph\u1eadn ti\u00eau chu\u1ea9n v\u00e0 kh\u00f4ng \u0103n nh\u1eadp v\u1edbi c\u00e1c ph\u1ee5 ki\u1ec7n c\u1ee7a b\u00ean th\u1ee9 3.<\/p>","protected":false},"featured_media":59771,"comment_status":"open","ping_status":"closed","template":"","meta":{"_acf_changed":false},"product_cat":[1365,371,581,1408],"product_tag":[13452,11072,8452,8784,434,13451,13454,13453,1711],"class_list":["product","first","instock","shipping-taxable","purchasable","product-type-simple"],"acf":[],"_links":{"self":[{"href":"https:\/\/mouldking.store\/vi\/wp-json\/wp\/v2\/product\/59772","targetHints":{"allow":["GET"]}}],"collection":[{"href":"https:\/\/mouldking.store\/vi\/wp-json\/wp\/v2\/product"}],"about":[{"href":"https:\/\/mouldking.store\/vi\/wp-json\/wp\/v2\/types\/product"}],"replies":[{"embeddable":true,"href":"https:\/\/mouldking.store\/vi\/wp-json\/wp\/v2\/comments?post=59772"}],"wp:featuredmedia":[{"embeddable":true,"href":"https:\/\/mouldking.store\/vi\/wp-json\/wp\/v2\/media\/59771"}],"wp:attachment":[{"href":"https:\/\/mouldking.store\/vi\/wp-json\/wp\/v2\/media?parent=59772"}],"wp:term":[{"taxonomy":"product_cat","embeddable":true,"href":"https:\/\/mouldking.store\/vi\/wp-json\/wp\/v2\/product_cat?post=59772"},{"taxonomy":"product_tag","embeddable":true,"href":"https:\/\/mouldking.store\/vi\/wp-json\/wp\/v2\/product_tag?post=59772"}],"curies":[{"name":"wp","href":"https:\/\/api.w.org\/{rel}","templated":true}]}}