{"id":59784,"date":"2024-06-14T17:49:46","date_gmt":"2024-06-14T10:49:46","guid":{"rendered":"https:\/\/mouldking.store\/shop\/moc-factory-148423-alien-movies-xenomorph-with-665-pieces\/"},"modified":"2025-12-16T20:59:05","modified_gmt":"2025-12-16T13:59:05","slug":"moc-factory-148423-alien-movies-xenomorph-with-665-pieces","status":"publish","type":"product","link":"https:\/\/mouldking.store\/vi\/shop\/moc-factory-148423-alien-movies-xenomorph-with-665-pieces\/","title":{"rendered":"MOC Factory 148423 Alien Movies Xenomorph with 665 Pieces"},"content":{"rendered":"<div>\u2705 MOC-148423 Alien Movies Xenomorph<\/p>\n<p>\u2705 The Xenomorph, a central creature in the &#8220;Alien&#8221; franchise, is one of the most iconic and terrifying monsters in science fiction and horror cinema.&nbsp; The Xenomorph, also known as the Alien, was created by Swiss artist H.R. Giger. The creature&#8217;s design, known for its biomechanical aesthetic, combines elements of organic and mechanical features, creating a nightmarish and otherworldly appearance. The Xenomorph made its first appearance in Ridley Scott&#8217;s 1979 film &#8220;Alien,&#8221; and has since become a staple of the franchise.&nbsp;<\/p>\n<p>\ud83d\udeab QUAN TR\u1eccNG!<\/p>\n<p>Product Name: Alien Movies Xenomorph<\/p>\n<p>Th\u1ec3 lo\u1ea1i: Phim<\/p>\n<p>This Kit Contains: C10036<\/p>\n<p>665 pcs Good Quality Bricks<\/p>\n<p>Size: 24 x 20 x 24 cm<\/p>\n<p>H\u01b0\u1edbng d\u1eabn PDF<\/p>\n<p>\ud83d\udcccB\u1ea3n ch\u1ea5t c\u1ee7a nh\u00e2n v\u1eadt ch\u00ednh<\/p>\n<p>Introducing our proud collection named \u201cAlien Movies Xenomorph\u201d you should not miss.<\/p>\n<p>The Xenomorph has become an enduring symbol of the &#8220;Alien&#8221; franchise and has influenced countless other works of science fiction and horror. Its terrifying design and relentless nature have made it one of the most memorable monsters in film history.<\/p><\/div>\n<div>In conclusion, the Xenomorph is a masterfully crafted creature that combines elements of horror and science fiction. Its distinctive design, complex life cycle, and role in the &#8220;Alien&#8221; franchise have cemented its place as one of the most iconic movie monsters of all time.<\/div>","protected":false},"excerpt":{"rendered":"<p>Th\u01b0\u01a1ng hi\u1ec7u: Nh\u00e0 m\u00e1y M\u1ed8C<br \/>\nGi\u1edbi t\u00ednh: Unisex<br \/>\n\u0110\u1ed9 tu\u1ed5i: &gt; 6 tu\u1ed5i<br \/>\nModel Number: 148423<br \/>\nPh\u00e2n lo\u1ea1i: T\u1eadp h\u1ee3p<br \/>\nH\u00ecnh d\u1ea1ng kh\u1ed1i nh\u1ef1a: G\u1ea1ch t\u1ef1 kh\u00f3a<br \/>\nCh\u1ea5t li\u1ec7u: Nh\u1ef1a<br \/>\nLo\u1ea1i nh\u1ef1a: ABS<br \/>\nBricks Blocks: 665 +<br \/>\nKh\u00f4ng c\u00f3 h\u1ed9p ban \u0111\u1ea7u<br \/>\nS\u1ea3n ph\u1ea9m kh\u00f4ng bao g\u1ed3m STICKER v\u00e0 IN IN. T\u1ea5t c\u1ea3 c\u00e1c b\u1ed9 ph\u1eadn \u0111\u00e3 in s\u1ebd \u0111\u01b0\u1ee3c thay th\u1ebf b\u1eb1ng c\u00e1c b\u1ed9 ph\u1eadn ti\u00eau chu\u1ea9n v\u00e0 kh\u00f4ng \u0103n nh\u1eadp v\u1edbi c\u00e1c ph\u1ee5 ki\u1ec7n c\u1ee7a b\u00ean th\u1ee9 3.<\/p>","protected":false},"featured_media":59783,"comment_status":"open","ping_status":"closed","template":"","meta":{"_acf_changed":false},"product_cat":[1365,371,581,1408],"product_tag":[6866,11072,8452,434,13457],"class_list":["product","first","instock","shipping-taxable","purchasable","product-type-simple"],"acf":[],"_links":{"self":[{"href":"https:\/\/mouldking.store\/vi\/wp-json\/wp\/v2\/product\/59784","targetHints":{"allow":["GET"]}}],"collection":[{"href":"https:\/\/mouldking.store\/vi\/wp-json\/wp\/v2\/product"}],"about":[{"href":"https:\/\/mouldking.store\/vi\/wp-json\/wp\/v2\/types\/product"}],"replies":[{"embeddable":true,"href":"https:\/\/mouldking.store\/vi\/wp-json\/wp\/v2\/comments?post=59784"}],"wp:featuredmedia":[{"embeddable":true,"href":"https:\/\/mouldking.store\/vi\/wp-json\/wp\/v2\/media\/59783"}],"wp:attachment":[{"href":"https:\/\/mouldking.store\/vi\/wp-json\/wp\/v2\/media?parent=59784"}],"wp:term":[{"taxonomy":"product_cat","embeddable":true,"href":"https:\/\/mouldking.store\/vi\/wp-json\/wp\/v2\/product_cat?post=59784"},{"taxonomy":"product_tag","embeddable":true,"href":"https:\/\/mouldking.store\/vi\/wp-json\/wp\/v2\/product_tag?post=59784"}],"curies":[{"name":"wp","href":"https:\/\/api.w.org\/{rel}","templated":true}]}}