{"id":59793,"date":"2024-06-14T17:50:42","date_gmt":"2024-06-14T10:50:42","guid":{"rendered":"https:\/\/mouldking.store\/shop\/moc-factory-110302-firefly-serenity-with-2815-pieces\/"},"modified":"2025-12-16T20:59:05","modified_gmt":"2025-12-16T13:59:05","slug":"moc-factory-110302-firefly-serenity-with-2815-pieces","status":"publish","type":"product","link":"https:\/\/mouldking.store\/vi\/shop\/moc-factory-110302-firefly-serenity-with-2815-pieces\/","title":{"rendered":"MOC Factory 110302 Firefly Serenity with 2815 Pieces"},"content":{"rendered":"<div>\u2705 MOC-110302 Firefly Serenity<\/p>\n<p>\u2705 &#8220;Firefly&#8221; is a beloved science fiction television series created by Joss Whedon. It first aired in 2002 and has since gained a dedicated fanbase despite its short run. The series is set in a future where humanity has colonized a new star system, and it follows the adventures of the crew of the spaceship <strong>Serenity<\/strong>.&nbsp;<\/p>\n<p>\ud83d\udeab QUAN TR\u1eccNG!<\/p>\n<p>Product Name: Firefly Serenity<\/p>\n<p>Th\u1ec3 lo\u1ea1i: Phim<\/p>\n<p>This Kit Contains: C10041<\/p>\n<p>2815 pcs Good Quality Bricks<\/p>\n<p>Size: 56 x 34 x 18 cm<\/p>\n<p>Weight: 2.225 kg<\/p>\n<p>H\u01b0\u1edbng d\u1eabn PDF<\/p>\n<p>\ud83d\udcccB\u1ea3n ch\u1ea5t c\u1ee7a nh\u00e2n v\u1eadt ch\u00ednh<\/p>\n<p>Introducing our proud collection named \u201cFirefly Serenity\u201d you should not miss.<\/p>\n<p>The Serenity is a Firefly-class transport ship, named after the Battle of Serenity Valley, a significant event in the show&#8217;s lore. &nbsp; The ship&#8217;s design is inspired by the firefly insect, with its tail section lighting up similarly. It\u2019s known for its durability and versatility, often used for smuggling and transport.&nbsp; Serenity is a mid-sized vessel that includes cargo bays, living quarters, a medical bay, a kitchen, a common area, and a cockpit. Its design allows for both functionality and comfort for its crew.&nbsp; The ship is powered by a fusion reactor, with an efficient propulsion system allowing for long-distance space travel.&nbsp;<\/p><\/div>","protected":false},"excerpt":{"rendered":"<p>Th\u01b0\u01a1ng hi\u1ec7u: Nh\u00e0 m\u00e1y M\u1ed8C<br \/>\nGi\u1edbi t\u00ednh: Unisex<br \/>\n\u0110\u1ed9 tu\u1ed5i: &gt; 6 tu\u1ed5i<br \/>\nModel Number: 110302<br \/>\nPh\u00e2n lo\u1ea1i: T\u1eadp h\u1ee3p<br \/>\nH\u00ecnh d\u1ea1ng kh\u1ed1i nh\u1ef1a: G\u1ea1ch t\u1ef1 kh\u00f3a<br \/>\nCh\u1ea5t li\u1ec7u: Nh\u1ef1a<br \/>\nLo\u1ea1i nh\u1ef1a: ABS<br \/>\nBricks Blocks: 2815 +<br \/>\nKh\u00f4ng c\u00f3 h\u1ed9p ban \u0111\u1ea7u<br \/>\nS\u1ea3n ph\u1ea9m kh\u00f4ng bao g\u1ed3m STICKER v\u00e0 IN IN. T\u1ea5t c\u1ea3 c\u00e1c b\u1ed9 ph\u1eadn \u0111\u00e3 in s\u1ebd \u0111\u01b0\u1ee3c thay th\u1ebf b\u1eb1ng c\u00e1c b\u1ed9 ph\u1eadn ti\u00eau chu\u1ea9n v\u00e0 kh\u00f4ng \u0103n nh\u1eadp v\u1edbi c\u00e1c ph\u1ee5 ki\u1ec7n c\u1ee7a b\u00ean th\u1ee9 3.<\/p>","protected":false},"featured_media":59792,"comment_status":"open","ping_status":"closed","template":"","meta":{"_acf_changed":false},"product_cat":[1357,581,364,1408],"product_tag":[13458,434,13459,389],"class_list":["product","first","instock","shipping-taxable","purchasable","product-type-simple"],"acf":[],"_links":{"self":[{"href":"https:\/\/mouldking.store\/vi\/wp-json\/wp\/v2\/product\/59793","targetHints":{"allow":["GET"]}}],"collection":[{"href":"https:\/\/mouldking.store\/vi\/wp-json\/wp\/v2\/product"}],"about":[{"href":"https:\/\/mouldking.store\/vi\/wp-json\/wp\/v2\/types\/product"}],"replies":[{"embeddable":true,"href":"https:\/\/mouldking.store\/vi\/wp-json\/wp\/v2\/comments?post=59793"}],"wp:featuredmedia":[{"embeddable":true,"href":"https:\/\/mouldking.store\/vi\/wp-json\/wp\/v2\/media\/59792"}],"wp:attachment":[{"href":"https:\/\/mouldking.store\/vi\/wp-json\/wp\/v2\/media?parent=59793"}],"wp:term":[{"taxonomy":"product_cat","embeddable":true,"href":"https:\/\/mouldking.store\/vi\/wp-json\/wp\/v2\/product_cat?post=59793"},{"taxonomy":"product_tag","embeddable":true,"href":"https:\/\/mouldking.store\/vi\/wp-json\/wp\/v2\/product_tag?post=59793"}],"curies":[{"name":"wp","href":"https:\/\/api.w.org\/{rel}","templated":true}]}}