{"id":59810,"date":"2024-06-14T17:52:02","date_gmt":"2024-06-14T10:52:02","guid":{"rendered":"https:\/\/mouldking.store\/shop\/moc-factory-134254-james-bond-the-spy-who-loved-me-wet-nellie-with-1542-pieces\/"},"modified":"2025-12-16T20:59:05","modified_gmt":"2025-12-16T13:59:05","slug":"moc-factory-134254-james-bond-the-spy-who-loved-me-wet-nellie-with-1542-pieces","status":"publish","type":"product","link":"https:\/\/mouldking.store\/vi\/shop\/moc-factory-134254-james-bond-the-spy-who-loved-me-wet-nellie-with-1542-pieces\/","title":{"rendered":"MOC Factory 134254 James Bond The Spy Who Loved Me Wet Nellie with 1542 Pieces"},"content":{"rendered":"<div>\u2705 MOC-134254 James Bond The Spy Who Loved Me Wet Nellie<\/p>\n<p>\u2705 &#8220;Wet Nellie&#8221; is the nickname given to the specially modified Lotus Esprit featured in the James Bond film &#8220;The Spy Who Loved Me,&#8221; which was released in 1977. This iconic car is notable for its unique ability to transform into a submarine, allowing Bond to escape from enemies both on land and underwater.&nbsp;<\/p>\n<p>\ud83d\udeab QUAN TR\u1eccNG!<\/p>\n<p>Product Name: James Bond The Spy Who Loved Me Wet Nellie<\/p>\n<p>Th\u1ec3 lo\u1ea1i: Phim<\/p>\n<p>This Kit Contains: C10055<\/p>\n<p>1542 pcs Good Quality Bricks<\/p>\n<p>Size: Dimensions: 30 x 12 x 18 cm<\/p>\n<p>Weight: 1.282 kg<\/p>\n<p>H\u01b0\u1edbng d\u1eabn PDF<\/p>\n<p>\ud83d\udcccB\u1ea3n ch\u1ea5t c\u1ee7a nh\u00e2n v\u1eadt ch\u00ednh<\/p>\n<p>Introducing our proud collection named \u201cJames Bond The Spy Who Loved Me Wet Nellie\u201d you should not miss.<\/p>\n<p>&nbsp;Wet Nellie is one of the most memorable gadgets in the James Bond series, symbolizing the franchise&#8217;s blend of espionage, adventure, and cutting-edge technology. &nbsp; The actual prop used in the film was discovered in a storage unit in Long Island, New York, and was later auctioned off. In 2013, it was purchased by Elon Musk, who expressed interest in converting it into a functioning car-submarine.&nbsp; Wet Nellie stands as a testament to the creativity and innovation of the Bond films, merging the allure of a luxury sports car with the fantastical elements of spy fiction.&nbsp;<\/p><\/div>","protected":false},"excerpt":{"rendered":"<p>Th\u01b0\u01a1ng hi\u1ec7u: Nh\u00e0 m\u00e1y M\u1ed8C<br \/>\nGi\u1edbi t\u00ednh: Unisex<br \/>\n\u0110\u1ed9 tu\u1ed5i: &gt; 6 tu\u1ed5i<br \/>\nModel Number: 134254<br \/>\nPh\u00e2n lo\u1ea1i: T\u1eadp h\u1ee3p<br \/>\nH\u00ecnh d\u1ea1ng kh\u1ed1i nh\u1ef1a: G\u1ea1ch t\u1ef1 kh\u00f3a<br \/>\nCh\u1ea5t li\u1ec7u: Nh\u1ef1a<br \/>\nLo\u1ea1i nh\u1ef1a: ABS<br \/>\nBricks Blocks: 1542 +<br \/>\nKh\u00f4ng c\u00f3 h\u1ed9p ban \u0111\u1ea7u<br \/>\nS\u1ea3n ph\u1ea9m kh\u00f4ng bao g\u1ed3m STICKER v\u00e0 IN IN. T\u1ea5t c\u1ea3 c\u00e1c b\u1ed9 ph\u1eadn \u0111\u00e3 in s\u1ebd \u0111\u01b0\u1ee3c thay th\u1ebf b\u1eb1ng c\u00e1c b\u1ed9 ph\u1eadn ti\u00eau chu\u1ea9n v\u00e0 kh\u00f4ng \u0103n nh\u1eadp v\u1edbi c\u00e1c ph\u1ee5 ki\u1ec7n c\u1ee7a b\u00ean th\u1ee9 3.<\/p>","protected":false},"featured_media":59809,"comment_status":"open","ping_status":"closed","template":"","meta":{"_acf_changed":false},"product_cat":[1357,581,364,1408],"product_tag":[13461,13462,6522,434,13463,13302,389],"class_list":["product","first","instock","shipping-taxable","purchasable","product-type-simple"],"acf":[],"_links":{"self":[{"href":"https:\/\/mouldking.store\/vi\/wp-json\/wp\/v2\/product\/59810","targetHints":{"allow":["GET"]}}],"collection":[{"href":"https:\/\/mouldking.store\/vi\/wp-json\/wp\/v2\/product"}],"about":[{"href":"https:\/\/mouldking.store\/vi\/wp-json\/wp\/v2\/types\/product"}],"replies":[{"embeddable":true,"href":"https:\/\/mouldking.store\/vi\/wp-json\/wp\/v2\/comments?post=59810"}],"wp:featuredmedia":[{"embeddable":true,"href":"https:\/\/mouldking.store\/vi\/wp-json\/wp\/v2\/media\/59809"}],"wp:attachment":[{"href":"https:\/\/mouldking.store\/vi\/wp-json\/wp\/v2\/media?parent=59810"}],"wp:term":[{"taxonomy":"product_cat","embeddable":true,"href":"https:\/\/mouldking.store\/vi\/wp-json\/wp\/v2\/product_cat?post=59810"},{"taxonomy":"product_tag","embeddable":true,"href":"https:\/\/mouldking.store\/vi\/wp-json\/wp\/v2\/product_tag?post=59810"}],"curies":[{"name":"wp","href":"https:\/\/api.w.org\/{rel}","templated":true}]}}