{"id":59837,"date":"2024-06-18T18:19:14","date_gmt":"2024-06-18T11:19:14","guid":{"rendered":"https:\/\/mouldking.store\/shop\/moc-factory-114817-star-wars-scorpenek-annihilator-droid-with-1344-pieces\/"},"modified":"2025-12-16T20:59:05","modified_gmt":"2025-12-16T13:59:05","slug":"moc-factory-114817-star-wars-scorpenek-annihilator-droid-with-1344-pieces","status":"publish","type":"product","link":"https:\/\/mouldking.store\/vi\/shop\/moc-factory-114817-star-wars-scorpenek-annihilator-droid-with-1344-pieces\/","title":{"rendered":"MOC Factory 114817 Star Wars Scorpenek Annihilator Droid with 1344 Pieces"},"content":{"rendered":"<div>\u2705 MOC-114817 Star Wars Scorpenek Annihilator Droid<\/p>\n<p>\u2705 The Scorpenek Annihilator Droid is a formidable combat droid within the Star Wars universe, renowned for its heavy assault capabilities. Manufactured by the Colicoid Creation Nest, these droids are equipped with twin heavy blaster cannons, integrated missile launchers, and flamethrowers, making them highly lethal on the battlefield.&nbsp;<\/p>\n<p>\ud83d\udeab QUAN TR\u1eccNG!<\/p>\n<p>Product Name: Star Wars Scorpenek Annihilator Droid<\/p>\n<p>Th\u1ec3 lo\u1ea1i: Chi\u1ebfn tranh gi\u1eefa c\u00e1c v\u00ec sao<\/p>\n<p>This Kit Contains:&nbsp; C10066<\/p>\n<p>1344 chi\u1ebfc G\u1ea1ch ch\u1ea5t l\u01b0\u1ee3ng t\u1ed1t<\/p>\n<p>Size: 22 x 22 x 22 cm<\/p>\n<p>Weight: 0.712 kg<\/p>\n<p>H\u01b0\u1edbng d\u1eabn PDF<\/p>\n<p>\ud83d\udcccB\u1ea3n ch\u1ea5t c\u1ee7a nh\u00e2n v\u1eadt ch\u00ednh<\/p>\n<p>Introducing our proud collection named \u201cStar Wars Scorpenek Annihilator Droid\u201d you should not miss.<\/p>\n<p>&nbsp;Their defenses include powerful deflector shields and heavy armor, providing robust protection against various forms of attack. Despite their size, Scorpenek Annihilator Droids are relatively mobile and can navigate diverse terrains. Used primarily during the Clone Wars by the Confederacy of Independent Systems (CIS), these droids were not as widely deployed as other models due to their high cost and complexity. They made notable appearances in key battles, proving to be significant threats to clone troopers and Jedi alike. Canonically, they appear in &#8220;Star Wars: The Book of Boba Fett,&#8221; deployed by the Pyke Syndicate in the battle of Mos Espa. In the Legends continuity, these droids feature in various comics, novels, and games, showcasing their devastating impact across multiple conflicts. Standing approximately 6 meters tall, powered by advanced energy cells, and equipped with sophisticated AI for tactical operations, the Scorpenek Annihilator Droid symbolizes the technological prowess and ruthless efficiency of its creators, leaving a lasting impression on both the battlefield and the Star Wars lore.&nbsp;<\/p><\/div>","protected":false},"excerpt":{"rendered":"<p>Th\u01b0\u01a1ng hi\u1ec7u: Nh\u00e0 m\u00e1y M\u1ed8C<br \/>\nGi\u1edbi t\u00ednh: Unisex<br \/>\n\u0110\u1ed9 tu\u1ed5i: &gt; 6 tu\u1ed5i<br \/>\nModel Number: 114817<br \/>\nPh\u00e2n lo\u1ea1i: T\u1eadp h\u1ee3p<br \/>\nH\u00ecnh d\u1ea1ng kh\u1ed1i nh\u1ef1a: G\u1ea1ch t\u1ef1 kh\u00f3a<br \/>\nCh\u1ea5t li\u1ec7u: Nh\u1ef1a<br \/>\nLo\u1ea1i nh\u1ef1a: ABS<br \/>\nKh\u1ed1i g\u1ea1ch: 1344 +<br \/>\nKh\u00f4ng c\u00f3 h\u1ed9p ban \u0111\u1ea7u<br \/>\nS\u1ea3n ph\u1ea9m kh\u00f4ng bao g\u1ed3m STICKER v\u00e0 IN IN. T\u1ea5t c\u1ea3 c\u00e1c b\u1ed9 ph\u1eadn \u0111\u00e3 in s\u1ebd \u0111\u01b0\u1ee3c thay th\u1ebf b\u1eb1ng c\u00e1c b\u1ed9 ph\u1eadn ti\u00eau chu\u1ea9n v\u00e0 kh\u00f4ng \u0103n nh\u1eadp v\u1edbi c\u00e1c ph\u1ee5 ki\u1ec7n c\u1ee7a b\u00ean th\u1ee9 3.<\/p>","protected":false},"featured_media":59836,"comment_status":"open","ping_status":"closed","template":"","meta":{"_acf_changed":false},"product_cat":[1365,581,415,1408],"product_tag":[13467,13468,8452,8143,434,13466,436],"class_list":["product","first","instock","shipping-taxable","purchasable","product-type-simple"],"acf":[],"_links":{"self":[{"href":"https:\/\/mouldking.store\/vi\/wp-json\/wp\/v2\/product\/59837","targetHints":{"allow":["GET"]}}],"collection":[{"href":"https:\/\/mouldking.store\/vi\/wp-json\/wp\/v2\/product"}],"about":[{"href":"https:\/\/mouldking.store\/vi\/wp-json\/wp\/v2\/types\/product"}],"replies":[{"embeddable":true,"href":"https:\/\/mouldking.store\/vi\/wp-json\/wp\/v2\/comments?post=59837"}],"wp:featuredmedia":[{"embeddable":true,"href":"https:\/\/mouldking.store\/vi\/wp-json\/wp\/v2\/media\/59836"}],"wp:attachment":[{"href":"https:\/\/mouldking.store\/vi\/wp-json\/wp\/v2\/media?parent=59837"}],"wp:term":[{"taxonomy":"product_cat","embeddable":true,"href":"https:\/\/mouldking.store\/vi\/wp-json\/wp\/v2\/product_cat?post=59837"},{"taxonomy":"product_tag","embeddable":true,"href":"https:\/\/mouldking.store\/vi\/wp-json\/wp\/v2\/product_tag?post=59837"}],"curies":[{"name":"wp","href":"https:\/\/api.w.org\/{rel}","templated":true}]}}