{"id":59859,"date":"2024-06-18T18:20:12","date_gmt":"2024-06-18T11:20:12","guid":{"rendered":"https:\/\/mouldking.store\/shop\/moc-factory-89119-grand-patron-exoskeleton-mech-with-193-pieces\/"},"modified":"2025-12-16T20:59:05","modified_gmt":"2025-12-16T13:59:05","slug":"moc-factory-89119-grand-patron-exoskeleton-mech-with-193-pieces","status":"publish","type":"product","link":"https:\/\/mouldking.store\/vi\/shop\/moc-factory-89119-grand-patron-exoskeleton-mech-with-193-pieces\/","title":{"rendered":"MOC Factory 89119 Grand Patron Exoskeleton Mech with 193 Pieces"},"content":{"rendered":"<div>\u2705 MOC-89119 Grand Patron Exoskeleton Mech<\/p>\n<p>\u2705 The Grand Patron Exoskeleton Mech is a state-of-the-art mechanical suit designed for enhanced performance in both combat and industrial applications. Combining advanced robotics with cutting-edge materials, this exoskeleton mech represents a pinnacle of human ingenuity and technological advancement.&nbsp;<\/p>\n<p>\ud83d\udeab QUAN TR\u1eccNG!<\/p>\n<p>Product Name: Grand Patron Exoskeleton Mech<\/p>\n<p>Th\u1ec3 lo\u1ea1i: Phim<\/p>\n<p>This Kit Contains:&nbsp; C9665<\/p>\n<p>193 pcs Good Quality Bricks<\/p>\n<p>Size: 7.5 x 7.1 x 13.8 cm<\/p>\n<p>Weight: 0.058 kg<\/p>\n<p>H\u01b0\u1edbng d\u1eabn PDF<\/p>\n<p>\ud83d\udcccB\u1ea3n ch\u1ea5t c\u1ee7a nh\u00e2n v\u1eadt ch\u00ednh<\/p>\n<p>Introducing our proud collection named \u201cGrand Patron Exoskeleton Mech\u201d you should not miss.<\/p>\n<p>&nbsp;The Grand Patron Exoskeleton Mech is a versatile and powerful tool designed to enhance human capabilities in a wide range of applications. Whether in combat, industrial work, or emergency response, this exoskeleton mech stands as a testament to technological progress and human innovation, providing unparalleled strength, protection, and functionality.&nbsp;<\/p><\/div>","protected":false},"excerpt":{"rendered":"<p>Th\u01b0\u01a1ng hi\u1ec7u: Nh\u00e0 m\u00e1y M\u1ed8C<br \/>\nGi\u1edbi t\u00ednh: Unisex<br \/>\n\u0110\u1ed9 tu\u1ed5i: &gt; 6 tu\u1ed5i<br \/>\nModel Number: 89119<br \/>\nPh\u00e2n lo\u1ea1i: T\u1eadp h\u1ee3p<br \/>\nH\u00ecnh d\u1ea1ng kh\u1ed1i nh\u1ef1a: G\u1ea1ch t\u1ef1 kh\u00f3a<br \/>\nCh\u1ea5t li\u1ec7u: Nh\u1ef1a<br \/>\nLo\u1ea1i nh\u1ef1a: ABS<br \/>\nBricks Blocks: 193 +<br \/>\nKh\u00f4ng c\u00f3 h\u1ed9p ban \u0111\u1ea7u<br \/>\nS\u1ea3n ph\u1ea9m kh\u00f4ng bao g\u1ed3m STICKER v\u00e0 IN IN. T\u1ea5t c\u1ea3 c\u00e1c b\u1ed9 ph\u1eadn \u0111\u00e3 in s\u1ebd \u0111\u01b0\u1ee3c thay th\u1ebf b\u1eb1ng c\u00e1c b\u1ed9 ph\u1eadn ti\u00eau chu\u1ea9n v\u00e0 kh\u00f4ng \u0103n nh\u1eadp v\u1edbi c\u00e1c ph\u1ee5 ki\u1ec7n c\u1ee7a b\u00ean th\u1ee9 3.<\/p>","protected":false},"featured_media":59858,"comment_status":"open","ping_status":"closed","template":"","meta":{"_acf_changed":false},"product_cat":[1365,371,581,1408],"product_tag":[11072,8452,13476,11233,434,13475],"class_list":["product","first","instock","shipping-taxable","purchasable","product-type-simple"],"acf":[],"_links":{"self":[{"href":"https:\/\/mouldking.store\/vi\/wp-json\/wp\/v2\/product\/59859","targetHints":{"allow":["GET"]}}],"collection":[{"href":"https:\/\/mouldking.store\/vi\/wp-json\/wp\/v2\/product"}],"about":[{"href":"https:\/\/mouldking.store\/vi\/wp-json\/wp\/v2\/types\/product"}],"replies":[{"embeddable":true,"href":"https:\/\/mouldking.store\/vi\/wp-json\/wp\/v2\/comments?post=59859"}],"wp:featuredmedia":[{"embeddable":true,"href":"https:\/\/mouldking.store\/vi\/wp-json\/wp\/v2\/media\/59858"}],"wp:attachment":[{"href":"https:\/\/mouldking.store\/vi\/wp-json\/wp\/v2\/media?parent=59859"}],"wp:term":[{"taxonomy":"product_cat","embeddable":true,"href":"https:\/\/mouldking.store\/vi\/wp-json\/wp\/v2\/product_cat?post=59859"},{"taxonomy":"product_tag","embeddable":true,"href":"https:\/\/mouldking.store\/vi\/wp-json\/wp\/v2\/product_tag?post=59859"}],"curies":[{"name":"wp","href":"https:\/\/api.w.org\/{rel}","templated":true}]}}