{"id":59993,"date":"2024-07-10T16:52:23","date_gmt":"2024-07-10T09:52:23","guid":{"rendered":"https:\/\/mouldking.store\/shop\/moc-factory-108544-call-of-duty-ray-gun-zombies-wonder-weapons-with-1223-pieces\/"},"modified":"2025-12-16T20:59:04","modified_gmt":"2025-12-16T13:59:04","slug":"moc-factory-108544-call-of-duty-ray-gun-zombies-wonder-weapons-with-1223-pieces","status":"publish","type":"product","link":"https:\/\/mouldking.store\/vi\/shop\/moc-factory-108544-call-of-duty-ray-gun-zombies-wonder-weapons-with-1223-pieces\/","title":{"rendered":"MOC Factory 108544 Call of Duty Ray Gun Zombies Wonder Weapons with 1223 Pieces"},"content":{"rendered":"<div>\u2705 MOC-108544 Call of Duty Ray Gun Zombies Wonder Weapons<\/p>\n<p>\u2705 In the Call of Duty: Zombies series, Wonder Weapons are powerful and often unique weapons that stand out from the conventional arsenal. The Ray Gun is one of the most iconic Wonder Weapons.&nbsp;<\/p>\n<p>\ud83d\udeab QUAN TR\u1eccNG!<\/p>\n<p>Product Name: Call of Duty Ray Gun Zombies Wonder Weapons<\/p>\n<p>Th\u1ec3 lo\u1ea1i: Phim<\/p>\n<p>This Kit Contains: C10024<\/p>\n<p>1223 pcs Good Quality Bricks<\/p>\n<p>Size: 18 x 6 x 9 cm<\/p>\n<p>Weight: 0.67 kg<\/p>\n<p>H\u01b0\u1edbng d\u1eabn PDF<\/p>\n<p>\ud83d\udcccB\u1ea3n ch\u1ea5t c\u1ee7a nh\u00e2n v\u1eadt ch\u00ednh<\/p>\n<p>Introducing our proud collection named \u201cCall of Duty Ray Gun Zombies Wonder Weapons\u201d you should not miss.<\/p>\n<p>&nbsp;The Ray Gun Mark II, introduced in Black Ops II\u2019s Buried, offers a three-round burst fire with enhanced damage in its upgraded form, Porter&#8217;s Mark II Ray Gun. The Thundergun, first seen in Black Ops\u2019 Kino der Toten, emits a powerful shockwave that instantly kills and hurls zombies away, becoming the Zeus Cannon when Pack-a-Punched. The Wunderwaffe DG-2 from World at War\u2019s Shi No Numa fires electricity, chaining between zombies, and upgrades to the Wunderwaffe DG-3 JZ with increased capacity. Black Ops\u2019 Call of the Dead introduces the Scavenger, a sniper rifle with explosive bolts, which turns into the Hyena Infra-dead upon upgrading.&nbsp;<\/p><\/div>","protected":false},"excerpt":{"rendered":"<p>Th\u01b0\u01a1ng hi\u1ec7u: Nh\u00e0 m\u00e1y M\u1ed8C<br \/>\nGi\u1edbi t\u00ednh: Unisex<br \/>\n\u0110\u1ed9 tu\u1ed5i: &gt; 6 tu\u1ed5i<br \/>\nModel Number: 108544<br \/>\nPh\u00e2n lo\u1ea1i: T\u1eadp h\u1ee3p<br \/>\nH\u00ecnh d\u1ea1ng kh\u1ed1i nh\u1ef1a: G\u1ea1ch t\u1ef1 kh\u00f3a<br \/>\nCh\u1ea5t li\u1ec7u: Nh\u1ef1a<br \/>\nLo\u1ea1i nh\u1ef1a: ABS<br \/>\nBricks Blocks: 1223 +<br \/>\nKh\u00f4ng c\u00f3 h\u1ed9p ban \u0111\u1ea7u<br \/>\nS\u1ea3n ph\u1ea9m kh\u00f4ng bao g\u1ed3m STICKER v\u00e0 IN IN. T\u1ea5t c\u1ea3 c\u00e1c b\u1ed9 ph\u1eadn \u0111\u00e3 in s\u1ebd \u0111\u01b0\u1ee3c thay th\u1ebf b\u1eb1ng c\u00e1c b\u1ed9 ph\u1eadn ti\u00eau chu\u1ea9n v\u00e0 kh\u00f4ng \u0103n nh\u1eadp v\u1edbi c\u00e1c ph\u1ee5 ki\u1ec7n c\u1ee7a b\u00ean th\u1ee9 3.<\/p>","protected":false},"featured_media":59992,"comment_status":"open","ping_status":"closed","template":"","meta":{"_acf_changed":false},"product_cat":[1357,581,364,1408,1922],"product_tag":[13486,5154,434,13487,389,3819,11415],"class_list":["product","first","instock","shipping-taxable","purchasable","product-type-simple"],"acf":[],"_links":{"self":[{"href":"https:\/\/mouldking.store\/vi\/wp-json\/wp\/v2\/product\/59993","targetHints":{"allow":["GET"]}}],"collection":[{"href":"https:\/\/mouldking.store\/vi\/wp-json\/wp\/v2\/product"}],"about":[{"href":"https:\/\/mouldking.store\/vi\/wp-json\/wp\/v2\/types\/product"}],"replies":[{"embeddable":true,"href":"https:\/\/mouldking.store\/vi\/wp-json\/wp\/v2\/comments?post=59993"}],"wp:featuredmedia":[{"embeddable":true,"href":"https:\/\/mouldking.store\/vi\/wp-json\/wp\/v2\/media\/59992"}],"wp:attachment":[{"href":"https:\/\/mouldking.store\/vi\/wp-json\/wp\/v2\/media?parent=59993"}],"wp:term":[{"taxonomy":"product_cat","embeddable":true,"href":"https:\/\/mouldking.store\/vi\/wp-json\/wp\/v2\/product_cat?post=59993"},{"taxonomy":"product_tag","embeddable":true,"href":"https:\/\/mouldking.store\/vi\/wp-json\/wp\/v2\/product_tag?post=59993"}],"curies":[{"name":"wp","href":"https:\/\/api.w.org\/{rel}","templated":true}]}}