{"id":60068,"date":"2024-07-10T18:13:21","date_gmt":"2024-07-10T11:13:21","guid":{"rendered":"https:\/\/mouldking.store\/shop\/mould-king-10085-small-drift-bottle-mini-queen-revenger-ship-with-885-pieces\/"},"modified":"2024-07-10T18:13:27","modified_gmt":"2024-07-10T11:13:27","slug":"mould-king-10085-small-drift-bottle-mini-queen-revenger-ship-with-885-pieces","status":"publish","type":"product","link":"https:\/\/mouldking.store\/vi\/shop\/mould-king-10085-small-drift-bottle-mini-queen-revenger-ship-with-885-pieces\/","title":{"rendered":"MOULD KING 10085 Small Drift Bottle Mini Queen Revenger Ship with 885 Pieces"},"content":{"rendered":"<div>\u2705MouldKing 10085 Small Drift Bottle Mini Queen Revenger Ship<\/p>\n<p>\u2705The concept of a &#8220;Small Drift Bottle Mini Queen Revenger Ship&#8221; isn&#8217;t a standard term or widely recognized phrase in maritime or model-making contexts. However, I can interpret it as potentially referring to a model ship contained within a drift bottle (commonly known as a ship in a bottle), which could be named the &#8220;Mini Queen Revenger.&#8221;&nbsp;<\/p>\n<p>\ud83d\udeab QUAN TR\u1eccNG!<\/p>\n<p>Product Name: Small Drift Bottle Mini Queen Revenger Ship<\/p>\n<p>Th\u1ec3 lo\u1ea1i: Phim<\/p>\n<p>This Kit Contains: MouldKing 10085<\/p>\n<p>885 pcs Good Quality Bricks<\/p>\n<p>Size: 31 \u00d7 10.9 \u00d7 15.5 cm<\/p>\n<p>H\u01b0\u1edbng d\u1eabn th\u1ee7 c\u00f4ng<\/p>\n<p>\ud83d\udcccB\u1ea3n ch\u1ea5t c\u1ee7a nh\u00e2n v\u1eadt ch\u00ednh<\/p>\n<p>Introducing our proud collection named \u201cSmall Drift Bottle Mini Queen Revenger Ship\u201d you should not miss.<\/p>\n<p>&nbsp;If inspired by historical ships, the &#8220;Mini Queen Revenger&#8221; might be designed after a specific era of naval warfare, such as the Age of Sail. If fictional, it could come with a backstory involving adventures and battles on the high seas. &nbsp; Such models are prized by collectors and maritime enthusiasts for their beauty and the skill required to make them. They often serve as decorative pieces and conversation starters.&nbsp;<\/p><\/div>","protected":false},"excerpt":{"rendered":"<p>Th\u01b0\u01a1ng hi\u1ec7u: VUA KHU\u00d4N<br \/>\nGi\u1edbi t\u00ednh: Unisex<br \/>\n\u0110\u1ed9 tu\u1ed5i: &gt; 8 tu\u1ed5i<br \/>\nModel Number: 10085<br \/>\nPh\u00e2n lo\u1ea1i: T\u1eadp h\u1ee3p<br \/>\nH\u00ecnh d\u1ea1ng kh\u1ed1i nh\u1ef1a: G\u1ea1ch t\u1ef1 kh\u00f3a<br \/>\nCh\u1ea5t li\u1ec7u: Nh\u1ef1a<br \/>\nLo\u1ea1i nh\u1ef1a: ABS<br \/>\nBricks Blocks: 885 +<br \/>\nKh\u00f4ng c\u00f3 h\u1ed9p ban \u0111\u1ea7u<br \/>\nS\u1ea3n ph\u1ea9m kh\u00f4ng bao g\u1ed3m STICKER v\u00e0 IN IN. T\u1ea5t c\u1ea3 c\u00e1c b\u1ed9 ph\u1eadn \u0111\u00e3 in s\u1ebd \u0111\u01b0\u1ee3c thay th\u1ebf b\u1eb1ng c\u00e1c b\u1ed9 ph\u1eadn ti\u00eau chu\u1ea9n v\u00e0 kh\u00f4ng \u0103n nh\u1eadp v\u1edbi c\u00e1c ph\u1ee5 ki\u1ec7n c\u1ee7a b\u00ean th\u1ee9 3.<\/p>","protected":false},"featured_media":60067,"comment_status":"open","ping_status":"closed","template":"","meta":{"_acf_changed":false},"product_cat":[1357,364],"product_tag":[13496,12378,7231,12600,304,389],"class_list":["product","first","instock","shipping-taxable","purchasable","product-type-simple"],"acf":[],"_links":{"self":[{"href":"https:\/\/mouldking.store\/vi\/wp-json\/wp\/v2\/product\/60068","targetHints":{"allow":["GET"]}}],"collection":[{"href":"https:\/\/mouldking.store\/vi\/wp-json\/wp\/v2\/product"}],"about":[{"href":"https:\/\/mouldking.store\/vi\/wp-json\/wp\/v2\/types\/product"}],"replies":[{"embeddable":true,"href":"https:\/\/mouldking.store\/vi\/wp-json\/wp\/v2\/comments?post=60068"}],"wp:featuredmedia":[{"embeddable":true,"href":"https:\/\/mouldking.store\/vi\/wp-json\/wp\/v2\/media\/60067"}],"wp:attachment":[{"href":"https:\/\/mouldking.store\/vi\/wp-json\/wp\/v2\/media?parent=60068"}],"wp:term":[{"taxonomy":"product_cat","embeddable":true,"href":"https:\/\/mouldking.store\/vi\/wp-json\/wp\/v2\/product_cat?post=60068"},{"taxonomy":"product_tag","embeddable":true,"href":"https:\/\/mouldking.store\/vi\/wp-json\/wp\/v2\/product_tag?post=60068"}],"curies":[{"name":"wp","href":"https:\/\/api.w.org\/{rel}","templated":true}]}}