{"id":60098,"date":"2024-07-12T17:55:16","date_gmt":"2024-07-12T10:55:16","guid":{"rendered":"https:\/\/mouldking.store\/shop\/mould-king-27067-mini-racing-cars-with-344-pieces\/"},"modified":"2024-07-12T17:55:22","modified_gmt":"2024-07-12T10:55:22","slug":"mould-king-27067-mini-racing-cars-with-344-pieces","status":"publish","type":"product","link":"https:\/\/mouldking.store\/vi\/shop\/mould-king-27067-mini-racing-cars-with-344-pieces\/","title":{"rendered":"MOULD KING 27067 Mini Racing Cars with 344 Pieces"},"content":{"rendered":"<div>\u2705Mould King 27067 Mini Racing Cars<\/p>\n<p>\u2705 A racing car, also known as a race car, is a specially designed vehicle built for competitive racing events. These cars are optimized for speed, agility, and performance on race tracks.&nbsp;<\/p>\n<p>\ud83d\udeab QUAN TR\u1eccNG!<\/p>\n<p>Product Name: Mini Racing Cars<\/p>\n<p>Danh m\u1ee5c: K\u1ef9 thu\u1eadt<\/p>\n<p>This Kit Contains: Mould King 27067<\/p>\n<p>344&nbsp; pcs Good Quality Bricks<\/p>\n<p>Size: 16.6 \u00d7 7.6 \u00d7 4.8 cm<\/p>\n<p>H\u01b0\u1edbng d\u1eabn th\u1ee7 c\u00f4ng<\/p>\n<p>\ud83d\udcccB\u1ea3n ch\u1ea5t c\u1ee7a nh\u00e2n v\u1eadt ch\u00ednh<\/p>\n<p>Introducing our proud collection named \u201cini Racing Cars\u201d you should not miss.<\/p>\n<p>&nbsp;They typically feature lightweight construction, powerful engines, advanced aerodynamics, and specialized tires and brakes to handle high speeds and cornering forces. Racing cars can vary widely depending on the type of racing they are designed for, such as Formula 1, NASCAR, rally racing, or endurance racing like the 24 Hours of Le Mans.&nbsp;<\/p><\/div>","protected":false},"excerpt":{"rendered":"<p>Th\u01b0\u01a1ng hi\u1ec7u: VUA KHU\u00d4N<br \/>\nGi\u1edbi t\u00ednh: Unisex<br \/>\n\u0110\u1ed9 tu\u1ed5i: &gt; 14 tu\u1ed5i<br \/>\nModel Number: 27067<br \/>\nPh\u00e2n lo\u1ea1i: T\u1eadp h\u1ee3p<br \/>\nH\u00ecnh d\u1ea1ng kh\u1ed1i nh\u1ef1a: G\u1ea1ch t\u1ef1 kh\u00f3a<br \/>\nCh\u1ea5t li\u1ec7u: Nh\u1ef1a<br \/>\nLo\u1ea1i nh\u1ef1a: ABS<br \/>\nBricks Blocks: 344 +<br \/>\nKh\u00f4ng c\u00f3 h\u1ed9p ban \u0111\u1ea7u<br \/>\nS\u1ea3n ph\u1ea9m kh\u00f4ng bao g\u1ed3m STICKER v\u00e0 IN IN. T\u1ea5t c\u1ea3 c\u00e1c b\u1ed9 ph\u1eadn \u0111\u00e3 in s\u1ebd \u0111\u01b0\u1ee3c thay th\u1ebf b\u1eb1ng c\u00e1c b\u1ed9 ph\u1eadn ti\u00eau chu\u1ea9n v\u00e0 kh\u00f4ng \u0103n nh\u1eadp v\u1edbi c\u00e1c ph\u1ee5 ki\u1ec7n c\u1ee7a b\u00ean th\u1ee9 3.<\/p>","protected":false},"featured_media":60097,"comment_status":"open","ping_status":"closed","template":"","meta":{"_acf_changed":false},"product_cat":[1360,1357,364],"product_tag":[10385,479,13502,710,480,389,11080],"class_list":["product","first","instock","shipping-taxable","purchasable","product-type-simple"],"acf":[],"_links":{"self":[{"href":"https:\/\/mouldking.store\/vi\/wp-json\/wp\/v2\/product\/60098","targetHints":{"allow":["GET"]}}],"collection":[{"href":"https:\/\/mouldking.store\/vi\/wp-json\/wp\/v2\/product"}],"about":[{"href":"https:\/\/mouldking.store\/vi\/wp-json\/wp\/v2\/types\/product"}],"replies":[{"embeddable":true,"href":"https:\/\/mouldking.store\/vi\/wp-json\/wp\/v2\/comments?post=60098"}],"wp:featuredmedia":[{"embeddable":true,"href":"https:\/\/mouldking.store\/vi\/wp-json\/wp\/v2\/media\/60097"}],"wp:attachment":[{"href":"https:\/\/mouldking.store\/vi\/wp-json\/wp\/v2\/media?parent=60098"}],"wp:term":[{"taxonomy":"product_cat","embeddable":true,"href":"https:\/\/mouldking.store\/vi\/wp-json\/wp\/v2\/product_cat?post=60098"},{"taxonomy":"product_tag","embeddable":true,"href":"https:\/\/mouldking.store\/vi\/wp-json\/wp\/v2\/product_tag?post=60098"}],"curies":[{"name":"wp","href":"https:\/\/api.w.org\/{rel}","templated":true}]}}