{"id":60222,"date":"2024-07-17T18:14:19","date_gmt":"2024-07-17T11:14:19","guid":{"rendered":"https:\/\/mouldking.store\/shop\/mould-king-12031-union-pacific-844-steam-locomotive-with-motor-with-3357-pieces\/"},"modified":"2024-07-17T18:14:50","modified_gmt":"2024-07-17T11:14:50","slug":"mould-king-12031-union-pacific-844-steam-locomotive-with-motor-with-3357-pieces","status":"publish","type":"product","link":"https:\/\/mouldking.store\/vi\/shop\/mould-king-12031-union-pacific-844-steam-locomotive-with-motor-with-3357-pieces\/","title":{"rendered":"MOULD KING 12031 Union Pacific 844 Steam Locomotive With Motor with 3357 Pieces"},"content":{"rendered":"<div>\u2705MouldKing 12031 Union Pacific 844 Steam Locomotive With Motor<\/p>\n<p>\u2705 The Union Pacific 844 is a historic steam locomotive that holds significant importance in American railroading history. The Union Pacific 844 is a 4-8-4 steam locomotive, classified as a &#8220;Northern&#8221; type.&nbsp; It was built in December 1944 by the American Locomotive Company (ALCO) and was the last steam locomotive delivered to Union Pacific. It served in high-speed passenger service until diesel locomotives took over and then continued in freight service.&nbsp;<\/p>\n<p>\ud83d\udeab QUAN TR\u1eccNG!<\/p>\n<p>Product Name: Union Pacific 844 Steam Locomotive With Motor<\/p>\n<p>Danh m\u1ee5c: K\u1ef9 thu\u1eadt<\/p>\n<p>This Kit Contains: MouldKing 12031<\/p>\n<p>3357 pcs Good Quality Bricks<\/p>\n<p>Size: 104.7 \u00d7 9.3 \u00d7 11.1 cm<\/p>\n<p>H\u01b0\u1edbng d\u1eabn th\u1ee7 c\u00f4ng<\/p>\n<p>\ud83d\udcccB\u1ea3n ch\u1ea5t c\u1ee7a nh\u00e2n v\u1eadt ch\u00ednh<\/p>\n<p>Introducing our proud collection named \u201cUnion Pacific 844 Steam Locomotive With Motor\u201d you should not miss.<\/p>\n<p>&nbsp;Unlike many steam locomotives of its era, the Union Pacific 844 was never retired and scrapped. Instead, it was preserved and eventually restored to operating condition by the Union Pacific Railroad. &nbsp; Today, the Union Pacific 844 serves as a heritage locomotive, used for special excursion trips and public displays, showcasing the history of steam locomotives and the Union Pacific Railroad.&nbsp; The Union Pacific 844 remains a symbol of the golden age of steam railroading and is a popular attraction for rail enthusiasts and the general public alike.&nbsp;<\/p><\/div>","protected":false},"excerpt":{"rendered":"<p>Th\u01b0\u01a1ng hi\u1ec7u: VUA KHU\u00d4N<br \/>\nGi\u1edbi t\u00ednh: Unisex<br \/>\n\u0110\u1ed9 tu\u1ed5i: &gt; 14 tu\u1ed5i<br \/>\nModel Number: 12031<br \/>\nPh\u00e2n lo\u1ea1i: T\u1eadp h\u1ee3p<br \/>\nH\u00ecnh d\u1ea1ng kh\u1ed1i nh\u1ef1a: G\u1ea1ch t\u1ef1 kh\u00f3a<br \/>\nCh\u1ea5t li\u1ec7u: Nh\u1ef1a<br \/>\nLo\u1ea1i nh\u1ef1a: ABS<br \/>\nBricks Blocks: 3357 +<br \/>\nKh\u00f4ng c\u00f3 h\u1ed9p ban \u0111\u1ea7u<br \/>\nS\u1ea3n ph\u1ea9m kh\u00f4ng bao g\u1ed3m STICKER v\u00e0 IN IN. T\u1ea5t c\u1ea3 c\u00e1c b\u1ed9 ph\u1eadn \u0111\u00e3 in s\u1ebd \u0111\u01b0\u1ee3c thay th\u1ebf b\u1eb1ng c\u00e1c b\u1ed9 ph\u1eadn ti\u00eau chu\u1ea9n v\u00e0 kh\u00f4ng \u0103n nh\u1eadp v\u1edbi c\u00e1c ph\u1ee5 ki\u1ec7n c\u1ee7a b\u00ean th\u1ee9 3.<\/p>","protected":false},"featured_media":60221,"comment_status":"open","ping_status":"closed","template":"","meta":{"_acf_changed":false},"product_cat":[1357,364],"product_tag":[12713,2635,1006,2340,389,11080,300],"class_list":["product","first","instock","shipping-taxable","purchasable","product-type-simple"],"acf":[],"_links":{"self":[{"href":"https:\/\/mouldking.store\/vi\/wp-json\/wp\/v2\/product\/60222","targetHints":{"allow":["GET"]}}],"collection":[{"href":"https:\/\/mouldking.store\/vi\/wp-json\/wp\/v2\/product"}],"about":[{"href":"https:\/\/mouldking.store\/vi\/wp-json\/wp\/v2\/types\/product"}],"replies":[{"embeddable":true,"href":"https:\/\/mouldking.store\/vi\/wp-json\/wp\/v2\/comments?post=60222"}],"wp:featuredmedia":[{"embeddable":true,"href":"https:\/\/mouldking.store\/vi\/wp-json\/wp\/v2\/media\/60221"}],"wp:attachment":[{"href":"https:\/\/mouldking.store\/vi\/wp-json\/wp\/v2\/media?parent=60222"}],"wp:term":[{"taxonomy":"product_cat","embeddable":true,"href":"https:\/\/mouldking.store\/vi\/wp-json\/wp\/v2\/product_cat?post=60222"},{"taxonomy":"product_tag","embeddable":true,"href":"https:\/\/mouldking.store\/vi\/wp-json\/wp\/v2\/product_tag?post=60222"}],"curies":[{"name":"wp","href":"https:\/\/api.w.org\/{rel}","templated":true}]}}