{"id":60227,"date":"2024-07-17T18:14:46","date_gmt":"2024-07-17T11:14:46","guid":{"rendered":"https:\/\/mouldking.store\/shop\/mould-king-18021-monster-climbing-vehicle-with-motor-with-1120-pieces\/"},"modified":"2024-07-17T18:14:52","modified_gmt":"2024-07-17T11:14:52","slug":"mould-king-18021-monster-climbing-vehicle-with-motor-with-1120-pieces","status":"publish","type":"product","link":"https:\/\/mouldking.store\/vi\/shop\/mould-king-18021-monster-climbing-vehicle-with-motor-with-1120-pieces\/","title":{"rendered":"MOULD KING 18021 Xe leo n\u00fai qu\u00e1i v\u1eadt c\u00f3 \u0111\u1ed9ng c\u01a1 v\u1edbi 1120 m\u1ea3nh gh\u00e9p"},"content":{"rendered":"<div>\u2705MouldKing 18021 Monster Climbing Vehicle With Motor<\/p>\n<p>\u2705 The MouldKing 18021 Monster Climbing Vehicle is a popular model in the realm of remote-controlled (RC) vehicles and construction sets.&nbsp;<\/p>\n<p>\ud83d\udeab QUAN TR\u1eccNG!<\/p>\n<p>Product Name: Monster Climbing Vehicle With Motor<\/p>\n<p>Danh m\u1ee5c: K\u1ef9 thu\u1eadt<\/p>\n<p>This Kit Contains: MouldKing 18021&nbsp;<\/p>\n<p>1120 pcs Good Quality Bricks<\/p>\n<p>Size: 36.2 \u00d7 21.2 \u00d7 17.8 cm<\/p>\n<p>H\u01b0\u1edbng d\u1eabn th\u1ee7 c\u00f4ng<\/p>\n<p>\ud83d\udcccB\u1ea3n ch\u1ea5t c\u1ee7a nh\u00e2n v\u1eadt ch\u00ednh<\/p>\n<p>Introducing our proud collection named \u201cMonster Climbing Vehicle With Motor\u201d you should not miss.<\/p>\n<p>&nbsp;This model offers a fun and educational experience, combining the enjoyment of building with the thrill of operating a capable RC climbing vehicle.&nbsp; This model may be challenging and engaging to build, suitable for enthusiasts who enjoy detailed and intricate construction projects.&nbsp; Building the MouldKing 18021 can enhance skills in engineering, problem-solving, and hand-eye coordination.&nbsp;<\/p><\/div>","protected":false},"excerpt":{"rendered":"<p>Th\u01b0\u01a1ng hi\u1ec7u: VUA KHU\u00d4N<br \/>\nGi\u1edbi t\u00ednh: Unisex<br \/>\n\u0110\u1ed9 tu\u1ed5i: &gt; 14 tu\u1ed5i<br \/>\nModel Number: 18021<br \/>\nPh\u00e2n lo\u1ea1i: T\u1eadp h\u1ee3p<br \/>\nH\u00ecnh d\u1ea1ng kh\u1ed1i nh\u1ef1a: G\u1ea1ch t\u1ef1 kh\u00f3a<br \/>\nCh\u1ea5t li\u1ec7u: Nh\u1ef1a<br \/>\nLo\u1ea1i nh\u1ef1a: ABS<br \/>\nBricks Blocks: 1120 +<br \/>\nKh\u00f4ng c\u00f3 h\u1ed9p ban \u0111\u1ea7u<br \/>\nS\u1ea3n ph\u1ea9m kh\u00f4ng bao g\u1ed3m STICKER v\u00e0 IN IN. T\u1ea5t c\u1ea3 c\u00e1c b\u1ed9 ph\u1eadn \u0111\u00e3 in s\u1ebd \u0111\u01b0\u1ee3c thay th\u1ebf b\u1eb1ng c\u00e1c b\u1ed9 ph\u1eadn ti\u00eau chu\u1ea9n v\u00e0 kh\u00f4ng \u0103n nh\u1eadp v\u1edbi c\u00e1c ph\u1ee5 ki\u1ec7n c\u1ee7a b\u00ean th\u1ee9 3.<\/p>","protected":false},"featured_media":60226,"comment_status":"open","ping_status":"closed","template":"","meta":{"_acf_changed":false},"product_cat":[1384,1360,1357,364,1875],"product_tag":[13520,457,13519,468,389,11080,11396],"class_list":["product","first","instock","shipping-taxable","purchasable","product-type-simple"],"acf":[],"_links":{"self":[{"href":"https:\/\/mouldking.store\/vi\/wp-json\/wp\/v2\/product\/60227","targetHints":{"allow":["GET"]}}],"collection":[{"href":"https:\/\/mouldking.store\/vi\/wp-json\/wp\/v2\/product"}],"about":[{"href":"https:\/\/mouldking.store\/vi\/wp-json\/wp\/v2\/types\/product"}],"replies":[{"embeddable":true,"href":"https:\/\/mouldking.store\/vi\/wp-json\/wp\/v2\/comments?post=60227"}],"wp:featuredmedia":[{"embeddable":true,"href":"https:\/\/mouldking.store\/vi\/wp-json\/wp\/v2\/media\/60226"}],"wp:attachment":[{"href":"https:\/\/mouldking.store\/vi\/wp-json\/wp\/v2\/media?parent=60227"}],"wp:term":[{"taxonomy":"product_cat","embeddable":true,"href":"https:\/\/mouldking.store\/vi\/wp-json\/wp\/v2\/product_cat?post=60227"},{"taxonomy":"product_tag","embeddable":true,"href":"https:\/\/mouldking.store\/vi\/wp-json\/wp\/v2\/product_tag?post=60227"}],"curies":[{"name":"wp","href":"https:\/\/api.w.org\/{rel}","templated":true}]}}