{"id":60317,"date":"2024-07-19T15:35:37","date_gmt":"2024-07-19T08:35:37","guid":{"rendered":"https:\/\/mouldking.store\/shop\/sembo-612214-spongebob-patrick-star-strawberry-milkshake-smoothie-with-187-pieces\/"},"modified":"2024-07-19T15:35:40","modified_gmt":"2024-07-19T08:35:40","slug":"sembo-612214-spongebob-patrick-star-strawberry-milkshake-smoothie-with-187-pieces","status":"publish","type":"product","link":"https:\/\/mouldking.store\/vi\/shop\/sembo-612214-spongebob-patrick-star-strawberry-milkshake-smoothie-with-187-pieces\/","title":{"rendered":"SEMBO 612214 SpongeBob Patrick Star Strawberry Milkshake Smoothie with 187 Pieces"},"content":{"rendered":"<div>\u2705SEMBO 612214 SpongeBob Patrick Star Strawberry Milkshake Smoothie<\/p>\n<p>\u2705 SpongeBob and Patrick Star are best friends in the animated series &#8220;SpongeBob SquarePants.&#8221; SpongeBob is a yellow sea sponge who is optimistic, energetic, and often naive. He works as a fry cook at the Krusty Krab and is known for his love of jellyfishing and making Krabby Patties.&nbsp;<\/p>\n<p>\ud83d\udeab QUAN TR\u1eccNG!<\/p>\n<p>Product Name: SpongeBob Patrick Star Strawberry Milkshake Smoothie<\/p>\n<p>Th\u1ec3 lo\u1ea1i: Phim<\/p>\n<p>This Kit Contains: SEMBO 612214<\/p>\n<p>187 pcs Good Quality Bricks<\/p>\n<p>Size: 8 \u00d7 7.5 \u00d7 16 cm<\/p>\n<p>H\u01b0\u1edbng d\u1eabn th\u1ee7 c\u00f4ng<\/p>\n<p>\ud83d\udcccB\u1ea3n ch\u1ea5t c\u1ee7a nh\u00e2n v\u1eadt ch\u00ednh<\/p>\n<p>Introducing our proud collection named \u201cSpongeBob Patrick Star Strawberry Milkshake Smoothie\u201d you should not miss.<\/p>\n<p>&nbsp;Patrick Star is SpongeBob&#8217;s best friend and neighbor, a pink starfish who is laid-back, friendly, and somewhat dim-witted. He enjoys napping, eating ice cream, and hanging out with SpongeBob. Despite his simple-mindedness, Patrick has a big heart and is fiercely loyal to SpongeBob and their other friends in Bikini Bottom.&nbsp;<\/p><\/div>","protected":false},"excerpt":{"rendered":"<p>Th\u01b0\u01a1ng hi\u1ec7u: SEMBO<br \/>\nGi\u1edbi t\u00ednh: Unisex<br \/>\n\u0110\u1ed9 tu\u1ed5i: &gt; 6 tu\u1ed5i<br \/>\nModel Number: 612214<br \/>\nPh\u00e2n lo\u1ea1i: T\u1eadp h\u1ee3p<br \/>\nH\u00ecnh d\u1ea1ng kh\u1ed1i nh\u1ef1a: G\u1ea1ch t\u1ef1 kh\u00f3a<br \/>\nCh\u1ea5t li\u1ec7u: Nh\u1ef1a<br \/>\nLo\u1ea1i nh\u1ef1a: ABS<br \/>\nBricks Blocks: 187 +<br \/>\nKh\u00f4ng c\u00f3 h\u1ed9p ban \u0111\u1ea7u<br \/>\nS\u1ea3n ph\u1ea9m kh\u00f4ng bao g\u1ed3m STICKER v\u00e0 IN IN. T\u1ea5t c\u1ea3 c\u00e1c b\u1ed9 ph\u1eadn \u0111\u00e3 in s\u1ebd \u0111\u01b0\u1ee3c thay th\u1ebf b\u1eb1ng c\u00e1c b\u1ed9 ph\u1eadn ti\u00eau chu\u1ea9n v\u00e0 kh\u00f4ng \u0103n nh\u1eadp v\u1edbi c\u00e1c ph\u1ee5 ki\u1ec7n c\u1ee7a b\u00ean th\u1ee9 3.<\/p>","protected":false},"featured_media":60316,"comment_status":"open","ping_status":"closed","template":"","meta":{"_acf_changed":false},"product_cat":[1365,371,581,1408],"product_tag":[11072,8452,13439,434,11087,13090,11086],"class_list":["product","first","instock","shipping-taxable","purchasable","product-type-simple"],"acf":[],"_links":{"self":[{"href":"https:\/\/mouldking.store\/vi\/wp-json\/wp\/v2\/product\/60317","targetHints":{"allow":["GET"]}}],"collection":[{"href":"https:\/\/mouldking.store\/vi\/wp-json\/wp\/v2\/product"}],"about":[{"href":"https:\/\/mouldking.store\/vi\/wp-json\/wp\/v2\/types\/product"}],"replies":[{"embeddable":true,"href":"https:\/\/mouldking.store\/vi\/wp-json\/wp\/v2\/comments?post=60317"}],"wp:featuredmedia":[{"embeddable":true,"href":"https:\/\/mouldking.store\/vi\/wp-json\/wp\/v2\/media\/60316"}],"wp:attachment":[{"href":"https:\/\/mouldking.store\/vi\/wp-json\/wp\/v2\/media?parent=60317"}],"wp:term":[{"taxonomy":"product_cat","embeddable":true,"href":"https:\/\/mouldking.store\/vi\/wp-json\/wp\/v2\/product_cat?post=60317"},{"taxonomy":"product_tag","embeddable":true,"href":"https:\/\/mouldking.store\/vi\/wp-json\/wp\/v2\/product_tag?post=60317"}],"curies":[{"name":"wp","href":"https:\/\/api.w.org\/{rel}","templated":true}]}}