{"id":60377,"date":"2024-07-30T18:25:23","date_gmt":"2024-07-30T11:25:23","guid":{"rendered":"https:\/\/mouldking.store\/shop\/decool-jisi-11008-heroes-of-the-three-kingdoms-seven-star-sword-with-600-pieces\/"},"modified":"2024-07-30T18:25:28","modified_gmt":"2024-07-30T11:25:28","slug":"decool-jisi-11008-heroes-of-the-three-kingdoms-seven-star-sword-with-600-pieces","status":"publish","type":"product","link":"https:\/\/mouldking.store\/vi\/shop\/decool-jisi-11008-heroes-of-the-three-kingdoms-seven-star-sword-with-600-pieces\/","title":{"rendered":"DECOOL \/ JiSi 11008 Heroes of the Three Kingdoms Seven-Star Sword with 600 Pieces"},"content":{"rendered":"<div>\u2705DECOOL 11008 Heroes of the Three Kingdoms Seven-Star Sword<\/p>\n<p>\u2705 The Seven-Star Sword is a legendary weapon often featured in Chinese folklore and literature, particularly in the tales of the Three Kingdoms period. It is said to possess mystical powers and is frequently associated with famous historical figures.&nbsp;<\/p>\n<p>\ud83d\udeab QUAN TR\u1eccNG!<\/p>\n<p>Product Name: Heroes of the Three Kingdoms Seven-Star Sword<\/p>\n<p>Th\u1ec3 lo\u1ea1i: Phim<\/p>\n<p>This Kit Contains: DECOOL 11008&nbsp;<\/p>\n<p>600 pcs Good Quality Bricks<\/p>\n<p>H\u01b0\u1edbng d\u1eabn th\u1ee7 c\u00f4ng<\/p>\n<p>\ud83d\udcccB\u1ea3n ch\u1ea5t c\u1ee7a nh\u00e2n v\u1eadt ch\u00ednh<\/p>\n<p>Introducing our proud collection named \u201cHeroes of the Three Kingdoms Seven-Star Sword\u201d you should not miss.<\/p>\n<p>&nbsp;In the context of &#8220;Heroes of the Three Kingdoms,&#8221; which may refer to the classic historical novel &#8220;Romance of the Three Kingdoms&#8221; by Luo Guanzhong or various adaptations of the story, the Seven-Star Sword might be depicted as a powerful and coveted weapon.&nbsp;<\/p><\/div>","protected":false},"excerpt":{"rendered":"<p>Th\u01b0\u01a1ng hi\u1ec7u: DECOOL \/ JiSi<br \/>\nGi\u1edbi t\u00ednh: Unisex<br \/>\n\u0110\u1ed9 tu\u1ed5i: &gt; 14 tu\u1ed5i<br \/>\nModel Number: 11008<br \/>\nPh\u00e2n lo\u1ea1i: T\u1eadp h\u1ee3p<br \/>\nH\u00ecnh d\u1ea1ng kh\u1ed1i nh\u1ef1a: G\u1ea1ch t\u1ef1 kh\u00f3a<br \/>\nCh\u1ea5t li\u1ec7u: Nh\u1ef1a<br \/>\nLo\u1ea1i nh\u1ef1a: ABS<br \/>\nBricks Blocks: 600 +<br \/>\nKh\u00f4ng c\u00f3 h\u1ed9p ban \u0111\u1ea7u<br \/>\nS\u1ea3n ph\u1ea9m kh\u00f4ng bao g\u1ed3m STICKER v\u00e0 IN IN. T\u1ea5t c\u1ea3 c\u00e1c b\u1ed9 ph\u1eadn \u0111\u00e3 in s\u1ebd \u0111\u01b0\u1ee3c thay th\u1ebf b\u1eb1ng c\u00e1c b\u1ed9 ph\u1eadn ti\u00eau chu\u1ea9n v\u00e0 kh\u00f4ng \u0103n nh\u1eadp v\u1edbi c\u00e1c ph\u1ee5 ki\u1ec7n c\u1ee7a b\u00ean th\u1ee9 3.<\/p>","protected":false},"featured_media":60376,"comment_status":"open","ping_status":"closed","template":"","meta":{"_acf_changed":false},"product_cat":[1365,1373,371,581,1408],"product_tag":[11072,8452,7084,434,13538,2981,13006],"class_list":["product","first","instock","shipping-taxable","purchasable","product-type-simple"],"acf":[],"_links":{"self":[{"href":"https:\/\/mouldking.store\/vi\/wp-json\/wp\/v2\/product\/60377","targetHints":{"allow":["GET"]}}],"collection":[{"href":"https:\/\/mouldking.store\/vi\/wp-json\/wp\/v2\/product"}],"about":[{"href":"https:\/\/mouldking.store\/vi\/wp-json\/wp\/v2\/types\/product"}],"replies":[{"embeddable":true,"href":"https:\/\/mouldking.store\/vi\/wp-json\/wp\/v2\/comments?post=60377"}],"wp:featuredmedia":[{"embeddable":true,"href":"https:\/\/mouldking.store\/vi\/wp-json\/wp\/v2\/media\/60376"}],"wp:attachment":[{"href":"https:\/\/mouldking.store\/vi\/wp-json\/wp\/v2\/media?parent=60377"}],"wp:term":[{"taxonomy":"product_cat","embeddable":true,"href":"https:\/\/mouldking.store\/vi\/wp-json\/wp\/v2\/product_cat?post=60377"},{"taxonomy":"product_tag","embeddable":true,"href":"https:\/\/mouldking.store\/vi\/wp-json\/wp\/v2\/product_tag?post=60377"}],"curies":[{"name":"wp","href":"https:\/\/api.w.org\/{rel}","templated":true}]}}