{"id":60391,"date":"2024-07-30T18:26:36","date_gmt":"2024-07-30T11:26:36","guid":{"rendered":"https:\/\/mouldking.store\/shop\/zhegao-612009-chunyun-cake-shop-with-1131-pieces\/"},"modified":"2024-07-30T18:26:41","modified_gmt":"2024-07-30T11:26:41","slug":"zhegao-612009-chunyun-cake-shop-with-1131-pieces","status":"publish","type":"product","link":"https:\/\/mouldking.store\/vi\/shop\/zhegao-612009-chunyun-cake-shop-with-1131-pieces\/","title":{"rendered":"ZHEGAO 612009 C\u1eeda h\u00e0ng b\u00e1nh Chunyun v\u1edbi 1131 chi\u1ebfc"},"content":{"rendered":"<div>\u2705ZHEGAO 612009 Chunyun Cake Shop<\/p>\n<p>\u2705 Chunyun Cake Shop is a charming and cozy bakery known for its delicious and beautifully crafted cakes.&nbsp; The shop has a welcoming atmosphere with soft lighting and comfortable seating, making it a perfect spot to relax and enjoy a sweet treat.&nbsp;<\/p>\n<p>\ud83d\udeab QUAN TR\u1eccNG!<\/p>\n<p>Product Name: Chunyun Cake Shop<\/p>\n<p>Category: Modular Buildings<\/p>\n<p>This Kit Contains: ZHEGAO 612009<\/p>\n<p>1131 pcs Good Quality Bricks<\/p>\n<p>Size: 19.4 \u00d7 18.8 \u00d7 15.8 cm<\/p>\n<p>H\u01b0\u1edbng d\u1eabn th\u1ee7 c\u00f4ng<\/p>\n<p>\ud83d\udcccB\u1ea3n ch\u1ea5t c\u1ee7a nh\u00e2n v\u1eadt ch\u00ednh<\/p>\n<p>Introducing our proud collection named \u201c Chunyun Cake Shope\u201d you should not miss.<\/p>\n<p>&nbsp;The playset is vibrantly colored with intricate details to mimic a real cake shop. It includes miniature furniture, appliances, and decorative elements.&nbsp; The set comes with modular pieces that can be assembled to create the shop. This includes walls, counters, display shelves, and a kitchen area.&nbsp;<\/p><\/div>","protected":false},"excerpt":{"rendered":"<p>Th\u01b0\u01a1ng hi\u1ec7u: ZHEGAO<br \/>\nGi\u1edbi t\u00ednh: Unisex<br \/>\n\u0110\u1ed9 tu\u1ed5i: &gt; 6 tu\u1ed5i<br \/>\nModel Number: 612009<br \/>\nPh\u00e2n lo\u1ea1i: T\u1eadp h\u1ee3p<br \/>\nH\u00ecnh d\u1ea1ng kh\u1ed1i nh\u1ef1a: G\u1ea1ch t\u1ef1 kh\u00f3a<br \/>\nCh\u1ea5t li\u1ec7u: Nh\u1ef1a<br \/>\nLo\u1ea1i nh\u1ef1a: ABS<br \/>\nBricks Blocks: 1131 +<br \/>\nKh\u00f4ng c\u00f3 h\u1ed9p ban \u0111\u1ea7u<br \/>\nS\u1ea3n ph\u1ea9m kh\u00f4ng bao g\u1ed3m STICKER v\u00e0 IN IN. T\u1ea5t c\u1ea3 c\u00e1c b\u1ed9 ph\u1eadn \u0111\u00e3 in s\u1ebd \u0111\u01b0\u1ee3c thay th\u1ebf b\u1eb1ng c\u00e1c b\u1ed9 ph\u1eadn ti\u00eau chu\u1ea9n v\u00e0 kh\u00f4ng \u0103n nh\u1eadp v\u1edbi c\u00e1c ph\u1ee5 ki\u1ec7n c\u1ee7a b\u00ean th\u1ee9 3.<\/p>","protected":false},"featured_media":60390,"comment_status":"open","ping_status":"closed","template":"","meta":{"_acf_changed":false},"product_cat":[1365,1395,371,390],"product_tag":[11244,11198,11197,13540,11072,8452,12522,5679,392,1711],"class_list":["product","first","instock","shipping-taxable","purchasable","product-type-simple"],"acf":[],"_links":{"self":[{"href":"https:\/\/mouldking.store\/vi\/wp-json\/wp\/v2\/product\/60391","targetHints":{"allow":["GET"]}}],"collection":[{"href":"https:\/\/mouldking.store\/vi\/wp-json\/wp\/v2\/product"}],"about":[{"href":"https:\/\/mouldking.store\/vi\/wp-json\/wp\/v2\/types\/product"}],"replies":[{"embeddable":true,"href":"https:\/\/mouldking.store\/vi\/wp-json\/wp\/v2\/comments?post=60391"}],"wp:featuredmedia":[{"embeddable":true,"href":"https:\/\/mouldking.store\/vi\/wp-json\/wp\/v2\/media\/60390"}],"wp:attachment":[{"href":"https:\/\/mouldking.store\/vi\/wp-json\/wp\/v2\/media?parent=60391"}],"wp:term":[{"taxonomy":"product_cat","embeddable":true,"href":"https:\/\/mouldking.store\/vi\/wp-json\/wp\/v2\/product_cat?post=60391"},{"taxonomy":"product_tag","embeddable":true,"href":"https:\/\/mouldking.store\/vi\/wp-json\/wp\/v2\/product_tag?post=60391"}],"curies":[{"name":"wp","href":"https:\/\/api.w.org\/{rel}","templated":true}]}}