{"id":60432,"date":"2024-07-30T18:33:32","date_gmt":"2024-07-30T11:33:32","guid":{"rendered":"https:\/\/mouldking.store\/shop\/moc-factory-170937-tales-of-the-space-age-voyager-over-the-rings-of-saturn-space-shuttle-launch-with-731-pieces\/"},"modified":"2025-12-16T20:59:03","modified_gmt":"2025-12-16T13:59:03","slug":"moc-factory-170937-tales-of-the-space-age-voyager-over-the-rings-of-saturn-space-shuttle-launch-with-731-pieces","status":"publish","type":"product","link":"https:\/\/mouldking.store\/vi\/shop\/moc-factory-170937-tales-of-the-space-age-voyager-over-the-rings-of-saturn-space-shuttle-launch-with-731-pieces\/","title":{"rendered":"MOC Factory 170937 Tales of the Space Age Voyager over the Rings of Saturn Space Shuttle Launch with 731 Pieces"},"content":{"rendered":"<div>\u2705 MOC-170937 Tales of the Space Age Voyager over the Rings of Saturn Space Shuttle Launch<\/p>\n<p>\u2705 &#8220;Tales of the Space Age&#8221; is a popular concept that often involves fictional or speculative space travel stories, blending elements of science fiction with imaginative scenarios. The &#8220;Voyager over the Rings of Saturn&#8221; might refer to a narrative or visual representation of space exploration and discovery.&nbsp;<\/p>\n<p>\ud83d\udeab QUAN TR\u1eccNG!<\/p>\n<p>Product Name: Tales of the Space Age Voyager over the Rings of Saturn Space Shuttle Launch<\/p>\n<p>Th\u1ec3 lo\u1ea1i: Kh\u00f4ng gian<\/p>\n<p>This Kit Contains: C10087<\/p>\n<p>731&nbsp; pcs Good Quality Bricks<\/p>\n<p>Size:&nbsp; 10 x 3 x 17 cm<\/p>\n<p>Weight: 0.56 kg<\/p>\n<p>H\u01b0\u1edbng d\u1eabn PDF<\/p>\n<p>\ud83d\udcccB\u1ea3n ch\u1ea5t c\u1ee7a nh\u00e2n v\u1eadt ch\u00ednh<\/p>\n<p>Introducing our proud collection named \u201cTales of the Space Age Voyager over the Rings of Saturn Space Shuttle Launch\u201d you should not miss.<\/p>\n<p>&nbsp;Saturn, one of the gas giants in our solar system, renowned for its stunning ring system.&nbsp; The story might involve the Voyager\u2019s mission to explore Saturn\u2019s rings, collect data, or search for potential signs of life or resources.&nbsp; The overall tone of such a tale would blend awe-inspiring visuals with the thrill of space exploration, capturing the majesty of Saturn and the excitement of venturing into the unknown.&nbsp;<\/p><\/div>","protected":false},"excerpt":{"rendered":"<p>Th\u01b0\u01a1ng hi\u1ec7u: Nh\u00e0 m\u00e1y M\u1ed8C<br \/>\nGi\u1edbi t\u00ednh: Unisex<br \/>\n\u0110\u1ed9 tu\u1ed5i: &gt; 6 tu\u1ed5i<br \/>\nModel Number: 170937<br \/>\nPh\u00e2n lo\u1ea1i: T\u1eadp h\u1ee3p<br \/>\nH\u00ecnh d\u1ea1ng kh\u1ed1i nh\u1ef1a: G\u1ea1ch t\u1ef1 kh\u00f3a<br \/>\nCh\u1ea5t li\u1ec7u: Nh\u1ef1a<br \/>\nLo\u1ea1i nh\u1ef1a: ABS<br \/>\nBricks Blocks: 731 +<br \/>\nKh\u00f4ng c\u00f3 h\u1ed9p ban \u0111\u1ea7u<br \/>\nS\u1ea3n ph\u1ea9m kh\u00f4ng bao g\u1ed3m STICKER v\u00e0 IN IN. T\u1ea5t c\u1ea3 c\u00e1c b\u1ed9 ph\u1eadn \u0111\u00e3 in s\u1ebd \u0111\u01b0\u1ee3c thay th\u1ebf b\u1eb1ng c\u00e1c b\u1ed9 ph\u1eadn ti\u00eau chu\u1ea9n v\u00e0 kh\u00f4ng \u0103n nh\u1eadp v\u1edbi c\u00e1c ph\u1ee5 ki\u1ec7n c\u1ee7a b\u00ean th\u1ee9 3.<\/p>","protected":false},"featured_media":60431,"comment_status":"open","ping_status":"closed","template":"","meta":{"_acf_changed":false},"product_cat":[1365,371,6016],"product_tag":[13229,11072,8452,11481,11438,13547,9235,2276],"class_list":["product","first","instock","shipping-taxable","purchasable","product-type-simple"],"acf":[],"_links":{"self":[{"href":"https:\/\/mouldking.store\/vi\/wp-json\/wp\/v2\/product\/60432","targetHints":{"allow":["GET"]}}],"collection":[{"href":"https:\/\/mouldking.store\/vi\/wp-json\/wp\/v2\/product"}],"about":[{"href":"https:\/\/mouldking.store\/vi\/wp-json\/wp\/v2\/types\/product"}],"replies":[{"embeddable":true,"href":"https:\/\/mouldking.store\/vi\/wp-json\/wp\/v2\/comments?post=60432"}],"wp:featuredmedia":[{"embeddable":true,"href":"https:\/\/mouldking.store\/vi\/wp-json\/wp\/v2\/media\/60431"}],"wp:attachment":[{"href":"https:\/\/mouldking.store\/vi\/wp-json\/wp\/v2\/media?parent=60432"}],"wp:term":[{"taxonomy":"product_cat","embeddable":true,"href":"https:\/\/mouldking.store\/vi\/wp-json\/wp\/v2\/product_cat?post=60432"},{"taxonomy":"product_tag","embeddable":true,"href":"https:\/\/mouldking.store\/vi\/wp-json\/wp\/v2\/product_tag?post=60432"}],"curies":[{"name":"wp","href":"https:\/\/api.w.org\/{rel}","templated":true}]}}