{"id":60441,"date":"2024-07-30T18:34:07","date_gmt":"2024-07-30T11:34:07","guid":{"rendered":"https:\/\/mouldking.store\/shop\/moc-factory-89113-one-piece-kaido-with-1840-pieces\/"},"modified":"2025-12-16T20:59:02","modified_gmt":"2025-12-16T13:59:02","slug":"moc-factory-89113-one-piece-kaido-with-1840-pieces","status":"publish","type":"product","link":"https:\/\/mouldking.store\/vi\/shop\/moc-factory-89113-one-piece-kaido-with-1840-pieces\/","title":{"rendered":"MOC Factory 89113 One Piece Kaido with 1840 Pieces"},"content":{"rendered":"<div>\u2705 MOC-89113 One Piece Kaido<\/p>\n<p>\u2705 Kaido is one of the main antagonists in the manga and anime series <em>M\u1ed9t mi\u1ebfng<\/em>, created by Eiichiro Oda.&nbsp; aido is a large, muscular man with a distinctive, fearsome appearance. He has long, wild hair, a beard, and wears traditional Japanese clothing, often with a long, tattered cape.&nbsp; When in his dragon form, Kaido becomes an enormous, serpentine dragon with a fearsome, blue-scaled body and the ability to control lightning and fire.<\/p>\n<p>\ud83d\udeab QUAN TR\u1eccNG!<\/p>\n<p>Product Name: One Piece Kaido<\/p>\n<p>Th\u1ec3 lo\u1ea1i: Phim<\/p>\n<p>This Kit Contains: C10151Y01-CB<\/p>\n<p>1840&nbsp; pcs Good Quality Bricks<\/p>\n<p>Size: 43.6 x 34.1 x 47.5 cm<\/p>\n<p>Weight: 1.77 kg<\/p>\n<p>H\u01b0\u1edbng d\u1eabn PDF<\/p>\n<p>\ud83d\udcccB\u1ea3n ch\u1ea5t c\u1ee7a nh\u00e2n v\u1eadt ch\u00ednh<\/p>\n<p>Introducing our proud collection named \u201cOne Piece Kaido\u201d you should not miss.<\/p>\n<p>Known as one of the most powerful characters in the <em>M\u1ed9t mi\u1ebfng<\/em> world, Kaido is notorious for his immense physical strength, durability, and regenerative abilities. He is virtually impervious to most forms of damage and is known for his resilience.&nbsp; Kaido aims to create the ultimate army and engage in a world war to overturn the current world order. He dreams of a chaotic world where he can establish his dominance. &nbsp; He is often depicted as ruthless and unpredictable, with a penchant for causing destruction and chaos. Despite his fearsome nature, Kaido has a certain flamboyance and a love for drinking.&nbsp;<\/div>","protected":false},"excerpt":{"rendered":"<p>Th\u01b0\u01a1ng hi\u1ec7u: Nh\u00e0 m\u00e1y M\u1ed8C<br \/>\nGi\u1edbi t\u00ednh: Unisex<br \/>\n\u0110\u1ed9 tu\u1ed5i: &gt; 6 tu\u1ed5i<br \/>\nModel Number: 89113<br \/>\nPh\u00e2n lo\u1ea1i: T\u1eadp h\u1ee3p<br \/>\nH\u00ecnh d\u1ea1ng kh\u1ed1i nh\u1ef1a: G\u1ea1ch t\u1ef1 kh\u00f3a<br \/>\nCh\u1ea5t li\u1ec7u: Nh\u1ef1a<br \/>\nLo\u1ea1i nh\u1ef1a: ABS<br \/>\nBricks Blocks: 1840 +<br \/>\nKh\u00f4ng c\u00f3 h\u1ed9p ban \u0111\u1ea7u<br \/>\nS\u1ea3n ph\u1ea9m kh\u00f4ng bao g\u1ed3m STICKER v\u00e0 IN IN. T\u1ea5t c\u1ea3 c\u00e1c b\u1ed9 ph\u1eadn \u0111\u00e3 in s\u1ebd \u0111\u01b0\u1ee3c thay th\u1ebf b\u1eb1ng c\u00e1c b\u1ed9 ph\u1eadn ti\u00eau chu\u1ea9n v\u00e0 kh\u00f4ng \u0103n nh\u1eadp v\u1edbi c\u00e1c ph\u1ee5 ki\u1ec7n c\u1ee7a b\u00ean th\u1ee9 3.<\/p>","protected":false},"featured_media":60440,"comment_status":"open","ping_status":"closed","template":"","meta":{"_acf_changed":false},"product_cat":[1365,371,581,1408,1819],"product_tag":[13508,11110,11072,8452,13549,434,1824],"class_list":["product","first","instock","shipping-taxable","purchasable","product-type-simple"],"acf":[],"_links":{"self":[{"href":"https:\/\/mouldking.store\/vi\/wp-json\/wp\/v2\/product\/60441","targetHints":{"allow":["GET"]}}],"collection":[{"href":"https:\/\/mouldking.store\/vi\/wp-json\/wp\/v2\/product"}],"about":[{"href":"https:\/\/mouldking.store\/vi\/wp-json\/wp\/v2\/types\/product"}],"replies":[{"embeddable":true,"href":"https:\/\/mouldking.store\/vi\/wp-json\/wp\/v2\/comments?post=60441"}],"wp:featuredmedia":[{"embeddable":true,"href":"https:\/\/mouldking.store\/vi\/wp-json\/wp\/v2\/media\/60440"}],"wp:attachment":[{"href":"https:\/\/mouldking.store\/vi\/wp-json\/wp\/v2\/media?parent=60441"}],"wp:term":[{"taxonomy":"product_cat","embeddable":true,"href":"https:\/\/mouldking.store\/vi\/wp-json\/wp\/v2\/product_cat?post=60441"},{"taxonomy":"product_tag","embeddable":true,"href":"https:\/\/mouldking.store\/vi\/wp-json\/wp\/v2\/product_tag?post=60441"}],"curies":[{"name":"wp","href":"https:\/\/api.w.org\/{rel}","templated":true}]}}