{"id":60454,"date":"2024-07-30T18:34:56","date_gmt":"2024-07-30T11:34:56","guid":{"rendered":"https:\/\/mouldking.store\/shop\/moc-factory-89111-lord-of-the-rings-sauron-with-879-pieces\/"},"modified":"2025-12-16T20:59:02","modified_gmt":"2025-12-16T13:59:02","slug":"moc-factory-89111-lord-of-the-rings-sauron-with-879-pieces","status":"publish","type":"product","link":"https:\/\/mouldking.store\/vi\/shop\/moc-factory-89111-lord-of-the-rings-sauron-with-879-pieces\/","title":{"rendered":"B\u1ed9 l\u1eafp r\u00e1p MOC Factory 89111 Ch\u00faa t\u1ec3 nh\u1eefng chi\u1ebfc nh\u1eabn: Sauron, g\u1ed3m 879 m\u1ea3nh gh\u00e9p."},"content":{"rendered":"<div>\u2705 MOC-89111 Lord of the Rings Sauron<\/p>\n<p>\u2705 Sauron is the primary antagonist in J.R.R. Tolkien&#8217;s <em>Ch\u00faa t\u1ec3 c\u1ee7a nh\u1eefng chi\u1ebfc nh\u1eabn<\/em> and also features prominently in <em>The Silmarillion<\/em> and other Middle-earth works.&nbsp; Sauron\u2019s physical form is not consistently described, as he often appears in different guises. His most recognizable form in the Third Age is that of a dark and imposing figure, sometimes described as a shadowy presence or a fiery eye. &nbsp; In <em>Ch\u00faa t\u1ec3 c\u1ee7a nh\u1eefng chi\u1ebfc nh\u1eabn<\/em>, Sauron is symbolized by the Eye of Sauron, a fiery, all-seeing eye atop the Dark Tower of Barad-d\u00fbr. This eye is a manifestation of his malevolent power and desire to control all.&nbsp;<\/p>\n<p>\ud83d\udeab QUAN TR\u1eccNG!<\/p>\n<p>Product Name: Lord of the Rings Sauron<\/p>\n<p>Th\u1ec3 lo\u1ea1i: Phim<\/p>\n<p>This Kit Contains: C10151Y03-CB<\/p>\n<p>879 pcs Good Quality Bricks<\/p>\n<p>Size: 20.5 x 14 x 43 cm<\/p>\n<p>H\u01b0\u1edbng d\u1eabn PDF<\/p>\n<p>\ud83d\udcccB\u1ea3n ch\u1ea5t c\u1ee7a nh\u00e2n v\u1eadt ch\u00ednh<\/p>\n<p>Introducing our proud collection named \u201cLord of the Rings Sauron\u201d you should not miss.<\/p>\n<p>Sauron\u2019s defeat comes when the One Ring is destroyed in the fires of Mount Doom by Frodo Baggins and Samwise Gamgee, rendering Sauron powerless and causing the collapse of his dark empire. &nbsp; Sauron\u2019s character embodies the theme of absolute power and corruption, making him one of the most memorable villains in fantasy literature. His influence pervades much of the history and events of Middle-earth.&nbsp;<\/p><\/div>","protected":false},"excerpt":{"rendered":"<p>Th\u01b0\u01a1ng hi\u1ec7u: Nh\u00e0 m\u00e1y M\u1ed8C<br \/>\nGi\u1edbi t\u00ednh: Unisex<br \/>\n\u0110\u1ed9 tu\u1ed5i: &gt; 6 tu\u1ed5i<br \/>\nModel Number: 89111<br \/>\nPh\u00e2n lo\u1ea1i: T\u1eadp h\u1ee3p<br \/>\nH\u00ecnh d\u1ea1ng kh\u1ed1i nh\u1ef1a: G\u1ea1ch t\u1ef1 kh\u00f3a<br \/>\nCh\u1ea5t li\u1ec7u: Nh\u1ef1a<br \/>\nLo\u1ea1i nh\u1ef1a: ABS<br \/>\nBricks Blocks: 879 +<br \/>\nKh\u00f4ng c\u00f3 h\u1ed9p ban \u0111\u1ea7u<br \/>\nS\u1ea3n ph\u1ea9m kh\u00f4ng bao g\u1ed3m STICKER v\u00e0 IN IN. T\u1ea5t c\u1ea3 c\u00e1c b\u1ed9 ph\u1eadn \u0111\u00e3 in s\u1ebd \u0111\u01b0\u1ee3c thay th\u1ebf b\u1eb1ng c\u00e1c b\u1ed9 ph\u1eadn ti\u00eau chu\u1ea9n v\u00e0 kh\u00f4ng \u0103n nh\u1eadp v\u1edbi c\u00e1c ph\u1ee5 ki\u1ec7n c\u1ee7a b\u00ean th\u1ee9 3.<\/p>","protected":false},"featured_media":60453,"comment_status":"open","ping_status":"closed","template":"","meta":{"_acf_changed":false},"product_cat":[1365,371,581,1408],"product_tag":[11072,8452,13327,434,3519,13194,6169],"class_list":["product","first","instock","shipping-taxable","purchasable","product-type-simple"],"acf":[],"_links":{"self":[{"href":"https:\/\/mouldking.store\/vi\/wp-json\/wp\/v2\/product\/60454","targetHints":{"allow":["GET"]}}],"collection":[{"href":"https:\/\/mouldking.store\/vi\/wp-json\/wp\/v2\/product"}],"about":[{"href":"https:\/\/mouldking.store\/vi\/wp-json\/wp\/v2\/types\/product"}],"replies":[{"embeddable":true,"href":"https:\/\/mouldking.store\/vi\/wp-json\/wp\/v2\/comments?post=60454"}],"wp:featuredmedia":[{"embeddable":true,"href":"https:\/\/mouldking.store\/vi\/wp-json\/wp\/v2\/media\/60453"}],"wp:attachment":[{"href":"https:\/\/mouldking.store\/vi\/wp-json\/wp\/v2\/media?parent=60454"}],"wp:term":[{"taxonomy":"product_cat","embeddable":true,"href":"https:\/\/mouldking.store\/vi\/wp-json\/wp\/v2\/product_cat?post=60454"},{"taxonomy":"product_tag","embeddable":true,"href":"https:\/\/mouldking.store\/vi\/wp-json\/wp\/v2\/product_tag?post=60454"}],"curies":[{"name":"wp","href":"https:\/\/api.w.org\/{rel}","templated":true}]}}