{"id":60606,"date":"2024-08-22T18:34:58","date_gmt":"2024-08-22T11:34:58","guid":{"rendered":"https:\/\/mouldking.store\/shop\/moc-factory-89104-duck-troop-transport-mtt-with-1286-pieces\/"},"modified":"2025-12-16T20:59:02","modified_gmt":"2025-12-16T13:59:02","slug":"moc-factory-89104-duck-troop-transport-mtt-with-1286-pieces","status":"publish","type":"product","link":"https:\/\/mouldking.store\/vi\/shop\/moc-factory-89104-duck-troop-transport-mtt-with-1286-pieces\/","title":{"rendered":"MOC Factory 89104 Duck Troop Transport &#8211; MTT with 1286 Pieces"},"content":{"rendered":"<div>\u2705 MOC-89104 Duck Troop Transport &#8211; MTT<\/p>\n<p>\u2705 The Duck Troop Transport (MTT) is a versatile and often used transport vehicle in the <em>Chi\u1ebfn tranh gi\u1eefa c\u00e1c v\u00ec sao<\/em> universe, particularly within the context of the <em>Star Wars Battlefront<\/em> games and various other media. It is also referred to as the MTT (Multi-Troop Transport).<\/p>\n<p>\ud83d\udeab QUAN TR\u1eccNG!<\/p>\n<p>Product Name: Duck Troop Transport &#8211; MTT<\/p>\n<p>Th\u1ec3 lo\u1ea1i: Chi\u1ebfn tranh gi\u1eefa c\u00e1c v\u00ec sao<\/p>\n<p>This Kit Contains: F-C2301Y03<\/p>\n<p>1286 pcs Good Quality Bricks<\/p>\n<p>Weight: 2.4 kg<\/p>\n<p>H\u01b0\u1edbng d\u1eabn PDF<\/p>\n<p>\ud83d\udcccB\u1ea3n ch\u1ea5t c\u1ee7a nh\u00e2n v\u1eadt ch\u00ednh<\/p>\n<p>Introducing our proud collection named \u201cDuck Troop Transport &#8211; MTT\u201d you should not miss.<\/p>\n<p>In <em>Star Wars Battlefront II<\/em>, the MTT is used by the Separatists (or Trade Federation) and is designed to transport battle droids into combat zones. It features heavy armor, a troop bay that can carry multiple droids, and powerful blaster cannons for defense. The MTT is notable for its ability to support large-scale battles by delivering a significant number of troops to the front lines.&nbsp;<\/div>","protected":false},"excerpt":{"rendered":"<p>Th\u01b0\u01a1ng hi\u1ec7u: Nh\u00e0 m\u00e1y M\u1ed8C<br \/>\nGi\u1edbi t\u00ednh: Unisex<br \/>\n\u0110\u1ed9 tu\u1ed5i: &gt; 6 tu\u1ed5i<br \/>\nModel Number: 89104<br \/>\nPh\u00e2n lo\u1ea1i: T\u1eadp h\u1ee3p<br \/>\nH\u00ecnh d\u1ea1ng kh\u1ed1i nh\u1ef1a: G\u1ea1ch t\u1ef1 kh\u00f3a<br \/>\nCh\u1ea5t li\u1ec7u: Nh\u1ef1a<br \/>\nLo\u1ea1i nh\u1ef1a: ABS<br \/>\nBricks Blocks: 1286 +<br \/>\nKh\u00f4ng c\u00f3 h\u1ed9p ban \u0111\u1ea7u<br \/>\nS\u1ea3n ph\u1ea9m kh\u00f4ng bao g\u1ed3m STICKER v\u00e0 IN IN. T\u1ea5t c\u1ea3 c\u00e1c b\u1ed9 ph\u1eadn \u0111\u00e3 in s\u1ebd \u0111\u01b0\u1ee3c thay th\u1ebf b\u1eb1ng c\u00e1c b\u1ed9 ph\u1eadn ti\u00eau chu\u1ea9n v\u00e0 kh\u00f4ng \u0103n nh\u1eadp v\u1edbi c\u00e1c ph\u1ee5 ki\u1ec7n c\u1ee7a b\u00ean th\u1ee9 3.<\/p>","protected":false},"featured_media":60605,"comment_status":"open","ping_status":"closed","template":"","meta":{"_acf_changed":false},"product_cat":[1357,581,6016,415,364,1408],"product_tag":[11282,434,2276,436,389,11222,11187],"class_list":["product","first","instock","shipping-taxable","purchasable","product-type-simple"],"acf":[],"_links":{"self":[{"href":"https:\/\/mouldking.store\/vi\/wp-json\/wp\/v2\/product\/60606","targetHints":{"allow":["GET"]}}],"collection":[{"href":"https:\/\/mouldking.store\/vi\/wp-json\/wp\/v2\/product"}],"about":[{"href":"https:\/\/mouldking.store\/vi\/wp-json\/wp\/v2\/types\/product"}],"replies":[{"embeddable":true,"href":"https:\/\/mouldking.store\/vi\/wp-json\/wp\/v2\/comments?post=60606"}],"wp:featuredmedia":[{"embeddable":true,"href":"https:\/\/mouldking.store\/vi\/wp-json\/wp\/v2\/media\/60605"}],"wp:attachment":[{"href":"https:\/\/mouldking.store\/vi\/wp-json\/wp\/v2\/media?parent=60606"}],"wp:term":[{"taxonomy":"product_cat","embeddable":true,"href":"https:\/\/mouldking.store\/vi\/wp-json\/wp\/v2\/product_cat?post=60606"},{"taxonomy":"product_tag","embeddable":true,"href":"https:\/\/mouldking.store\/vi\/wp-json\/wp\/v2\/product_tag?post=60606"}],"curies":[{"name":"wp","href":"https:\/\/api.w.org\/{rel}","templated":true}]}}