{"id":60642,"date":"2024-08-22T18:43:29","date_gmt":"2024-08-22T11:43:29","guid":{"rendered":"https:\/\/mouldking.store\/shop\/moc-factory-89100-yellowstone-park-rip-wheeler-kayce-dutton-with-481-pieces\/"},"modified":"2025-12-16T20:59:01","modified_gmt":"2025-12-16T13:59:01","slug":"moc-factory-89100-yellowstone-park-rip-wheeler-kayce-dutton-with-481-pieces","status":"publish","type":"product","link":"https:\/\/mouldking.store\/vi\/shop\/moc-factory-89100-yellowstone-park-rip-wheeler-kayce-dutton-with-481-pieces\/","title":{"rendered":"MOC Factory 89100 Yellowstone Park &#8211; Rip Wheeler Kayce Dutton with 481 Pieces"},"content":{"rendered":"<div>\u2705 MOC-89100 Yellowstone Park &#8211; Rip Wheeler Kayce Dutton<\/p>\n<p>\u2705 Rip Wheeler and Kayce Dutton are key characters from the TV series <em>Yellowstone<\/em>, which revolves around the Dutton family and their Montana ranch.&nbsp;<\/p>\n<p>\ud83d\udeab QUAN TR\u1eccNG!<\/p>\n<p>Product Name: Yellowstone Park &#8211; Rip Wheeler Kayce Dutton<\/p>\n<p>Th\u1ec3 lo\u1ea1i: Phim<\/p>\n<p>This Kit Contains: F-C9831<\/p>\n<p>481 pcs Good Quality Bricks<\/p>\n<p>C\u00e2n n\u1eb7ng: 0,52kg<\/p>\n<p>H\u01b0\u1edbng d\u1eabn PDF<\/p>\n<p>\ud83d\udcccB\u1ea3n ch\u1ea5t c\u1ee7a nh\u00e2n v\u1eadt ch\u00ednh<\/p>\n<p>Introducing our proud collection named \u201cYellowstone Park &#8211; Rip Wheeler Kayce Dutton\u201d you should not miss.<\/p>\n<p>Played by Cole Hauser, Rip is a loyal ranch hand and the right-hand man of John Dutton, the ranch&#8217;s owner. He is known for his tough demeanor, strong work ethic, and deep sense of loyalty to the Dutton family. Rip&#8217;s backstory includes a troubled past, and he&#8217;s often depicted as a complex, morally ambiguous character who has a significant role in protecting the ranch and its interests.&nbsp; Played by Luke Grimes, Kayce is John Dutton&#8217;s youngest son. A former Navy SEAL, Kayce struggles with his past and his role on the ranch. He is known for his rugged individuality, internal conflicts, and strong sense of justice. Kayce often finds himself torn between his family loyalty and his desire to lead a different life.&nbsp;<\/p><\/div>","protected":false},"excerpt":{"rendered":"<p>Th\u01b0\u01a1ng hi\u1ec7u: Nh\u00e0 m\u00e1y M\u1ed8C<br \/>\nGi\u1edbi t\u00ednh: Unisex<br \/>\n\u0110\u1ed9 tu\u1ed5i: &gt; 6 tu\u1ed5i<br \/>\nModel Number: 89100<br \/>\nPh\u00e2n lo\u1ea1i: T\u1eadp h\u1ee3p<br \/>\nH\u00ecnh d\u1ea1ng kh\u1ed1i nh\u1ef1a: G\u1ea1ch t\u1ef1 kh\u00f3a<br \/>\nCh\u1ea5t li\u1ec7u: Nh\u1ef1a<br \/>\nLo\u1ea1i nh\u1ef1a: ABS<br \/>\nBricks Blocks: 481 +<br \/>\nKh\u00f4ng c\u00f3 h\u1ed9p ban \u0111\u1ea7u<br \/>\nS\u1ea3n ph\u1ea9m kh\u00f4ng bao g\u1ed3m STICKER v\u00e0 IN IN. T\u1ea5t c\u1ea3 c\u00e1c b\u1ed9 ph\u1eadn \u0111\u00e3 in s\u1ebd \u0111\u01b0\u1ee3c thay th\u1ebf b\u1eb1ng c\u00e1c b\u1ed9 ph\u1eadn ti\u00eau chu\u1ea9n v\u00e0 kh\u00f4ng \u0103n nh\u1eadp v\u1edbi c\u00e1c ph\u1ee5 ki\u1ec7n c\u1ee7a b\u00ean th\u1ee9 3.<\/p>","protected":false},"featured_media":60641,"comment_status":"open","ping_status":"closed","template":"","meta":{"_acf_changed":false},"product_cat":[1365,371,581,1408],"product_tag":[11072,8452,13561,13560,13559,434,7908,12447,13558],"class_list":["product","first","instock","shipping-taxable","purchasable","product-type-simple"],"acf":[],"_links":{"self":[{"href":"https:\/\/mouldking.store\/vi\/wp-json\/wp\/v2\/product\/60642","targetHints":{"allow":["GET"]}}],"collection":[{"href":"https:\/\/mouldking.store\/vi\/wp-json\/wp\/v2\/product"}],"about":[{"href":"https:\/\/mouldking.store\/vi\/wp-json\/wp\/v2\/types\/product"}],"replies":[{"embeddable":true,"href":"https:\/\/mouldking.store\/vi\/wp-json\/wp\/v2\/comments?post=60642"}],"wp:featuredmedia":[{"embeddable":true,"href":"https:\/\/mouldking.store\/vi\/wp-json\/wp\/v2\/media\/60641"}],"wp:attachment":[{"href":"https:\/\/mouldking.store\/vi\/wp-json\/wp\/v2\/media?parent=60642"}],"wp:term":[{"taxonomy":"product_cat","embeddable":true,"href":"https:\/\/mouldking.store\/vi\/wp-json\/wp\/v2\/product_cat?post=60642"},{"taxonomy":"product_tag","embeddable":true,"href":"https:\/\/mouldking.store\/vi\/wp-json\/wp\/v2\/product_tag?post=60642"}],"curies":[{"name":"wp","href":"https:\/\/api.w.org\/{rel}","templated":true}]}}