{"id":60682,"date":"2024-08-22T18:45:01","date_gmt":"2024-08-22T11:45:01","guid":{"rendered":"https:\/\/mouldking.store\/shop\/mould-king-10113-nissan-skyline-gtr-r34-with-1471-pieces\/"},"modified":"2024-08-22T18:45:07","modified_gmt":"2024-08-22T11:45:07","slug":"mould-king-10113-nissan-skyline-gtr-r34-with-1471-pieces","status":"publish","type":"product","link":"https:\/\/mouldking.store\/vi\/shop\/mould-king-10113-nissan-skyline-gtr-r34-with-1471-pieces\/","title":{"rendered":"KHU\u00d4N M\u1eaaU KING 10113 Nissan Skyline GTR R34 v\u1edbi 1471 m\u1ea3nh gh\u00e9p"},"content":{"rendered":"<div>\u2705Khu\u00f4nKing 10113 Nissan Skyline GTR R34<\/p>\n<p>\u2705 Nissan Skyline GT-R R34 l\u00e0 m\u1ed9t chi\u1ebfc xe th\u1ec3 thao huy\u1ec1n tho\u1ea1i \u0111\u00e3 t\u1ea1o d\u1ef1ng \u0111\u01b0\u1ee3c danh ti\u1ebfng v\u1ec1 hi\u1ec7u su\u1ea5t v\u00e0 ti\u1ec1m n\u0103ng \u0111i\u1ec1u ch\u1ec9nh. \u0110\u01b0\u1ee3c s\u1ea3n xu\u1ea5t t\u1eeb n\u0103m 1999 \u0111\u1ebfn n\u0103m 2002, xe c\u00f3 \u0111\u1ed9ng c\u01a1 s\u00e1u xi-lanh th\u1eb3ng h\u00e0ng 2,6 l\u00edt (RB26DETT) v\u1edbi b\u1ed9 t\u0103ng \u00e1p k\u00e9p, s\u1ea3n sinh c\u00f4ng su\u1ea5t kho\u1ea3ng 280 m\u00e3 l\u1ef1c.&nbsp;<\/p>\n<p>\ud83d\udeab QUAN TR\u1eccNG!<\/p>\n<p>T\u00ean s\u1ea3n ph\u1ea9m: Nissan Skyline GTR R34<\/p>\n<p>Danh m\u1ee5c: K\u1ef9 thu\u1eadt<\/p>\n<p>B\u1ed9 s\u1ea3n ph\u1ea9m n\u00e0y bao g\u1ed3m: MouldKing 10113&nbsp;<\/p>\n<p>1471 vi\u00ean g\u1ea1ch ch\u1ea5t l\u01b0\u1ee3ng t\u1ed1t<\/p>\n<p>K\u00edch th\u01b0\u1edbc: 33,7 \u00d7 16,6 \u00d7 9,6 cm<\/p>\n<p>H\u01b0\u1edbng d\u1eabn th\u1ee7 c\u00f4ng<\/p>\n<p>\ud83d\udcccB\u1ea3n ch\u1ea5t c\u1ee7a nh\u00e2n v\u1eadt ch\u00ednh<\/p>\n<p>Xin gi\u1edbi thi\u1ec7u b\u1ed9 s\u01b0u t\u1eadp \u0111\u00e1ng t\u1ef1 h\u00e0o c\u1ee7a ch\u00fang t\u00f4i mang t\u00ean \u201cNissan Skyline GTR R34\u201d m\u00e0 b\u1ea1n kh\u00f4ng n\u00ean b\u1ecf l\u1ee1.<\/p>\n<p>&nbsp;R34 GT-R n\u1ed5i ti\u1ebfng v\u1edbi c\u00f4ng ngh\u1ec7 ti\u00ean ti\u1ebfn, bao g\u1ed3m h\u1ec7 th\u1ed1ng d\u1eabn \u0111\u1ed9ng b\u1ed1n b\u00e1nh ATTESA E-TS v\u00e0 h\u1ec7 th\u1ed1ng Super-HICAS (L\u00e1i ch\u1ee7 \u0111\u1ed9ng c\u00f4ng su\u1ea5t l\u1edbn), gi\u00fap t\u0103ng c\u01b0\u1eddng kh\u1ea3 n\u0103ng x\u1eed l\u00fd v\u00e0 \u0111\u1ed9 \u1ed5n \u0111\u1ecbnh.&nbsp;<\/p><\/div>","protected":false},"excerpt":{"rendered":"<p>Th\u01b0\u01a1ng hi\u1ec7u: VUA KHU\u00d4N<br \/>\nGi\u1edbi t\u00ednh: Unisex<br \/>\n\u0110\u1ed9 tu\u1ed5i: &gt; 6 tu\u1ed5i<br \/>\nS\u1ed1 hi\u1ec7u: 10113<br \/>\nPh\u00e2n lo\u1ea1i: T\u1eadp h\u1ee3p<br \/>\nH\u00ecnh d\u1ea1ng kh\u1ed1i nh\u1ef1a: G\u1ea1ch t\u1ef1 kh\u00f3a<br \/>\nCh\u1ea5t li\u1ec7u: Nh\u1ef1a<br \/>\nLo\u1ea1i nh\u1ef1a: ABS<br \/>\nG\u1ea1ch Kh\u1ed1i: 1471 +<br \/>\nKh\u00f4ng c\u00f3 h\u1ed9p ban \u0111\u1ea7u<br \/>\nS\u1ea3n ph\u1ea9m kh\u00f4ng bao g\u1ed3m STICKER v\u00e0 IN IN. T\u1ea5t c\u1ea3 c\u00e1c b\u1ed9 ph\u1eadn \u0111\u00e3 in s\u1ebd \u0111\u01b0\u1ee3c thay th\u1ebf b\u1eb1ng c\u00e1c b\u1ed9 ph\u1eadn ti\u00eau chu\u1ea9n v\u00e0 kh\u00f4ng \u0103n nh\u1eadp v\u1edbi c\u00e1c ph\u1ee5 ki\u1ec7n c\u1ee7a b\u00ean th\u1ee9 3.<\/p>","protected":false},"featured_media":60681,"comment_status":"open","ping_status":"closed","template":"","meta":{"_acf_changed":false},"product_cat":[1360,1357,371,372,390,581,6016,415,364,1875],"product_tag":[457,2694,13569,366,2693,13567,10530,13568,389,11080],"class_list":["product","first","instock","shipping-taxable","purchasable","product-type-simple"],"acf":[],"_links":{"self":[{"href":"https:\/\/mouldking.store\/vi\/wp-json\/wp\/v2\/product\/60682","targetHints":{"allow":["GET"]}}],"collection":[{"href":"https:\/\/mouldking.store\/vi\/wp-json\/wp\/v2\/product"}],"about":[{"href":"https:\/\/mouldking.store\/vi\/wp-json\/wp\/v2\/types\/product"}],"replies":[{"embeddable":true,"href":"https:\/\/mouldking.store\/vi\/wp-json\/wp\/v2\/comments?post=60682"}],"wp:featuredmedia":[{"embeddable":true,"href":"https:\/\/mouldking.store\/vi\/wp-json\/wp\/v2\/media\/60681"}],"wp:attachment":[{"href":"https:\/\/mouldking.store\/vi\/wp-json\/wp\/v2\/media?parent=60682"}],"wp:term":[{"taxonomy":"product_cat","embeddable":true,"href":"https:\/\/mouldking.store\/vi\/wp-json\/wp\/v2\/product_cat?post=60682"},{"taxonomy":"product_tag","embeddable":true,"href":"https:\/\/mouldking.store\/vi\/wp-json\/wp\/v2\/product_tag?post=60682"}],"curies":[{"name":"wp","href":"https:\/\/api.w.org\/{rel}","templated":true}]}}