{"id":60832,"date":"2024-08-28T18:18:17","date_gmt":"2024-08-28T11:18:17","guid":{"rendered":"https:\/\/mouldking.store\/shop\/mould-king-17011s-tow-truck-with-1250-pieces\/"},"modified":"2024-08-28T18:18:23","modified_gmt":"2024-08-28T11:18:23","slug":"mould-king-17011s-tow-truck-with-1250-pieces","status":"publish","type":"product","link":"https:\/\/mouldking.store\/vi\/shop\/mould-king-17011s-tow-truck-with-1250-pieces\/","title":{"rendered":"MOULD KING 17011S Tow Truck with 1250 Pieces"},"content":{"rendered":"<div>\u2705MouldKing 17011S Tow Truck<\/p>\n<p>\ud83d\udeab QUAN TR\u1eccNG!<\/p>\n<p>Product Name: Tow Truck<\/p>\n<p>Danh m\u1ee5c: K\u1ef9 thu\u1eadt<\/p>\n<p>This Kit Contains: MouldKing 17011S<\/p>\n<p>1250 pcs Good Quality Bricks<\/p>\n<p>Size: 51.8 \u00d7 15.6 \u00d7 18.1 cm<\/p>\n<p>H\u01b0\u1edbng d\u1eabn th\u1ee7 c\u00f4ng<\/p>\n<p>\ud83d\udcccB\u1ea3n ch\u1ea5t c\u1ee7a nh\u00e2n v\u1eadt ch\u00ednh<\/p>\n<p>Introducing our proud collection named \u201cTow Truck\u201d you should not miss.<\/p>\n<p>&nbsp;A <strong>tow truck<\/strong>, also known as a wrecker or recovery vehicle, is designed to transport disabled, improperly parked, impounded, or otherwise indisposed vehicles. Tow trucks come in various types, each specialized for different towing and recovery scenarios. They are essential for roadside assistance services, law enforcement, vehicle recovery operations, and more.&nbsp;<\/div>","protected":false},"excerpt":{"rendered":"<p>Th\u01b0\u01a1ng hi\u1ec7u: VUA KHU\u00d4N<br \/>\nGi\u1edbi t\u00ednh: Unisex<br \/>\n\u0110\u1ed9 tu\u1ed5i: &gt; 14 tu\u1ed5i<br \/>\nModel Number: 17011S<br \/>\nPh\u00e2n lo\u1ea1i: T\u1eadp h\u1ee3p<br \/>\nH\u00ecnh d\u1ea1ng kh\u1ed1i nh\u1ef1a: G\u1ea1ch t\u1ef1 kh\u00f3a<br \/>\nCh\u1ea5t li\u1ec7u: Nh\u1ef1a<br \/>\nLo\u1ea1i nh\u1ef1a: ABS<br \/>\nBricks Blocks: 1250 +<br \/>\nKh\u00f4ng c\u00f3 h\u1ed9p ban \u0111\u1ea7u<br \/>\nS\u1ea3n ph\u1ea9m kh\u00f4ng bao g\u1ed3m STICKER v\u00e0 IN IN. T\u1ea5t c\u1ea3 c\u00e1c b\u1ed9 ph\u1eadn \u0111\u00e3 in s\u1ebd \u0111\u01b0\u1ee3c thay th\u1ebf b\u1eb1ng c\u00e1c b\u1ed9 ph\u1eadn ti\u00eau chu\u1ea9n v\u00e0 kh\u00f4ng \u0103n nh\u1eadp v\u1edbi c\u00e1c ph\u1ee5 ki\u1ec7n c\u1ee7a b\u00ean th\u1ee9 3.<\/p>","protected":false},"featured_media":60831,"comment_status":"open","ping_status":"closed","template":"","meta":{"_acf_changed":false},"product_cat":[1354,1357,371,372,390,581,6016,415,364],"product_tag":[2488,13584,366,389,11080,2568,2566,11182,466],"class_list":["product","first","instock","shipping-taxable","purchasable","product-type-simple"],"acf":[],"_links":{"self":[{"href":"https:\/\/mouldking.store\/vi\/wp-json\/wp\/v2\/product\/60832","targetHints":{"allow":["GET"]}}],"collection":[{"href":"https:\/\/mouldking.store\/vi\/wp-json\/wp\/v2\/product"}],"about":[{"href":"https:\/\/mouldking.store\/vi\/wp-json\/wp\/v2\/types\/product"}],"replies":[{"embeddable":true,"href":"https:\/\/mouldking.store\/vi\/wp-json\/wp\/v2\/comments?post=60832"}],"wp:featuredmedia":[{"embeddable":true,"href":"https:\/\/mouldking.store\/vi\/wp-json\/wp\/v2\/media\/60831"}],"wp:attachment":[{"href":"https:\/\/mouldking.store\/vi\/wp-json\/wp\/v2\/media?parent=60832"}],"wp:term":[{"taxonomy":"product_cat","embeddable":true,"href":"https:\/\/mouldking.store\/vi\/wp-json\/wp\/v2\/product_cat?post=60832"},{"taxonomy":"product_tag","embeddable":true,"href":"https:\/\/mouldking.store\/vi\/wp-json\/wp\/v2\/product_tag?post=60832"}],"curies":[{"name":"wp","href":"https:\/\/api.w.org\/{rel}","templated":true}]}}