{"id":60855,"date":"2024-08-28T18:19:14","date_gmt":"2024-08-28T11:19:14","guid":{"rendered":"https:\/\/mouldking.store\/shop\/mould-king-10065s-black-pearl-drifting-bottle-with-2416-pieces\/"},"modified":"2024-08-28T18:19:21","modified_gmt":"2024-08-28T11:19:21","slug":"mould-king-10065s-black-pearl-drifting-bottle-with-2416-pieces","status":"publish","type":"product","link":"https:\/\/mouldking.store\/vi\/shop\/mould-king-10065s-black-pearl-drifting-bottle-with-2416-pieces\/","title":{"rendered":"MOULD KING 10065S Black Pearl Drifting Bottle with 2416 Pieces"},"content":{"rendered":"<div>\u2705MouldKing 10065S Black Pearl Drifting Bottle<\/p>\n<p>\u2705 C\u00e1c <strong>Black Pearl Drifting Bottle<\/strong> is a type of collectible or decorative item inspired by the legendary pirate ship, the Black Pearl, from the &#8220;Pirates of the Caribbean&#8221; franchise. These drifting bottles are often created as unique pieces for fans of the series or collectors of maritime-themed memorabilia.&nbsp;<\/p>\n<p>\ud83d\udeab QUAN TR\u1eccNG!<\/p>\n<p>Product Name: Black Pearl Drifting Bottle<\/p>\n<p>Th\u1ec3 lo\u1ea1i: Phim<\/p>\n<p>This Kit Contains: MouldKing 10065S<\/p>\n<p>2416 pcs Good Quality Bricks<\/p>\n<p>Size: 54.4 \u00d7 18.8 \u00d7 19.5 cm<\/p>\n<p>H\u01b0\u1edbng d\u1eabn th\u1ee7 c\u00f4ng<\/p>\n<p>\ud83d\udcccB\u1ea3n ch\u1ea5t c\u1ee7a nh\u00e2n v\u1eadt ch\u00ednh<\/p>\n<p>Introducing our proud collection named \u201cBlack Pearl Drifting Bottle\u201d you should not miss.<\/p>\n<p>Inside the bottle, there is typically a detailed miniature model of the Black Pearl, the iconic pirate ship captained by Jack Sparrow in the &#8220;Pirates of the Caribbean&#8221; movies.&nbsp; The drifting bottle may include additional elements such as ocean waves, sand, or other maritime details to enhance the visual appeal.&nbsp;<\/p><\/div>","protected":false},"excerpt":{"rendered":"<p>Th\u01b0\u01a1ng hi\u1ec7u: VUA KHU\u00d4N<br \/>\nGi\u1edbi t\u00ednh: Unisex<br \/>\n\u0110\u1ed9 tu\u1ed5i: &gt; 14 tu\u1ed5i<br \/>\nModel Number: 10065S<br \/>\nPh\u00e2n lo\u1ea1i: T\u1eadp h\u1ee3p<br \/>\nH\u00ecnh d\u1ea1ng kh\u1ed1i nh\u1ef1a: G\u1ea1ch t\u1ef1 kh\u00f3a<br \/>\nCh\u1ea5t li\u1ec7u: Nh\u1ef1a<br \/>\nLo\u1ea1i nh\u1ef1a: ABS<br \/>\nBricks Blocks: 2416 +<br \/>\nKh\u00f4ng c\u00f3 h\u1ed9p ban \u0111\u1ea7u<br \/>\nS\u1ea3n ph\u1ea9m kh\u00f4ng bao g\u1ed3m STICKER v\u00e0 IN IN. T\u1ea5t c\u1ea3 c\u00e1c b\u1ed9 ph\u1eadn \u0111\u00e3 in s\u1ebd \u0111\u01b0\u1ee3c thay th\u1ebf b\u1eb1ng c\u00e1c b\u1ed9 ph\u1eadn ti\u00eau chu\u1ea9n v\u00e0 kh\u00f4ng \u0103n nh\u1eadp v\u1edbi c\u00e1c ph\u1ee5 ki\u1ec7n c\u1ee7a b\u00ean th\u1ee9 3.<\/p>","protected":false},"author":83,"featured_media":60854,"comment_status":"open","ping_status":"closed","template":"","meta":{"_acf_changed":false},"product_cat":[1365,371,372,390,581,6016,415,364,1408],"product_tag":[6240,12062,11072,8452,12600,12732,366,434],"class_list":["product","first","instock","shipping-taxable","purchasable","product-type-simple"],"acf":[],"_links":{"self":[{"href":"https:\/\/mouldking.store\/vi\/wp-json\/wp\/v2\/product\/60855","targetHints":{"allow":["GET"]}}],"collection":[{"href":"https:\/\/mouldking.store\/vi\/wp-json\/wp\/v2\/product"}],"about":[{"href":"https:\/\/mouldking.store\/vi\/wp-json\/wp\/v2\/types\/product"}],"author":[{"embeddable":true,"href":"https:\/\/mouldking.store\/vi\/wp-json\/wp\/v2\/users\/83"}],"replies":[{"embeddable":true,"href":"https:\/\/mouldking.store\/vi\/wp-json\/wp\/v2\/comments?post=60855"}],"wp:featuredmedia":[{"embeddable":true,"href":"https:\/\/mouldking.store\/vi\/wp-json\/wp\/v2\/media\/60854"}],"wp:attachment":[{"href":"https:\/\/mouldking.store\/vi\/wp-json\/wp\/v2\/media?parent=60855"}],"wp:term":[{"taxonomy":"product_cat","embeddable":true,"href":"https:\/\/mouldking.store\/vi\/wp-json\/wp\/v2\/product_cat?post=60855"},{"taxonomy":"product_tag","embeddable":true,"href":"https:\/\/mouldking.store\/vi\/wp-json\/wp\/v2\/product_tag?post=60855"}],"curies":[{"name":"wp","href":"https:\/\/api.w.org\/{rel}","templated":true}]}}