{"id":60879,"date":"2024-08-28T18:20:37","date_gmt":"2024-08-28T11:20:37","guid":{"rendered":"https:\/\/mouldking.store\/shop\/mould-king-10131-bgt-supercar-with-w16-engine-with-motor-with-952-pieces\/"},"modified":"2024-08-28T18:20:43","modified_gmt":"2024-08-28T11:20:43","slug":"mould-king-10131-bgt-supercar-with-w16-engine-with-motor-with-952-pieces","status":"publish","type":"product","link":"https:\/\/mouldking.store\/vi\/shop\/mould-king-10131-bgt-supercar-with-w16-engine-with-motor-with-952-pieces\/","title":{"rendered":"MOULD KING 10131 BGT Supercar With W16 Engine With Motor with 952 Pieces"},"content":{"rendered":"<div>\u2705MouldKing 10131 BGT Supercar With W16 Engine With Motor<\/p>\n<p>\u2705 C\u00e1c <strong>BGT Supercar<\/strong> with a W16 engine isn&#8217;t a widely recognized or official model from mainstream car manufacturers. However, the concept of a supercar with a W16 engine is closely associated with the <strong>Bugatti Chiron<\/strong>, a well-known example of a high-performance vehicle featuring a W16 engine.&nbsp;<\/p>\n<p>\ud83d\udeab QUAN TR\u1eccNG!<\/p>\n<p>Product Name: BGT Supercar With W16 Engine With Motor<\/p>\n<p>Danh m\u1ee5c: K\u1ef9 thu\u1eadt<\/p>\n<p>This Kit Contains: MouldKing 10131<\/p>\n<p>952 pcs Good Quality Bricks<\/p>\n<p>Size: 30.2 \u00d7 14.8 \u00d7 15 cm<\/p>\n<p>H\u01b0\u1edbng d\u1eabn th\u1ee7 c\u00f4ng<\/p>\n<p>\ud83d\udcccB\u1ea3n ch\u1ea5t c\u1ee7a nh\u00e2n v\u1eadt ch\u00ednh<\/p>\n<p>Introducing our proud collection named \u201cBGT Supercar With W16 Engine With Motor\u201d you should not miss.<\/p>\n<p>The Bugatti Chiron is equipped with an 8.0-liter W16 engine, which is essentially a W-shaped 16-cylinder engine. This configuration features four banks of cylinders arranged in a W pattern, providing exceptional power and smooth operation.&nbsp; The engine uses four turbochargers to achieve its incredible performance levels. This setup delivers a peak power output of around 1,479 horsepower (1,500 PS) and 1,180 lb-ft (1,600 Nm) of torque.&nbsp;<\/p><\/div>","protected":false},"excerpt":{"rendered":"<p>Th\u01b0\u01a1ng hi\u1ec7u: VUA KHU\u00d4N<br \/>\nGi\u1edbi t\u00ednh: Unisex<br \/>\n\u0110\u1ed9 tu\u1ed5i: &gt; 14 tu\u1ed5i<br \/>\nModel Number: 10131<br \/>\nPh\u00e2n lo\u1ea1i: T\u1eadp h\u1ee3p<br \/>\nH\u00ecnh d\u1ea1ng kh\u1ed1i nh\u1ef1a: G\u1ea1ch t\u1ef1 kh\u00f3a<br \/>\nCh\u1ea5t li\u1ec7u: Nh\u1ef1a<br \/>\nLo\u1ea1i nh\u1ef1a: ABS<br \/>\nBricks Blocks: 952 +<br \/>\nKh\u00f4ng c\u00f3 h\u1ed9p ban \u0111\u1ea7u<br \/>\nS\u1ea3n ph\u1ea9m kh\u00f4ng bao g\u1ed3m STICKER v\u00e0 IN IN. T\u1ea5t c\u1ea3 c\u00e1c b\u1ed9 ph\u1eadn \u0111\u00e3 in s\u1ebd \u0111\u01b0\u1ee3c thay th\u1ebf b\u1eb1ng c\u00e1c b\u1ed9 ph\u1eadn ti\u00eau chu\u1ea9n v\u00e0 kh\u00f4ng \u0103n nh\u1eadp v\u1edbi c\u00e1c ph\u1ee5 ki\u1ec7n c\u1ee7a b\u00ean th\u1ee9 3.<\/p>","protected":false},"featured_media":60878,"comment_status":"open","ping_status":"closed","template":"","meta":{"_acf_changed":false},"product_cat":[1357,371,372,390,581,6016,415,364],"product_tag":[13587,10493,366,588,389,11080],"class_list":["product","first","instock","shipping-taxable","purchasable","product-type-simple"],"acf":[],"_links":{"self":[{"href":"https:\/\/mouldking.store\/vi\/wp-json\/wp\/v2\/product\/60879","targetHints":{"allow":["GET"]}}],"collection":[{"href":"https:\/\/mouldking.store\/vi\/wp-json\/wp\/v2\/product"}],"about":[{"href":"https:\/\/mouldking.store\/vi\/wp-json\/wp\/v2\/types\/product"}],"replies":[{"embeddable":true,"href":"https:\/\/mouldking.store\/vi\/wp-json\/wp\/v2\/comments?post=60879"}],"wp:featuredmedia":[{"embeddable":true,"href":"https:\/\/mouldking.store\/vi\/wp-json\/wp\/v2\/media\/60878"}],"wp:attachment":[{"href":"https:\/\/mouldking.store\/vi\/wp-json\/wp\/v2\/media?parent=60879"}],"wp:term":[{"taxonomy":"product_cat","embeddable":true,"href":"https:\/\/mouldking.store\/vi\/wp-json\/wp\/v2\/product_cat?post=60879"},{"taxonomy":"product_tag","embeddable":true,"href":"https:\/\/mouldking.store\/vi\/wp-json\/wp\/v2\/product_tag?post=60879"}],"curies":[{"name":"wp","href":"https:\/\/api.w.org\/{rel}","templated":true}]}}