{"id":60910,"date":"2024-08-29T18:29:23","date_gmt":"2024-08-29T11:29:23","guid":{"rendered":"https:\/\/mouldking.store\/shop\/quanguan-100287-yakovlev-yak-1b-with-627-pieces\/"},"modified":"2024-08-29T18:29:31","modified_gmt":"2024-08-29T11:29:31","slug":"quanguan-100287-yakovlev-yak-1b-with-627-pieces","status":"publish","type":"product","link":"https:\/\/mouldking.store\/vi\/shop\/quanguan-100287-yakovlev-yak-1b-with-627-pieces\/","title":{"rendered":"QUANGUAN 100287 Yakovlev Yak-1B v\u1edbi 627 m\u1ea3nh"},"content":{"rendered":"<div>\u2705Quan Guan 100287 Yakovlev Yak-1B<\/p>\n<p>\u2705 C\u00e1c <strong>Yakovlev Yak-1B<\/strong> was a variant of the Yakovlev Yak-1, a Soviet single-engine fighter aircraft used extensively during World War II. The Yak-1 series was among the first successful Soviet fighter designs of the war, and the Yak-1B variant, introduced in 1942, incorporated several important improvements that enhanced its combat effectiveness. Known for its agility, speed, and reliable performance, the Yak-1B was a favorite among Soviet pilots and played a crucial role on the Eastern Front.&nbsp;<\/p>\n<p>\ud83d\udeab QUAN TR\u1eccNG!<\/p>\n<p>Product Name: Yakovlev Yak-1B<\/p>\n<p>Th\u1ec3 lo\u1ea1i: Qu\u00e2n s\u1ef1<\/p>\n<p>This Kit Contains: Quan Guan 100287<\/p>\n<p>627 pcs Good Quality Bricks<\/p>\n<p>Size: 26.2 \u00d7 33.6 \u00d7 13 cm<\/p>\n<p>H\u01b0\u1edbng d\u1eabn th\u1ee7 c\u00f4ng<\/p>\n<p>\ud83d\udcccB\u1ea3n ch\u1ea5t c\u1ee7a nh\u00e2n v\u1eadt ch\u00ednh<\/p>\n<p>Introducing our proud collection named \u201cYakovlev Yak-1B\u201d you should not miss.<\/p>\n<p>The Yak-1B was powered by a Klimov M-105PF engine, which allowed it to reach a maximum speed of around 370 mph (595 km\/h) and provided strong climbing and maneuvering capabilities. The aircraft&#8217;s design included improved cockpit visibility, thanks to a modified canopy, and enhanced pilot protection with an armored backrest. The Yak-1B was armed with a 20mm ShVAK cannon mounted through the propeller hub and a 12.7mm Berezin UBS machine gun, providing significant firepower against enemy aircraft.&nbsp;<\/p><\/div>","protected":false},"excerpt":{"rendered":"<p>Th\u01b0\u01a1ng hi\u1ec7u: QUANGUAN<br \/>\nGi\u1edbi t\u00ednh: Unisex<br \/>\nAge Range: &gt; 10 years old<br \/>\nModel Number: 100287<br \/>\nPh\u00e2n lo\u1ea1i: T\u1eadp h\u1ee3p<br \/>\nH\u00ecnh d\u1ea1ng kh\u1ed1i nh\u1ef1a: G\u1ea1ch t\u1ef1 kh\u00f3a<br \/>\nCh\u1ea5t li\u1ec7u: Nh\u1ef1a<br \/>\nLo\u1ea1i nh\u1ef1a: ABS<br \/>\nBricks Blocks: 627 +<br \/>\nKh\u00f4ng c\u00f3 h\u1ed9p ban \u0111\u1ea7u<br \/>\nS\u1ea3n ph\u1ea9m kh\u00f4ng bao g\u1ed3m STICKER v\u00e0 IN IN. T\u1ea5t c\u1ea3 c\u00e1c b\u1ed9 ph\u1eadn \u0111\u00e3 in s\u1ebd \u0111\u01b0\u1ee3c thay th\u1ebf b\u1eb1ng c\u00e1c b\u1ed9 ph\u1eadn ti\u00eau chu\u1ea9n v\u00e0 kh\u00f4ng \u0103n nh\u1eadp v\u1edbi c\u00e1c ph\u1ee5 ki\u1ec7n c\u1ee7a b\u00ean th\u1ee9 3.<\/p>","protected":false},"featured_media":60909,"comment_status":"open","ping_status":"closed","template":"","meta":{"_acf_changed":false},"product_cat":[1350,1357,372,364],"product_tag":[11101,5271,7374,374,4506,12069,389,13592,13591],"class_list":["product","first","instock","shipping-taxable","purchasable","product-type-simple"],"acf":[],"_links":{"self":[{"href":"https:\/\/mouldking.store\/vi\/wp-json\/wp\/v2\/product\/60910","targetHints":{"allow":["GET"]}}],"collection":[{"href":"https:\/\/mouldking.store\/vi\/wp-json\/wp\/v2\/product"}],"about":[{"href":"https:\/\/mouldking.store\/vi\/wp-json\/wp\/v2\/types\/product"}],"replies":[{"embeddable":true,"href":"https:\/\/mouldking.store\/vi\/wp-json\/wp\/v2\/comments?post=60910"}],"wp:featuredmedia":[{"embeddable":true,"href":"https:\/\/mouldking.store\/vi\/wp-json\/wp\/v2\/media\/60909"}],"wp:attachment":[{"href":"https:\/\/mouldking.store\/vi\/wp-json\/wp\/v2\/media?parent=60910"}],"wp:term":[{"taxonomy":"product_cat","embeddable":true,"href":"https:\/\/mouldking.store\/vi\/wp-json\/wp\/v2\/product_cat?post=60910"},{"taxonomy":"product_tag","embeddable":true,"href":"https:\/\/mouldking.store\/vi\/wp-json\/wp\/v2\/product_tag?post=60910"}],"curies":[{"name":"wp","href":"https:\/\/api.w.org\/{rel}","templated":true}]}}