{"id":60923,"date":"2024-08-29T18:30:13","date_gmt":"2024-08-29T11:30:13","guid":{"rendered":"https:\/\/mouldking.store\/shop\/ly-76107-deadpool-with-2002-pieces\/"},"modified":"2024-08-29T18:30:22","modified_gmt":"2024-08-29T11:30:22","slug":"ly-76107-deadpool-with-2002-pieces","status":"publish","type":"product","link":"https:\/\/mouldking.store\/vi\/shop\/ly-76107-deadpool-with-2002-pieces\/","title":{"rendered":"LY 76107 Deadpool with 2002 Pieces"},"content":{"rendered":"<div>\u2705LY 76107 Deadpool<\/p>\n<p>\u2705<strong>Deadpool<\/strong> is a popular antihero from Marvel Comics, known for his irreverent humor, meta-commentary, and unconventional approach to crime-fighting. Created by artist Rob Liefeld and writer Fabian Nicieza, Deadpool first appeared in <em>New Mutants<\/em> #98 in 1990.&nbsp;<\/p>\n<p>\ud83d\udeab QUAN TR\u1eccNG!<\/p>\n<p>Product Name: Deadpool<\/p>\n<p>Th\u1ec3 lo\u1ea1i: Phim<\/p>\n<p>This Kit Contains: LY 76107<\/p>\n<p>2002 pcs Good Quality Bricks<\/p>\n<p>Size: 27.5 \u00d7 21 \u00d7 35 cm<\/p>\n<p>H\u01b0\u1edbng d\u1eabn th\u1ee7 c\u00f4ng<\/p>\n<p>\ud83d\udcccB\u1ea3n ch\u1ea5t c\u1ee7a nh\u00e2n v\u1eadt ch\u00ednh<\/p>\n<p>Introducing our proud collection named \u201cDeadpool\u201d you should not miss.<\/p>\n<p>His costume is typically a red and black suit that includes a full mask, which conceals his scarred face and reflects his distinctive, flamboyant style.&nbsp; Deadpool has been featured in various comic storylines, such as &#8220;The Deadpool Corps&#8221; and &#8220;Deadpool vs. Thanos.&#8221; His character is also known for his frequent crossovers with other Marvel characters and teams.&nbsp;<\/p><\/div>","protected":false},"excerpt":{"rendered":"<p>Brand: LY<br \/>\nGi\u1edbi t\u00ednh: Unisex<br \/>\n\u0110\u1ed9 tu\u1ed5i: &gt; 14 tu\u1ed5i<br \/>\nModel Number: 76107<br \/>\nPh\u00e2n lo\u1ea1i: T\u1eadp h\u1ee3p<br \/>\nH\u00ecnh d\u1ea1ng kh\u1ed1i nh\u1ef1a: G\u1ea1ch t\u1ef1 kh\u00f3a<br \/>\nCh\u1ea5t li\u1ec7u: Nh\u1ef1a<br \/>\nLo\u1ea1i nh\u1ef1a: ABS<br \/>\nBricks Blocks: 2002 +<br \/>\nKh\u00f4ng c\u00f3 h\u1ed9p ban \u0111\u1ea7u<br \/>\nS\u1ea3n ph\u1ea9m kh\u00f4ng bao g\u1ed3m STICKER v\u00e0 IN IN. T\u1ea5t c\u1ea3 c\u00e1c b\u1ed9 ph\u1eadn \u0111\u00e3 in s\u1ebd \u0111\u01b0\u1ee3c thay th\u1ebf b\u1eb1ng c\u00e1c b\u1ed9 ph\u1eadn ti\u00eau chu\u1ea9n v\u00e0 kh\u00f4ng \u0103n nh\u1eadp v\u1edbi c\u00e1c ph\u1ee5 ki\u1ec7n c\u1ee7a b\u00ean th\u1ee9 3.<\/p>","protected":false},"featured_media":60922,"comment_status":"open","ping_status":"closed","template":"","meta":{"_acf_changed":false},"product_cat":[1365,1848,371,581,1408],"product_tag":[11148,11072,8452,12759,1496,434],"class_list":["product","first","instock","shipping-taxable","purchasable","product-type-simple"],"acf":[],"_links":{"self":[{"href":"https:\/\/mouldking.store\/vi\/wp-json\/wp\/v2\/product\/60923","targetHints":{"allow":["GET"]}}],"collection":[{"href":"https:\/\/mouldking.store\/vi\/wp-json\/wp\/v2\/product"}],"about":[{"href":"https:\/\/mouldking.store\/vi\/wp-json\/wp\/v2\/types\/product"}],"replies":[{"embeddable":true,"href":"https:\/\/mouldking.store\/vi\/wp-json\/wp\/v2\/comments?post=60923"}],"wp:featuredmedia":[{"embeddable":true,"href":"https:\/\/mouldking.store\/vi\/wp-json\/wp\/v2\/media\/60922"}],"wp:attachment":[{"href":"https:\/\/mouldking.store\/vi\/wp-json\/wp\/v2\/media?parent=60923"}],"wp:term":[{"taxonomy":"product_cat","embeddable":true,"href":"https:\/\/mouldking.store\/vi\/wp-json\/wp\/v2\/product_cat?post=60923"},{"taxonomy":"product_tag","embeddable":true,"href":"https:\/\/mouldking.store\/vi\/wp-json\/wp\/v2\/product_tag?post=60923"}],"curies":[{"name":"wp","href":"https:\/\/api.w.org\/{rel}","templated":true}]}}