{"id":60942,"date":"2024-08-29T18:31:06","date_gmt":"2024-08-29T11:31:06","guid":{"rendered":"https:\/\/mouldking.store\/shop\/wange-4516-dicker-max-with-632-pieces\/"},"modified":"2024-08-29T18:31:11","modified_gmt":"2024-08-29T11:31:11","slug":"wange-4516-dicker-max-with-632-pieces","status":"publish","type":"product","link":"https:\/\/mouldking.store\/vi\/shop\/wange-4516-dicker-max-with-632-pieces\/","title":{"rendered":"WANGE 4516 Dicker Max with 632 Pieces"},"content":{"rendered":"<div>\u2705WANGE 4516 Dicker Max<\/p>\n<p>\u2705 C\u00e1c <strong>Dicker Max<\/strong> (German for &#8220;Fat Max&#8221;) was a German self-propelled gun and tank destroyer developed during World War II. Officially designated as the <strong>12.8 cm Selbstfahrlafette auf VK 3001(H)<\/strong>, it was a prototype heavy tank destroyer based on the chassis of the VK 3001 (H), an early version of what would become the Panzerkampfwagen VI Tiger. The Dicker Max was designed to destroy fortified positions and enemy tanks at long ranges, thanks to its powerful 12.8 cm PaK 40 L\/61 anti-tank gun.&nbsp;<\/p>\n<p>\ud83d\udeab QUAN TR\u1eccNG!<\/p>\n<p>Product Name: Dicker Max<\/p>\n<p>Th\u1ec3 lo\u1ea1i: Qu\u00e2n s\u1ef1<\/p>\n<p>This Kit Contains: WANGE 4516<\/p>\n<p>632 pcs Good Quality Bricks<\/p>\n<p>Size: 27.1 \u00d7 10.9 \u00d7 16 cm<\/p>\n<p>H\u01b0\u1edbng d\u1eabn th\u1ee7 c\u00f4ng<\/p>\n<p>\ud83d\udcccB\u1ea3n ch\u1ea5t c\u1ee7a nh\u00e2n v\u1eadt ch\u00ednh<\/p>\n<p>Introducing our proud collection named \u201cDicker Max\u201d you should not miss.<\/p>\n<p>The Dicker Max saw limited action during its deployment, primarily on the Eastern Front. Due to the combination of technical challenges, limited production, and the emergence of more advanced tank destroyers such as the StuG III, Jagdpanzer IV, and later models like the Jagdpanther, the Dicker Max was never mass-produced.&nbsp;<\/p><\/div>","protected":false},"excerpt":{"rendered":"<p>Th\u01b0\u01a1ng hi\u1ec7u: WANGE<br \/>\nGi\u1edbi t\u00ednh: Unisex<br \/>\n\u0110\u1ed9 tu\u1ed5i: &gt; 6 tu\u1ed5i<br \/>\nModel Number: 4516<br \/>\nPh\u00e2n lo\u1ea1i: T\u1eadp h\u1ee3p<br \/>\nH\u00ecnh d\u1ea1ng kh\u1ed1i nh\u1ef1a: G\u1ea1ch t\u1ef1 kh\u00f3a<br \/>\nCh\u1ea5t li\u1ec7u: Nh\u1ef1a<br \/>\nLo\u1ea1i nh\u1ef1a: ABS<br \/>\nBricks Blocks: 632 +<br \/>\nKh\u00f4ng c\u00f3 h\u1ed9p ban \u0111\u1ea7u<br \/>\nS\u1ea3n ph\u1ea9m kh\u00f4ng bao g\u1ed3m STICKER v\u00e0 IN IN. T\u1ea5t c\u1ea3 c\u00e1c b\u1ed9 ph\u1eadn \u0111\u00e3 in s\u1ebd \u0111\u01b0\u1ee3c thay th\u1ebf b\u1eb1ng c\u00e1c b\u1ed9 ph\u1eadn ti\u00eau chu\u1ea9n v\u00e0 kh\u00f4ng \u0103n nh\u1eadp v\u1edbi c\u00e1c ph\u1ee5 ki\u1ec7n c\u1ee7a b\u00ean th\u1ee9 3.<\/p>","protected":false},"featured_media":60941,"comment_status":"open","ping_status":"closed","template":"","meta":{"_acf_changed":false},"product_cat":[1350,1357,372,364],"product_tag":[13595,13596,374,485,389],"class_list":["product","first","instock","shipping-taxable","purchasable","product-type-simple"],"acf":[],"_links":{"self":[{"href":"https:\/\/mouldking.store\/vi\/wp-json\/wp\/v2\/product\/60942","targetHints":{"allow":["GET"]}}],"collection":[{"href":"https:\/\/mouldking.store\/vi\/wp-json\/wp\/v2\/product"}],"about":[{"href":"https:\/\/mouldking.store\/vi\/wp-json\/wp\/v2\/types\/product"}],"replies":[{"embeddable":true,"href":"https:\/\/mouldking.store\/vi\/wp-json\/wp\/v2\/comments?post=60942"}],"wp:featuredmedia":[{"embeddable":true,"href":"https:\/\/mouldking.store\/vi\/wp-json\/wp\/v2\/media\/60941"}],"wp:attachment":[{"href":"https:\/\/mouldking.store\/vi\/wp-json\/wp\/v2\/media?parent=60942"}],"wp:term":[{"taxonomy":"product_cat","embeddable":true,"href":"https:\/\/mouldking.store\/vi\/wp-json\/wp\/v2\/product_cat?post=60942"},{"taxonomy":"product_tag","embeddable":true,"href":"https:\/\/mouldking.store\/vi\/wp-json\/wp\/v2\/product_tag?post=60942"}],"curies":[{"name":"wp","href":"https:\/\/api.w.org\/{rel}","templated":true}]}}