{"id":60953,"date":"2024-08-29T18:31:50","date_gmt":"2024-08-29T11:31:50","guid":{"rendered":"https:\/\/mouldking.store\/shop\/wange-5921-city-postcards-new-york-with-1101-pieces\/"},"modified":"2024-08-29T18:31:56","modified_gmt":"2024-08-29T11:31:56","slug":"wange-5921-city-postcards-new-york-with-1101-pieces","status":"publish","type":"product","link":"https:\/\/mouldking.store\/vi\/shop\/wange-5921-city-postcards-new-york-with-1101-pieces\/","title":{"rendered":"WANGE 5921 City Postcards New York with 1101 Pieces"},"content":{"rendered":"<div>\u2705WANGE 5921 City Postcards New York<\/p>\n<p>\u2705 City postcards from New York often capture the vibrant and iconic elements that define the city&#8217;s unique character. New York City, known as &#8220;The Big Apple,&#8221; offers countless postcard-perfect scenes that depict its bustling urban life, architectural marvels, cultural landmarks, and scenic views.<\/p>\n<p>\ud83d\udeab QUAN TR\u1eccNG!<\/p>\n<p>Product Name: City Postcards New York<\/p>\n<p>Th\u1ec3 lo\u1ea1i: Ng\u01b0\u1eddi s\u00e1ng t\u1ea1o<\/p>\n<p>This Kit Contains: WANGE 5921<\/p>\n<p>1101 pcs Good Quality Bricks<\/p>\n<p>Size: 38.4 x 8.5 x 28.8cm<\/p>\n<p>H\u01b0\u1edbng d\u1eabn th\u1ee7 c\u00f4ng<\/p>\n<p>\ud83d\udcccB\u1ea3n ch\u1ea5t c\u1ee7a nh\u00e2n v\u1eadt ch\u00ednh<\/p>\n<p>Introducing our proud collection named \u201cCity Postcards New York\u201d you should not miss.<\/p>\n<p>&nbsp;Postcards featuring the iconic New York City skyline are among the most popular. They often include famous skyscrapers like the <strong>Empire State Building<\/strong>, <strong>Chrysler Building<\/strong>, and the <strong>One World Trade Center<\/strong>. A panoramic view of Manhattan, especially taken from vantage points like <strong>Brooklyn Bridge Park<\/strong> ho\u1eb7c <strong>Liberty State Park<\/strong>, is a classic choice that captures the sheer scale and density of the city\u2019s skyline.&nbsp;<\/div>","protected":false},"excerpt":{"rendered":"<p>Th\u01b0\u01a1ng hi\u1ec7u: WANGE<br \/>\nGi\u1edbi t\u00ednh: Unisex<br \/>\n\u0110\u1ed9 tu\u1ed5i: &gt; 6 tu\u1ed5i<br \/>\nModel Number: 5921<br \/>\nPh\u00e2n lo\u1ea1i: T\u1eadp h\u1ee3p<br \/>\nH\u00ecnh d\u1ea1ng kh\u1ed1i nh\u1ef1a: G\u1ea1ch t\u1ef1 kh\u00f3a<br \/>\nCh\u1ea5t li\u1ec7u: Nh\u1ef1a<br \/>\nLo\u1ea1i nh\u1ef1a: ABS<br \/>\nBricks Blocks: 1101 +<br \/>\nKh\u00f4ng c\u00f3 h\u1ed9p ban \u0111\u1ea7u<br \/>\nS\u1ea3n ph\u1ea9m kh\u00f4ng bao g\u1ed3m STICKER v\u00e0 IN IN. T\u1ea5t c\u1ea3 c\u00e1c b\u1ed9 ph\u1eadn \u0111\u00e3 in s\u1ebd \u0111\u01b0\u1ee3c thay th\u1ebf b\u1eb1ng c\u00e1c b\u1ed9 ph\u1eadn ti\u00eau chu\u1ea9n v\u00e0 kh\u00f4ng \u0103n nh\u1eadp v\u1edbi c\u00e1c ph\u1ee5 ki\u1ec7n c\u1ee7a b\u00ean th\u1ee9 3.<\/p>","protected":false},"featured_media":60952,"comment_status":"open","ping_status":"closed","template":"","meta":{"_acf_changed":false},"product_cat":[1365,1502,371],"product_tag":[4883,11072,8452,12471,13597],"class_list":["product","first","instock","shipping-taxable","purchasable","product-type-simple"],"acf":[],"_links":{"self":[{"href":"https:\/\/mouldking.store\/vi\/wp-json\/wp\/v2\/product\/60953","targetHints":{"allow":["GET"]}}],"collection":[{"href":"https:\/\/mouldking.store\/vi\/wp-json\/wp\/v2\/product"}],"about":[{"href":"https:\/\/mouldking.store\/vi\/wp-json\/wp\/v2\/types\/product"}],"replies":[{"embeddable":true,"href":"https:\/\/mouldking.store\/vi\/wp-json\/wp\/v2\/comments?post=60953"}],"wp:featuredmedia":[{"embeddable":true,"href":"https:\/\/mouldking.store\/vi\/wp-json\/wp\/v2\/media\/60952"}],"wp:attachment":[{"href":"https:\/\/mouldking.store\/vi\/wp-json\/wp\/v2\/media?parent=60953"}],"wp:term":[{"taxonomy":"product_cat","embeddable":true,"href":"https:\/\/mouldking.store\/vi\/wp-json\/wp\/v2\/product_cat?post=60953"},{"taxonomy":"product_tag","embeddable":true,"href":"https:\/\/mouldking.store\/vi\/wp-json\/wp\/v2\/product_tag?post=60953"}],"curies":[{"name":"wp","href":"https:\/\/api.w.org\/{rel}","templated":true}]}}