{"id":60967,"date":"2024-08-29T18:32:05","date_gmt":"2024-08-29T11:32:05","guid":{"rendered":"https:\/\/mouldking.store\/shop\/quanguan-100285-pz-kpfw38t-ausf-f-light-tank-with-730-pieces\/"},"modified":"2024-08-29T18:32:12","modified_gmt":"2024-08-29T11:32:12","slug":"quanguan-100285-pz-kpfw38t-ausf-f-light-tank-with-730-pieces","status":"publish","type":"product","link":"https:\/\/mouldking.store\/vi\/shop\/quanguan-100285-pz-kpfw38t-ausf-f-light-tank-with-730-pieces\/","title":{"rendered":"QUANGUAN 100285 PZ KPFW38(T) Ausf.F Light Tank with 730 Pieces"},"content":{"rendered":"<div>\u2705Quan Guan 100285 PZ KPFW38(T) Ausf.F Light Tank<\/p>\n<p>\u2705 C\u00e1c <strong>Pz.Kpfw. 38(t) Ausf. F<\/strong>, also known as the <strong>Panzerkampfwagen 38(t)<\/strong>, was a light tank of Czechoslovak origin that the Germans used extensively during World War II. Originally designed and built by Czechoslovakia as the <strong>LT vz. 38<\/strong>, this tank was incorporated into the Wehrmacht&#8217;s arsenal after Germany&#8217;s occupation of Czechoslovakia in 1939. The &#8220;t&#8221; in its designation stands for &#8220;tschechisch,&#8221; the German word for &#8220;Czech.&#8221; The Ausf. F (Ausf\u00fchrung F) was one of the later production models of the Panzer 38(t), with various improvements over earlier versions.<\/p>\n<p>\ud83d\udeab QUAN TR\u1eccNG!<\/p>\n<p>Product Name: PZ KPFW38(T) Ausf.F Light Tank<\/p>\n<p>Th\u1ec3 lo\u1ea1i: Qu\u00e2n s\u1ef1<\/p>\n<p>This Kit Contains: Quan Guan 100285<\/p>\n<p>730 pcs Good Quality Bricks<\/p>\n<p>Size: 16.6 \u00d7 8.15 \u00d7 8.5 cm<\/p>\n<p>H\u01b0\u1edbng d\u1eabn th\u1ee7 c\u00f4ng<\/p>\n<p>\ud83d\udcccB\u1ea3n ch\u1ea5t c\u1ee7a nh\u00e2n v\u1eadt ch\u00ednh<\/p>\n<p>Introducing our proud collection named \u201cPZ KPFW38(T) Ausf.F Light Tank\u201d you should not miss.<\/p>\n<p>The <strong>Pz.Kpfw. 38(t) Ausf. F<\/strong> remains a significant example of early World War II tank design, showing the importance of mobility and reliability in early tank warfare and the rapid evolution of armored vehicles as the war continued.&nbsp;<\/div>","protected":false},"excerpt":{"rendered":"<p>Th\u01b0\u01a1ng hi\u1ec7u: QUANGUAN<br \/>\nGi\u1edbi t\u00ednh: Unisex<br \/>\n\u0110\u1ed9 tu\u1ed5i: &gt; 6 tu\u1ed5i<br \/>\nModel Number: 100285<br \/>\nPh\u00e2n lo\u1ea1i: T\u1eadp h\u1ee3p<br \/>\nH\u00ecnh d\u1ea1ng kh\u1ed1i nh\u1ef1a: G\u1ea1ch t\u1ef1 kh\u00f3a<br \/>\nCh\u1ea5t li\u1ec7u: Nh\u1ef1a<br \/>\nLo\u1ea1i nh\u1ef1a: ABS<br \/>\nBricks Blocks: 730 +<br \/>\nKh\u00f4ng c\u00f3 h\u1ed9p ban \u0111\u1ea7u<br \/>\nS\u1ea3n ph\u1ea9m kh\u00f4ng bao g\u1ed3m STICKER v\u00e0 IN IN. T\u1ea5t c\u1ea3 c\u00e1c b\u1ed9 ph\u1eadn \u0111\u00e3 in s\u1ebd \u0111\u01b0\u1ee3c thay th\u1ebf b\u1eb1ng c\u00e1c b\u1ed9 ph\u1eadn ti\u00eau chu\u1ea9n v\u00e0 kh\u00f4ng \u0103n nh\u1eadp v\u1edbi c\u00e1c ph\u1ee5 ki\u1ec7n c\u1ee7a b\u00ean th\u1ee9 3.<\/p>","protected":false},"featured_media":60966,"comment_status":"open","ping_status":"closed","template":"","meta":{"_acf_changed":false},"product_cat":[1384,1350,1357,372,364],"product_tag":[11221,13602,10294,13603,13601,10465,10466,374,485,389,2803],"class_list":["product","first","instock","shipping-taxable","purchasable","product-type-simple"],"acf":[],"_links":{"self":[{"href":"https:\/\/mouldking.store\/vi\/wp-json\/wp\/v2\/product\/60967","targetHints":{"allow":["GET"]}}],"collection":[{"href":"https:\/\/mouldking.store\/vi\/wp-json\/wp\/v2\/product"}],"about":[{"href":"https:\/\/mouldking.store\/vi\/wp-json\/wp\/v2\/types\/product"}],"replies":[{"embeddable":true,"href":"https:\/\/mouldking.store\/vi\/wp-json\/wp\/v2\/comments?post=60967"}],"wp:featuredmedia":[{"embeddable":true,"href":"https:\/\/mouldking.store\/vi\/wp-json\/wp\/v2\/media\/60966"}],"wp:attachment":[{"href":"https:\/\/mouldking.store\/vi\/wp-json\/wp\/v2\/media?parent=60967"}],"wp:term":[{"taxonomy":"product_cat","embeddable":true,"href":"https:\/\/mouldking.store\/vi\/wp-json\/wp\/v2\/product_cat?post=60967"},{"taxonomy":"product_tag","embeddable":true,"href":"https:\/\/mouldking.store\/vi\/wp-json\/wp\/v2\/product_tag?post=60967"}],"curies":[{"name":"wp","href":"https:\/\/api.w.org\/{rel}","templated":true}]}}