{"id":60989,"date":"2024-08-29T18:33:24","date_gmt":"2024-08-29T11:33:24","guid":{"rendered":"https:\/\/mouldking.store\/shop\/create-with-passion-212229-thunder-gods-hammer-with-832-pieces\/"},"modified":"2024-08-29T18:33:38","modified_gmt":"2024-08-29T11:33:38","slug":"create-with-passion-212229-thunder-gods-hammer-with-832-pieces","status":"publish","type":"product","link":"https:\/\/mouldking.store\/vi\/shop\/create-with-passion-212229-thunder-gods-hammer-with-832-pieces\/","title":{"rendered":"CREATE WITH PASSION 212229 Thunder God&#8217;s Hammer with 832 Pieces"},"content":{"rendered":"<div>\u2705CREATE WITH PASSION 212229 Thunder God&#8217;s Hammer<\/p>\n<p>\u2705The <strong>Thunder God&#8217;s Hammer<\/strong> is a concept that can refer to a variety of things, ranging from mythology to modern culture. Most notably, it is associated with <strong>Mj\u00f6lnir<\/strong>, the legendary hammer wielded by <strong>Thor<\/strong>, the Norse god of thunder, storms, and strength. Mj\u00f6lnir is one of the most iconic weapons in mythology and popular culture, symbolizing power, protection, and the divine authority of the gods.<\/div>\n<div>\ud83d\udeab QUAN TR\u1eccNG!<\/p>\n<p>Product Name: Thunder God&#8217;s Hammer<\/p>\n<p>Th\u1ec3 lo\u1ea1i: Ng\u01b0\u1eddi s\u00e1ng t\u1ea1o<\/p>\n<p>This Kit Contains: CREATE WITH PASSION 212229 <\/p>\n<p>832 pcs Good Quality Bricks<\/p>\n<p>Size: 10 x 46 x 33cm<\/p>\n<p>H\u01b0\u1edbng d\u1eabn th\u1ee7 c\u00f4ng<\/p>\n<p>\ud83d\udcccB\u1ea3n ch\u1ea5t c\u1ee7a nh\u00e2n v\u1eadt ch\u00ednh<\/p>\n<p>Introducing our proud collection named \u201cThunder God&#8217;s Hammer\u201d you should not miss.<\/p>\n<p><strong>Thunder God&#8217;s Hammer<\/strong>, particularly in the form of Mj\u00f6lnir, is a rich symbol deeply rooted in mythology, culture, and modern storytelling, representing both divine authority and the timeless battle between order and chaos.&nbsp;<\/div>","protected":false},"excerpt":{"rendered":"<p>Brand: CREATE WITH PASSION<br \/>\nGi\u1edbi t\u00ednh: Unisex<br \/>\n\u0110\u1ed9 tu\u1ed5i: &gt; 6 tu\u1ed5i<br \/>\nModel Number: 212229<br \/>\nPh\u00e2n lo\u1ea1i: T\u1eadp h\u1ee3p<br \/>\nH\u00ecnh d\u1ea1ng kh\u1ed1i nh\u1ef1a: G\u1ea1ch t\u1ef1 kh\u00f3a<br \/>\nCh\u1ea5t li\u1ec7u: Nh\u1ef1a<br \/>\nLo\u1ea1i nh\u1ef1a: ABS<br \/>\nBricks Blocks: 832 +<br \/>\nKh\u00f4ng c\u00f3 h\u1ed9p ban \u0111\u1ea7u<br \/>\nS\u1ea3n ph\u1ea9m kh\u00f4ng bao g\u1ed3m STICKER v\u00e0 IN IN. T\u1ea5t c\u1ea3 c\u00e1c b\u1ed9 ph\u1eadn \u0111\u00e3 in s\u1ebd \u0111\u01b0\u1ee3c thay th\u1ebf b\u1eb1ng c\u00e1c b\u1ed9 ph\u1eadn ti\u00eau chu\u1ea9n v\u00e0 kh\u00f4ng \u0103n nh\u1eadp v\u1edbi c\u00e1c ph\u1ee5 ki\u1ec7n c\u1ee7a b\u00ean th\u1ee9 3.<\/p>","protected":false},"featured_media":60988,"comment_status":"open","ping_status":"closed","template":"","meta":{"_acf_changed":false},"product_cat":[1365,11927,371],"product_tag":[11072,8452,9016,12444,12213],"class_list":["product","first","instock","shipping-taxable","purchasable","product-type-simple"],"acf":[],"_links":{"self":[{"href":"https:\/\/mouldking.store\/vi\/wp-json\/wp\/v2\/product\/60989","targetHints":{"allow":["GET"]}}],"collection":[{"href":"https:\/\/mouldking.store\/vi\/wp-json\/wp\/v2\/product"}],"about":[{"href":"https:\/\/mouldking.store\/vi\/wp-json\/wp\/v2\/types\/product"}],"replies":[{"embeddable":true,"href":"https:\/\/mouldking.store\/vi\/wp-json\/wp\/v2\/comments?post=60989"}],"wp:featuredmedia":[{"embeddable":true,"href":"https:\/\/mouldking.store\/vi\/wp-json\/wp\/v2\/media\/60988"}],"wp:attachment":[{"href":"https:\/\/mouldking.store\/vi\/wp-json\/wp\/v2\/media?parent=60989"}],"wp:term":[{"taxonomy":"product_cat","embeddable":true,"href":"https:\/\/mouldking.store\/vi\/wp-json\/wp\/v2\/product_cat?post=60989"},{"taxonomy":"product_tag","embeddable":true,"href":"https:\/\/mouldking.store\/vi\/wp-json\/wp\/v2\/product_tag?post=60989"}],"curies":[{"name":"wp","href":"https:\/\/api.w.org\/{rel}","templated":true}]}}