{"id":61129,"date":"2024-10-03T17:28:32","date_gmt":"2024-10-03T10:28:32","guid":{"rendered":"https:\/\/mouldking.store\/shop\/create-with-passion-212225-odins-ax-with-1322-pieces\/"},"modified":"2024-10-03T17:28:39","modified_gmt":"2024-10-03T10:28:39","slug":"create-with-passion-212225-odins-ax-with-1322-pieces","status":"publish","type":"product","link":"https:\/\/mouldking.store\/vi\/shop\/create-with-passion-212225-odins-ax-with-1322-pieces\/","title":{"rendered":"CREATE WITH PASSION 212225 Odin&#8217;s Ax with 1322 Pieces"},"content":{"rendered":"<div>\u2705CREATE WITH PASSION 212225 Odin&#8217;s Ax<\/p>\n<p>\u2705In Norse mythology, Odin is known as the All-Father and is associated with wisdom, war, and death. While Odin is more famously associated with his spear, Gungnir, or his two ravens, Hugin and Munin, the concept of &#8220;Odin&#8217;s Ax&#8221; might symbolize a powerful and mythical weapon. Axes were significant in Norse culture, commonly used in battle and as ceremonial items.<\/p>\n<p>\ud83d\udeab QUAN TR\u1eccNG!<\/p>\n<p>Product Name: Odin&#8217;s Ax<\/p>\n<p>Th\u1ec3 lo\u1ea1i: Phim<\/p>\n<p>This Kit Contains: CREATE WITH PASSION 212225<\/p>\n<p>1322 pcs Good Quality Bricks<\/p>\n<p>Size: 42.5 x 20 x 36cm<\/p>\n<p>H\u01b0\u1edbng d\u1eabn th\u1ee7 c\u00f4ng<\/p>\n<p>\ud83d\udcccB\u1ea3n ch\u1ea5t c\u1ee7a nh\u00e2n v\u1eadt ch\u00ednh<\/p>\n<p>Introducing our proud collection named \u201cOdin&#8217;s Ax\u201d you should not miss.<\/p>\n<p>&nbsp;In the context of Norse mythology, &#8220;Odin&#8217;s Ax&#8221; could be imagined as a powerful symbolic weapon attributed to Odin, the chief god in the Norse pantheon. While Odin is more commonly associated with his spear, Gungnir, the concept of an ax bearing his name would fit well within the lore of Viking weaponry and symbolism.&nbsp;<\/p><\/div>","protected":false},"excerpt":{"rendered":"<p>Brand: CREATE WITH PASSION<br \/>\nGi\u1edbi t\u00ednh: Unisex<br \/>\n\u0110\u1ed9 tu\u1ed5i: &gt; 14 tu\u1ed5i<br \/>\nModel Number: 212225<br \/>\nPh\u00e2n lo\u1ea1i: T\u1eadp h\u1ee3p<br \/>\nH\u00ecnh d\u1ea1ng kh\u1ed1i nh\u1ef1a: G\u1ea1ch t\u1ef1 kh\u00f3a<br \/>\nCh\u1ea5t li\u1ec7u: Nh\u1ef1a<br \/>\nLo\u1ea1i nh\u1ef1a: ABS<br \/>\nBricks Blocks: 1322 +<br \/>\nKh\u00f4ng c\u00f3 h\u1ed9p ban \u0111\u1ea7u<br \/>\nS\u1ea3n ph\u1ea9m kh\u00f4ng bao g\u1ed3m STICKER v\u00e0 IN IN. T\u1ea5t c\u1ea3 c\u00e1c b\u1ed9 ph\u1eadn \u0111\u00e3 in s\u1ebd \u0111\u01b0\u1ee3c thay th\u1ebf b\u1eb1ng c\u00e1c b\u1ed9 ph\u1eadn ti\u00eau chu\u1ea9n v\u00e0 kh\u00f4ng \u0103n nh\u1eadp v\u1edbi c\u00e1c ph\u1ee5 ki\u1ec7n c\u1ee7a b\u00ean th\u1ee9 3.<\/p>","protected":false},"featured_media":61128,"comment_status":"open","ping_status":"closed","template":"","meta":{"_acf_changed":false},"product_cat":[1365,371,581,1408],"product_tag":[11072,8452,434,13607,13606],"class_list":["product","first","instock","shipping-taxable","purchasable","product-type-simple"],"acf":[],"_links":{"self":[{"href":"https:\/\/mouldking.store\/vi\/wp-json\/wp\/v2\/product\/61129","targetHints":{"allow":["GET"]}}],"collection":[{"href":"https:\/\/mouldking.store\/vi\/wp-json\/wp\/v2\/product"}],"about":[{"href":"https:\/\/mouldking.store\/vi\/wp-json\/wp\/v2\/types\/product"}],"replies":[{"embeddable":true,"href":"https:\/\/mouldking.store\/vi\/wp-json\/wp\/v2\/comments?post=61129"}],"wp:featuredmedia":[{"embeddable":true,"href":"https:\/\/mouldking.store\/vi\/wp-json\/wp\/v2\/media\/61128"}],"wp:attachment":[{"href":"https:\/\/mouldking.store\/vi\/wp-json\/wp\/v2\/media?parent=61129"}],"wp:term":[{"taxonomy":"product_cat","embeddable":true,"href":"https:\/\/mouldking.store\/vi\/wp-json\/wp\/v2\/product_cat?post=61129"},{"taxonomy":"product_tag","embeddable":true,"href":"https:\/\/mouldking.store\/vi\/wp-json\/wp\/v2\/product_tag?post=61129"}],"curies":[{"name":"wp","href":"https:\/\/api.w.org\/{rel}","templated":true}]}}