{"id":61145,"date":"2024-10-03T17:29:16","date_gmt":"2024-10-03T10:29:16","guid":{"rendered":"https:\/\/mouldking.store\/shop\/moc-factory-89096-brooks-fruit-with-494-pieces\/"},"modified":"2025-12-16T20:59:01","modified_gmt":"2025-12-16T13:59:01","slug":"moc-factory-89096-brooks-fruit-with-494-pieces","status":"publish","type":"product","link":"https:\/\/mouldking.store\/vi\/shop\/moc-factory-89096-brooks-fruit-with-494-pieces\/","title":{"rendered":"MOC Factory 89096 Brooks Fruit with 494 Pieces"},"content":{"rendered":"<div>\u2705 MOC-89096 Brooks Fruit<\/p>\n<p>\u2705 In <em>Blox Fruits<\/em>, a popular Roblox game inspired by the anime <em>M\u1ed9t mi\u1ebfng<\/em>, the &#8220;Brooks Fruit&#8221; refers to the <strong>Revive Fruit<\/strong>. This fruit is based on the abilities of the character Brook from <em>M\u1ed9t mi\u1ebfng<\/em>, who has the power of the Revive-Revive Fruit (Yomi Yomi no Mi). In the game, the Revive Fruit is a <strong>Paramecia-type<\/strong> fruit, and it gives the player unique abilities related to resurrection and soul manipulation.&nbsp;<\/p>\n<p>\ud83d\udeab QUAN TR\u1eccNG!<\/p>\n<p>Product Name: Brooks Fruit<\/p>\n<p>Th\u1ec3 lo\u1ea1i: Phim<\/p>\n<p>This Kit Contains: F-C9914<\/p>\n<p>494 pcs Good Quality Bricks<\/p>\n<p>C\u00e2n n\u1eb7ng: 0,58kg<\/p>\n<p>H\u01b0\u1edbng d\u1eabn PDF<\/p>\n<p>\ud83d\udcccB\u1ea3n ch\u1ea5t c\u1ee7a nh\u00e2n v\u1eadt ch\u00ednh<\/p>\n<p>Introducing our proud collection named \u201cBrooks Fruit\u201d you should not miss.<\/p>\n<p>The user can launch a spectral form to attack enemies. This ability allows the player to target enemies from a distance with a spiritual form that deals damage.&nbsp; When the player is knocked down to 0 HP, they can come back to life with a portion of their health restored. This unique ability makes the Revive Fruit special, as it gives the user a second chance in battle.&nbsp;<\/p><\/div>","protected":false},"excerpt":{"rendered":"<p>Th\u01b0\u01a1ng hi\u1ec7u: Nh\u00e0 m\u00e1y M\u1ed8C<br \/>\nGi\u1edbi t\u00ednh: Unisex<br \/>\n\u0110\u1ed9 tu\u1ed5i: &gt; 6 tu\u1ed5i<br \/>\nModel Number: 89096<br \/>\nPh\u00e2n lo\u1ea1i: T\u1eadp h\u1ee3p<br \/>\nH\u00ecnh d\u1ea1ng kh\u1ed1i nh\u1ef1a: G\u1ea1ch t\u1ef1 kh\u00f3a<br \/>\nCh\u1ea5t li\u1ec7u: Nh\u1ef1a<br \/>\nLo\u1ea1i nh\u1ef1a: ABS<br \/>\nBricks Blocks: 494 +<br \/>\nKh\u00f4ng c\u00f3 h\u1ed9p ban \u0111\u1ea7u<br \/>\nS\u1ea3n ph\u1ea9m kh\u00f4ng bao g\u1ed3m STICKER v\u00e0 IN IN. T\u1ea5t c\u1ea3 c\u00e1c b\u1ed9 ph\u1eadn \u0111\u00e3 in s\u1ebd \u0111\u01b0\u1ee3c thay th\u1ebf b\u1eb1ng c\u00e1c b\u1ed9 ph\u1eadn ti\u00eau chu\u1ea9n v\u00e0 kh\u00f4ng \u0103n nh\u1eadp v\u1edbi c\u00e1c ph\u1ee5 ki\u1ec7n c\u1ee7a b\u00ean th\u1ee9 3.<\/p>","protected":false},"featured_media":61144,"comment_status":"open","ping_status":"closed","template":"","meta":{"_acf_changed":false},"product_cat":[1365,371,581,1408,1819],"product_tag":[13609,11072,8452,12337,434,1824],"class_list":["product","first","instock","shipping-taxable","purchasable","product-type-simple"],"acf":[],"_links":{"self":[{"href":"https:\/\/mouldking.store\/vi\/wp-json\/wp\/v2\/product\/61145","targetHints":{"allow":["GET"]}}],"collection":[{"href":"https:\/\/mouldking.store\/vi\/wp-json\/wp\/v2\/product"}],"about":[{"href":"https:\/\/mouldking.store\/vi\/wp-json\/wp\/v2\/types\/product"}],"replies":[{"embeddable":true,"href":"https:\/\/mouldking.store\/vi\/wp-json\/wp\/v2\/comments?post=61145"}],"wp:featuredmedia":[{"embeddable":true,"href":"https:\/\/mouldking.store\/vi\/wp-json\/wp\/v2\/media\/61144"}],"wp:attachment":[{"href":"https:\/\/mouldking.store\/vi\/wp-json\/wp\/v2\/media?parent=61145"}],"wp:term":[{"taxonomy":"product_cat","embeddable":true,"href":"https:\/\/mouldking.store\/vi\/wp-json\/wp\/v2\/product_cat?post=61145"},{"taxonomy":"product_tag","embeddable":true,"href":"https:\/\/mouldking.store\/vi\/wp-json\/wp\/v2\/product_tag?post=61145"}],"curies":[{"name":"wp","href":"https:\/\/api.w.org\/{rel}","templated":true}]}}