{"id":61164,"date":"2024-10-03T17:43:53","date_gmt":"2024-10-03T10:43:53","guid":{"rendered":"https:\/\/mouldking.store\/shop\/moc-factory-89094-switch-with-1035-pieces\/"},"modified":"2025-12-16T20:59:01","modified_gmt":"2025-12-16T13:59:01","slug":"moc-factory-89094-switch-with-1035-pieces","status":"publish","type":"product","link":"https:\/\/mouldking.store\/vi\/shop\/moc-factory-89094-switch-with-1035-pieces\/","title":{"rendered":"C\u00f4ng t\u1eafc MOC Factory 89094 v\u1edbi 1035 chi ti\u1ebft"},"content":{"rendered":"<div>\u2705 C\u00f4ng t\u1eafc MOC-89094<\/p>\n<p>\u2705 M\u00e1y ch\u01a1i game Nintendo Switch ti\u00eau chu\u1ea9n c\u00f3 m\u00e0n h\u00ecnh LCD 6,2 inch v\u1edbi vi\u1ec1n \u0111en bao quanh. M\u00e1y c\u00f3 h\u00ecnh ch\u1eef nh\u1eadt v\u1edbi c\u00e1c g\u00f3c bo tr\u00f2n. M\u00e0n h\u00ecnh c\u1ea3m \u1ee9ng, cho ph\u00e9p t\u01b0\u01a1ng t\u00e1c khi ch\u01a1i game v\u00e0 \u0111i\u1ec1u h\u01b0\u1edbng menu.&nbsp;<\/p>\n<p>\ud83d\udeab QUAN TR\u1eccNG!<\/p>\n<p>T\u00ean s\u1ea3n ph\u1ea9m: C\u00f4ng t\u1eafc<\/p>\n<p>Th\u1ec3 lo\u1ea1i: Ng\u01b0\u1eddi s\u00e1ng t\u1ea1o<\/p>\n<p>B\u1ed9 s\u1ea3n ph\u1ea9m n\u00e0y bao g\u1ed3m: C10037<\/p>\n<p>1035 vi\u00ean g\u1ea1ch ch\u1ea5t l\u01b0\u1ee3ng t\u1ed1t<\/p>\n<p>K\u00edch th\u01b0\u1edbc: 7,1 x 26,1 x 10,3 cm<\/p>\n<p>Tr\u1ecdng l\u01b0\u1ee3ng: 0,75 kg<\/p>\n<p>H\u01b0\u1edbng d\u1eabn PDF<\/p>\n<p>\ud83d\udcccB\u1ea3n ch\u1ea5t c\u1ee7a nh\u00e2n v\u1eadt ch\u00ednh<\/p>\n<p>Xin gi\u1edbi thi\u1ec7u b\u1ed9 s\u01b0u t\u1eadp \u0111\u00e1ng t\u1ef1 h\u00e0o mang t\u00ean \u201cSwitch\u201d m\u00e0 b\u1ea1n kh\u00f4ng n\u00ean b\u1ecf l\u1ee1.<\/p>\n<p>&nbsp;Tay c\u1ea7m Nintendo Switch Pro c\u00f3 ki\u1ec3u d\u00e1ng gamepad truy\u1ec1n th\u1ed1ng h\u01a1n, v\u1edbi l\u1edbp ph\u1ee7 \u0111en m\u1edd, tay c\u1ea7m cong gi\u00fap c\u1ea7m n\u1eafm tho\u1ea3i m\u00e1i v\u00e0 c\u00e1c n\u00fat b\u1ea5m trong su\u1ed1t \u0111\u1ec3 l\u1ed9 m\u1ea1ch \u0111i\u1ec7n b\u00ean trong. \u0110\u00e2y th\u01b0\u1eddng l\u00e0 nh\u1eefng h\u1ed9p \u0111\u1ef1ng m\u1ecfng, c\u1ee9ng c\u00e1p, \u0111\u1ed3ng b\u1ed9 v\u1edbi m\u00e0u s\u1eafc ho\u1eb7c ch\u1ee7 \u0111\u1ec1 c\u1ee7a m\u00e1y ch\u01a1i game, v\u00e0 c\u00f3 ng\u0103n ch\u1ee9a th\u1ebb game v\u00e0 ph\u1ee5 ki\u1ec7n b\u00ean trong.&nbsp;<\/p><\/div>","protected":false},"excerpt":{"rendered":"<p>Th\u01b0\u01a1ng hi\u1ec7u: Nh\u00e0 m\u00e1y M\u1ed8C<br \/>\nGi\u1edbi t\u00ednh: Unisex<br \/>\n\u0110\u1ed9 tu\u1ed5i: &gt; 6 tu\u1ed5i<br \/>\nS\u1ed1 hi\u1ec7u m\u1eabu: 89094<br \/>\nPh\u00e2n lo\u1ea1i: T\u1eadp h\u1ee3p<br \/>\nH\u00ecnh d\u1ea1ng kh\u1ed1i nh\u1ef1a: G\u1ea1ch t\u1ef1 kh\u00f3a<br \/>\nCh\u1ea5t li\u1ec7u: Nh\u1ef1a<br \/>\nLo\u1ea1i nh\u1ef1a: ABS<br \/>\nKh\u1ed1i g\u1ea1ch: 1035 +<br \/>\nKh\u00f4ng c\u00f3 h\u1ed9p ban \u0111\u1ea7u<br \/>\nS\u1ea3n ph\u1ea9m kh\u00f4ng bao g\u1ed3m STICKER v\u00e0 IN IN. T\u1ea5t c\u1ea3 c\u00e1c b\u1ed9 ph\u1eadn \u0111\u00e3 in s\u1ebd \u0111\u01b0\u1ee3c thay th\u1ebf b\u1eb1ng c\u00e1c b\u1ed9 ph\u1eadn ti\u00eau chu\u1ea9n v\u00e0 kh\u00f4ng \u0103n nh\u1eadp v\u1edbi c\u00e1c ph\u1ee5 ki\u1ec7n c\u1ee7a b\u00ean th\u1ee9 3.<\/p>","protected":false},"featured_media":61163,"comment_status":"open","ping_status":"closed","template":"","meta":{"_acf_changed":false},"product_cat":[1365,1769,371],"product_tag":[11072,8452,9139,13611,11176],"class_list":["product","first","instock","shipping-taxable","purchasable","product-type-simple"],"acf":[],"_links":{"self":[{"href":"https:\/\/mouldking.store\/vi\/wp-json\/wp\/v2\/product\/61164","targetHints":{"allow":["GET"]}}],"collection":[{"href":"https:\/\/mouldking.store\/vi\/wp-json\/wp\/v2\/product"}],"about":[{"href":"https:\/\/mouldking.store\/vi\/wp-json\/wp\/v2\/types\/product"}],"replies":[{"embeddable":true,"href":"https:\/\/mouldking.store\/vi\/wp-json\/wp\/v2\/comments?post=61164"}],"wp:featuredmedia":[{"embeddable":true,"href":"https:\/\/mouldking.store\/vi\/wp-json\/wp\/v2\/media\/61163"}],"wp:attachment":[{"href":"https:\/\/mouldking.store\/vi\/wp-json\/wp\/v2\/media?parent=61164"}],"wp:term":[{"taxonomy":"product_cat","embeddable":true,"href":"https:\/\/mouldking.store\/vi\/wp-json\/wp\/v2\/product_cat?post=61164"},{"taxonomy":"product_tag","embeddable":true,"href":"https:\/\/mouldking.store\/vi\/wp-json\/wp\/v2\/product_tag?post=61164"}],"curies":[{"name":"wp","href":"https:\/\/api.w.org\/{rel}","templated":true}]}}