{"id":61174,"date":"2024-10-03T17:44:19","date_gmt":"2024-10-03T10:44:19","guid":{"rendered":"https:\/\/mouldking.store\/shop\/moc-factory-89093-moana-heihei-with-266-pieces\/"},"modified":"2025-12-16T20:59:01","modified_gmt":"2025-12-16T13:59:01","slug":"moc-factory-89093-moana-heihei-with-266-pieces","status":"publish","type":"product","link":"https:\/\/mouldking.store\/vi\/shop\/moc-factory-89093-moana-heihei-with-266-pieces\/","title":{"rendered":"Nh\u00e0 m\u00e1y MOC 89093 Moana Heihei v\u1edbi 266 m\u1ea3nh gh\u00e9p"},"content":{"rendered":"<div>\u2705 MOC-89093 Moana Heihei<\/p>\n<p>\u2705<strong>Heihei<\/strong> is a quirky and memorable character from Disney&#8217;s animated movie <em>&#8220;Moana.&#8221;<\/em> He is a small, eccentric rooster that accompanies Moana on her journey across the ocean. Despite being somewhat clueless and causing trouble throughout the adventure, Heihei provides comic relief and has become a fan favorite.<\/p>\n<p>\ud83d\udeab QUAN TR\u1eccNG!<\/p>\n<p>Product Name: Moana Heihei<\/p>\n<p>Th\u1ec3 lo\u1ea1i: Phim<\/p>\n<p>This Kit Contains: C10048Y01<\/p>\n<p>266 pcs Good Quality Bricks<\/p>\n<p>Size: 6.8 x 19 x 23 cm<\/p>\n<p>Weight: 0.16 kg<\/p>\n<p>H\u01b0\u1edbng d\u1eabn PDF<\/p>\n<p>\ud83d\udcccB\u1ea3n ch\u1ea5t c\u1ee7a nh\u00e2n v\u1eadt ch\u00ednh<\/p>\n<p>Introducing our proud collection named \u201cMoana Heihei\u201d you should not miss.<\/p>\n<p>Heihei is a small, slender rooster with a somewhat scrawny and unkempt appearance. His body is primarily covered in <strong>bright red, orange, and yellow feathers<\/strong>. His feathers are scruffy and uneven, adding to his comical and bewildered look. &nbsp; Heihei&#8217;s head is his most distinctive feature. It is covered in <strong>red feathers<\/strong>, with a single feather standing straight up on top like a tuft. His <strong>comb<\/strong> (the fleshy crest on top of his head) is a darker shade of red, and he has a thin neck that often seems to bend or twist at odd angles.&nbsp;<\/div>","protected":false},"excerpt":{"rendered":"<p>Th\u01b0\u01a1ng hi\u1ec7u: Nh\u00e0 m\u00e1y M\u1ed8C<br \/>\nGi\u1edbi t\u00ednh: Unisex<br \/>\n\u0110\u1ed9 tu\u1ed5i: &gt; 6 tu\u1ed5i<br \/>\nModel Number: 89093<br \/>\nPh\u00e2n lo\u1ea1i: T\u1eadp h\u1ee3p<br \/>\nH\u00ecnh d\u1ea1ng kh\u1ed1i nh\u1ef1a: G\u1ea1ch t\u1ef1 kh\u00f3a<br \/>\nCh\u1ea5t li\u1ec7u: Nh\u1ef1a<br \/>\nLo\u1ea1i nh\u1ef1a: ABS<br \/>\nBricks Blocks: 266 +<br \/>\nKh\u00f4ng c\u00f3 h\u1ed9p ban \u0111\u1ea7u<br \/>\nS\u1ea3n ph\u1ea9m kh\u00f4ng bao g\u1ed3m STICKER v\u00e0 IN IN. T\u1ea5t c\u1ea3 c\u00e1c b\u1ed9 ph\u1eadn \u0111\u00e3 in s\u1ebd \u0111\u01b0\u1ee3c thay th\u1ebf b\u1eb1ng c\u00e1c b\u1ed9 ph\u1eadn ti\u00eau chu\u1ea9n v\u00e0 kh\u00f4ng \u0103n nh\u1eadp v\u1edbi c\u00e1c ph\u1ee5 ki\u1ec7n c\u1ee7a b\u00ean th\u1ee9 3.<\/p>","protected":false},"featured_media":61173,"comment_status":"open","ping_status":"closed","template":"","meta":{"_acf_changed":false},"product_cat":[1365,371,581,1408],"product_tag":[11085,2384,11072,8452,1548,13613,13612,434,13614],"class_list":["product","first","instock","shipping-taxable","purchasable","product-type-simple"],"acf":[],"_links":{"self":[{"href":"https:\/\/mouldking.store\/vi\/wp-json\/wp\/v2\/product\/61174","targetHints":{"allow":["GET"]}}],"collection":[{"href":"https:\/\/mouldking.store\/vi\/wp-json\/wp\/v2\/product"}],"about":[{"href":"https:\/\/mouldking.store\/vi\/wp-json\/wp\/v2\/types\/product"}],"replies":[{"embeddable":true,"href":"https:\/\/mouldking.store\/vi\/wp-json\/wp\/v2\/comments?post=61174"}],"wp:featuredmedia":[{"embeddable":true,"href":"https:\/\/mouldking.store\/vi\/wp-json\/wp\/v2\/media\/61173"}],"wp:attachment":[{"href":"https:\/\/mouldking.store\/vi\/wp-json\/wp\/v2\/media?parent=61174"}],"wp:term":[{"taxonomy":"product_cat","embeddable":true,"href":"https:\/\/mouldking.store\/vi\/wp-json\/wp\/v2\/product_cat?post=61174"},{"taxonomy":"product_tag","embeddable":true,"href":"https:\/\/mouldking.store\/vi\/wp-json\/wp\/v2\/product_tag?post=61174"}],"curies":[{"name":"wp","href":"https:\/\/api.w.org\/{rel}","templated":true}]}}