{"id":61203,"date":"2024-10-03T17:45:08","date_gmt":"2024-10-03T10:45:08","guid":{"rendered":"https:\/\/mouldking.store\/shop\/moc-factory-89090-hazbin-hotel-alastor-with-522-pieces\/"},"modified":"2025-12-16T20:59:01","modified_gmt":"2025-12-16T13:59:01","slug":"moc-factory-89090-hazbin-hotel-alastor-with-522-pieces","status":"publish","type":"product","link":"https:\/\/mouldking.store\/vi\/shop\/moc-factory-89090-hazbin-hotel-alastor-with-522-pieces\/","title":{"rendered":"MOC Factory 89090 Hazbin Hotel Alastor with 522 Pieces"},"content":{"rendered":"<div>\u2705 MOC-89090 Hazbin Hotel Alastor<\/p>\n<p>\u2705<strong>Alastor<\/strong> is one of the central characters in the animated web series <em>Hazbin Hotel,<\/em> created by Vivienne Medrano. Known for his charismatic and sinister personality, Alastor is a powerful demon with a classic 1920s radio star aesthetic.<\/p>\n<p>\ud83d\udeab QUAN TR\u1eccNG!<\/p>\n<p>Product Name: Hazbin Hotel Alastor<\/p>\n<p>Th\u1ec3 lo\u1ea1i: Phim<\/p>\n<p>This Kit Contains: C10059Y02<\/p>\n<p>522 pcs Good Quality Bricks<\/p>\n<p>Size: 21.6 x 12.3 x 35.8 cm<\/p>\n<p>Weight: 0.4 kg<\/p>\n<p>H\u01b0\u1edbng d\u1eabn PDF<\/p>\n<p>\ud83d\udcccB\u1ea3n ch\u1ea5t c\u1ee7a nh\u00e2n v\u1eadt ch\u00ednh<\/p>\n<p>Introducing our proud collection named \u201cHazbin Hotel Alastor\u201d you should not miss.<\/p>\n<p>Alastor&#8217;s design and personality make him one of the most memorable characters in <em>Hazbin Hotel<\/em>, combining vintage aesthetics with a disturbing edge to create a truly unique antagonist.&nbsp;<\/div>","protected":false},"excerpt":{"rendered":"<p>Th\u01b0\u01a1ng hi\u1ec7u: Nh\u00e0 m\u00e1y M\u1ed8C<br \/>\nGi\u1edbi t\u00ednh: Unisex<br \/>\n\u0110\u1ed9 tu\u1ed5i: &gt; 6 tu\u1ed5i<br \/>\nModel Number: 89090<br \/>\nPh\u00e2n lo\u1ea1i: T\u1eadp h\u1ee3p<br \/>\nH\u00ecnh d\u1ea1ng kh\u1ed1i nh\u1ef1a: G\u1ea1ch t\u1ef1 kh\u00f3a<br \/>\nCh\u1ea5t li\u1ec7u: Nh\u1ef1a<br \/>\nLo\u1ea1i nh\u1ef1a: ABS<br \/>\nBricks Blocks: 522 +<br \/>\nKh\u00f4ng c\u00f3 h\u1ed9p ban \u0111\u1ea7u<br \/>\nS\u1ea3n ph\u1ea9m kh\u00f4ng bao g\u1ed3m STICKER v\u00e0 IN IN. T\u1ea5t c\u1ea3 c\u00e1c b\u1ed9 ph\u1eadn \u0111\u00e3 in s\u1ebd \u0111\u01b0\u1ee3c thay th\u1ebf b\u1eb1ng c\u00e1c b\u1ed9 ph\u1eadn ti\u00eau chu\u1ea9n v\u00e0 kh\u00f4ng \u0103n nh\u1eadp v\u1edbi c\u00e1c ph\u1ee5 ki\u1ec7n c\u1ee7a b\u00ean th\u1ee9 3.<\/p>","protected":false},"featured_media":61202,"comment_status":"open","ping_status":"closed","template":"","meta":{"_acf_changed":false},"product_cat":[1365,371,581,1408],"product_tag":[13620,11072,8452,13619,10633,434],"class_list":["product","first","instock","shipping-taxable","purchasable","product-type-simple"],"acf":[],"_links":{"self":[{"href":"https:\/\/mouldking.store\/vi\/wp-json\/wp\/v2\/product\/61203","targetHints":{"allow":["GET"]}}],"collection":[{"href":"https:\/\/mouldking.store\/vi\/wp-json\/wp\/v2\/product"}],"about":[{"href":"https:\/\/mouldking.store\/vi\/wp-json\/wp\/v2\/types\/product"}],"replies":[{"embeddable":true,"href":"https:\/\/mouldking.store\/vi\/wp-json\/wp\/v2\/comments?post=61203"}],"wp:featuredmedia":[{"embeddable":true,"href":"https:\/\/mouldking.store\/vi\/wp-json\/wp\/v2\/media\/61202"}],"wp:attachment":[{"href":"https:\/\/mouldking.store\/vi\/wp-json\/wp\/v2\/media?parent=61203"}],"wp:term":[{"taxonomy":"product_cat","embeddable":true,"href":"https:\/\/mouldking.store\/vi\/wp-json\/wp\/v2\/product_cat?post=61203"},{"taxonomy":"product_tag","embeddable":true,"href":"https:\/\/mouldking.store\/vi\/wp-json\/wp\/v2\/product_tag?post=61203"}],"curies":[{"name":"wp","href":"https:\/\/api.w.org\/{rel}","templated":true}]}}