{"id":61225,"date":"2024-10-04T17:52:32","date_gmt":"2024-10-04T10:52:32","guid":{"rendered":"https:\/\/mouldking.store\/shop\/meilian-jx105-christmas-tree-with-454-pieces\/"},"modified":"2024-10-04T17:52:38","modified_gmt":"2024-10-04T10:52:38","slug":"meilian-jx105-christmas-tree-with-454-pieces","status":"publish","type":"product","link":"https:\/\/mouldking.store\/vi\/shop\/meilian-jx105-christmas-tree-with-454-pieces\/","title":{"rendered":"MEILIAN JX105 CHRISTMAS TREE with 454 Pieces"},"content":{"rendered":"<div>\u2705Meilian JX105 CHRISTMAS TREE<\/p>\n<p>\u2705 A Christmas tree is one of the most iconic symbols of the holiday season. It\u2019s traditionally an evergreen tree, like a fir or spruce, decorated with ornaments, lights, and a variety of festive adornments.&nbsp;<\/p>\n<p>\ud83d\udeab QUAN TR\u1eccNG!<\/p>\n<p>Product Name: CHRISTMAS TREE<\/p>\n<p>Th\u1ec3 lo\u1ea1i: Ng\u01b0\u1eddi s\u00e1ng t\u1ea1o<\/p>\n<p>This Kit Contains: Meilian JX105<\/p>\n<p>454 pcs Good Quality Bricks<\/p>\n<p>Size: 12.7 x 23cm<\/p>\n<p>H\u01b0\u1edbng d\u1eabn th\u1ee7 c\u00f4ng<\/p>\n<p>\ud83d\udcccB\u1ea3n ch\u1ea5t c\u1ee7a nh\u00e2n v\u1eadt ch\u00ednh<\/p>\n<p>Introducing our proud collection named \u201cCHRISTMAS TREE\u201d you should not miss.<\/p>\n<p>&nbsp;The tree itself would stand tall and lush, with deep green branches. At the top, a star or angel often sits as a crowning symbol, shining brightly above the rest of the decorations. The tree is adorned with strands of twinkling fairy lights, either in warm white or multicolored, weaving through the branches and illuminating the space with a cozy glow.&nbsp;<\/p><\/div>","protected":false},"excerpt":{"rendered":"<p>Brand: MEILIAN<br \/>\nGi\u1edbi t\u00ednh: Unisex<br \/>\n\u0110\u1ed9 tu\u1ed5i: &gt; 6 tu\u1ed5i<br \/>\nModel Number: JX105<br \/>\nPh\u00e2n lo\u1ea1i: T\u1eadp h\u1ee3p<br \/>\nH\u00ecnh d\u1ea1ng kh\u1ed1i nh\u1ef1a: G\u1ea1ch t\u1ef1 kh\u00f3a<br \/>\nCh\u1ea5t li\u1ec7u: Nh\u1ef1a<br \/>\nLo\u1ea1i nh\u1ef1a: ABS<br \/>\nBricks Blocks: 454 +<br \/>\nKh\u00f4ng c\u00f3 h\u1ed9p ban \u0111\u1ea7u<br \/>\nS\u1ea3n ph\u1ea9m kh\u00f4ng bao g\u1ed3m STICKER v\u00e0 IN IN. T\u1ea5t c\u1ea3 c\u00e1c b\u1ed9 ph\u1eadn \u0111\u00e3 in s\u1ebd \u0111\u01b0\u1ee3c thay th\u1ebf b\u1eb1ng c\u00e1c b\u1ed9 ph\u1eadn ti\u00eau chu\u1ea9n v\u00e0 kh\u00f4ng \u0103n nh\u1eadp v\u1edbi c\u00e1c ph\u1ee5 ki\u1ec7n c\u1ee7a b\u00ean th\u1ee9 3.<\/p>","protected":false},"featured_media":61224,"comment_status":"open","ping_status":"closed","template":"","meta":{"_acf_changed":false},"product_cat":[1365,371],"product_tag":[1066,3381,11072,8452,5983],"class_list":["product","first","instock","shipping-taxable","purchasable","product-type-simple"],"acf":[],"_links":{"self":[{"href":"https:\/\/mouldking.store\/vi\/wp-json\/wp\/v2\/product\/61225","targetHints":{"allow":["GET"]}}],"collection":[{"href":"https:\/\/mouldking.store\/vi\/wp-json\/wp\/v2\/product"}],"about":[{"href":"https:\/\/mouldking.store\/vi\/wp-json\/wp\/v2\/types\/product"}],"replies":[{"embeddable":true,"href":"https:\/\/mouldking.store\/vi\/wp-json\/wp\/v2\/comments?post=61225"}],"wp:featuredmedia":[{"embeddable":true,"href":"https:\/\/mouldking.store\/vi\/wp-json\/wp\/v2\/media\/61224"}],"wp:attachment":[{"href":"https:\/\/mouldking.store\/vi\/wp-json\/wp\/v2\/media?parent=61225"}],"wp:term":[{"taxonomy":"product_cat","embeddable":true,"href":"https:\/\/mouldking.store\/vi\/wp-json\/wp\/v2\/product_cat?post=61225"},{"taxonomy":"product_tag","embeddable":true,"href":"https:\/\/mouldking.store\/vi\/wp-json\/wp\/v2\/product_tag?post=61225"}],"curies":[{"name":"wp","href":"https:\/\/api.w.org\/{rel}","templated":true}]}}