{"id":61274,"date":"2024-10-09T18:33:59","date_gmt":"2024-10-09T11:33:59","guid":{"rendered":"https:\/\/mouldking.store\/shop\/mould-king-10162-christmas-carnival-band-with-1045-pieces\/"},"modified":"2024-10-09T18:34:06","modified_gmt":"2024-10-09T11:34:06","slug":"mould-king-10162-christmas-carnival-band-with-1045-pieces","status":"publish","type":"product","link":"https:\/\/mouldking.store\/vi\/shop\/mould-king-10162-christmas-carnival-band-with-1045-pieces\/","title":{"rendered":"MOULD KING 10162 Christmas Carnival Band with 1045 Pieces"},"content":{"rendered":"<div>\u2705MouldKing 10162 Christmas Carnival Band<\/p>\n<p>\u2705 A Christmas Carnival Band is a lively, festive ensemble that plays joyful holiday music, often seen in holiday parades, events, or winter carnivals. The band typically includes a variety of instruments like trumpets, trombones, tubas, drums, and sometimes even accordions or bagpipes, depending on the style and regional influences. Members are usually dressed in bright, colorful, and often themed costumes to match the Christmas spirit\u2014think Santa suits, elf outfits, reindeer antlers, or Victorian-style clothing.&nbsp;<\/p>\n<p>\ud83d\udeab QUAN TR\u1eccNG!<\/p>\n<p>Product Name: Christmas Carnival Band<\/p>\n<p>Th\u1ec3 lo\u1ea1i: Ng\u01b0\u1eddi s\u00e1ng t\u1ea1o<\/p>\n<p>This Kit Contains: MouldKing 10162&nbsp;<\/p>\n<p>1045 pcs Good Quality Bricks<\/p>\n<p>Size: 29 \u00d7 11.6 \u00d7 18.1 cm<\/p>\n<p>H\u01b0\u1edbng d\u1eabn th\u1ee7 c\u00f4ng<\/p>\n<p>\ud83d\udcccB\u1ea3n ch\u1ea5t c\u1ee7a nh\u00e2n v\u1eadt ch\u00ednh<\/p>\n<p>Introducing our proud collection named \u201cChristmas Carnival Band\u201d you should not miss.<\/p>\n<p>&nbsp;Their music focuses on classic Christmas carols, like &#8220;Jingle Bells,&#8221; &#8220;Deck the Halls,&#8221; and &#8220;We Wish You a Merry Christmas,&#8221; but may also include more contemporary holiday tunes. The sound is cheerful and upbeat, designed to engage crowds and add to the festive atmosphere. Depending on the carnival or event, the band may march through streets, playing music, or be stationed in a central performance area, accompanied by dancers, mascots, or even costumed characters like Santa or Frosty the Snowman.&nbsp;<\/p><\/div>","protected":false},"excerpt":{"rendered":"<p>Th\u01b0\u01a1ng hi\u1ec7u: VUA KHU\u00d4N<br \/>\nGi\u1edbi t\u00ednh: Unisex<br \/>\n\u0110\u1ed9 tu\u1ed5i: &gt; 14 tu\u1ed5i<br \/>\nModel Number: 10162<br \/>\nPh\u00e2n lo\u1ea1i: T\u1eadp h\u1ee3p<br \/>\nH\u00ecnh d\u1ea1ng kh\u1ed1i nh\u1ef1a: G\u1ea1ch t\u1ef1 kh\u00f3a<br \/>\nCh\u1ea5t li\u1ec7u: Nh\u1ef1a<br \/>\nLo\u1ea1i nh\u1ef1a: ABS<br \/>\nBricks Blocks: 1045 +<br \/>\nKh\u00f4ng c\u00f3 h\u1ed9p ban \u0111\u1ea7u<br \/>\nS\u1ea3n ph\u1ea9m kh\u00f4ng bao g\u1ed3m STICKER v\u00e0 IN IN. T\u1ea5t c\u1ea3 c\u00e1c b\u1ed9 ph\u1eadn \u0111\u00e3 in s\u1ebd \u0111\u01b0\u1ee3c thay th\u1ebf b\u1eb1ng c\u00e1c b\u1ed9 ph\u1eadn ti\u00eau chu\u1ea9n v\u00e0 kh\u00f4ng \u0103n nh\u1eadp v\u1edbi c\u00e1c ph\u1ee5 ki\u1ec7n c\u1ee7a b\u00ean th\u1ee9 3.<\/p>","protected":false},"featured_media":61273,"comment_status":"open","ping_status":"closed","template":"","meta":{"_acf_changed":false},"product_cat":[1365,371],"product_tag":[12507,12335,1066,11072,8452],"class_list":["product","first","instock","shipping-taxable","purchasable","product-type-simple"],"acf":[],"_links":{"self":[{"href":"https:\/\/mouldking.store\/vi\/wp-json\/wp\/v2\/product\/61274","targetHints":{"allow":["GET"]}}],"collection":[{"href":"https:\/\/mouldking.store\/vi\/wp-json\/wp\/v2\/product"}],"about":[{"href":"https:\/\/mouldking.store\/vi\/wp-json\/wp\/v2\/types\/product"}],"replies":[{"embeddable":true,"href":"https:\/\/mouldking.store\/vi\/wp-json\/wp\/v2\/comments?post=61274"}],"wp:featuredmedia":[{"embeddable":true,"href":"https:\/\/mouldking.store\/vi\/wp-json\/wp\/v2\/media\/61273"}],"wp:attachment":[{"href":"https:\/\/mouldking.store\/vi\/wp-json\/wp\/v2\/media?parent=61274"}],"wp:term":[{"taxonomy":"product_cat","embeddable":true,"href":"https:\/\/mouldking.store\/vi\/wp-json\/wp\/v2\/product_cat?post=61274"},{"taxonomy":"product_tag","embeddable":true,"href":"https:\/\/mouldking.store\/vi\/wp-json\/wp\/v2\/product_tag?post=61274"}],"curies":[{"name":"wp","href":"https:\/\/api.w.org\/{rel}","templated":true}]}}