{"id":61313,"date":"2024-10-09T18:36:03","date_gmt":"2024-10-09T11:36:03","guid":{"rendered":"https:\/\/mouldking.store\/shop\/mould-king-12027s-emd-sd40-2-diesel-locomotive-with-motor-with-1257-pieces\/"},"modified":"2024-10-09T18:36:10","modified_gmt":"2024-10-09T11:36:10","slug":"mould-king-12027s-emd-sd40-2-diesel-locomotive-with-motor-with-1257-pieces","status":"publish","type":"product","link":"https:\/\/mouldking.store\/vi\/shop\/mould-king-12027s-emd-sd40-2-diesel-locomotive-with-motor-with-1257-pieces\/","title":{"rendered":"\u0110\u1ea7u m\u00e1y xe l\u1eeda diesel MOULD KING 12027S EMD SD40-2 c\u00f3 \u0111\u1ed9ng c\u01a1 v\u1edbi 1257 chi ti\u1ebft"},"content":{"rendered":"<div>\u2705MouldKing 12027S EMD SD40-2 Diesel Locomotive With Motor<\/p>\n<p>\u2705 C\u00e1c <strong>EMD SD40-2<\/strong> is a diesel-electric locomotive built by the Electro-Motive Division (EMD) of General Motors, known for its durability, reliability, and versatility.<\/p>\n<p>\ud83d\udeab QUAN TR\u1eccNG!<\/p>\n<p>Product Name:&nbsp; EMD SD40-2 Diesel Locomotive With Motor<\/p>\n<p>Danh m\u1ee5c: K\u1ef9 thu\u1eadt<\/p>\n<p>This Kit Contains: MouldKing 12027S<\/p>\n<p>1257 pcs Good Quality Bricks<\/p>\n<p>Size: 60.7 \u00d7 6.6 \u00d7 10.6 cm<\/p>\n<p>H\u01b0\u1edbng d\u1eabn th\u1ee7 c\u00f4ng<\/p>\n<p>\ud83d\udcccB\u1ea3n ch\u1ea5t c\u1ee7a nh\u00e2n v\u1eadt ch\u00ednh<\/p>\n<p>Introducing our proud collection named \u201cEMD SD40-2 Diesel Locomotive With Motor\u201d you should not miss.<\/p>\n<p>The <strong>EMD SD40-2<\/strong> diesel locomotive is a legendary machine in the world of rail transport, known for its power, versatility, and robust design. Its impact on the freight and rail industry continues to be felt, making it a symbol of American railroading history. Whether in service or as part of a collection, the SD40-2 remains an iconic and respected locomotive.&nbsp;<\/div>","protected":false},"excerpt":{"rendered":"<p>Th\u01b0\u01a1ng hi\u1ec7u: VUA KHU\u00d4N<br \/>\nGi\u1edbi t\u00ednh: Unisex<br \/>\n\u0110\u1ed9 tu\u1ed5i: &gt; 14 tu\u1ed5i<br \/>\nModel Number: 12027S<br \/>\nPh\u00e2n lo\u1ea1i: T\u1eadp h\u1ee3p<br \/>\nH\u00ecnh d\u1ea1ng kh\u1ed1i nh\u1ef1a: G\u1ea1ch t\u1ef1 kh\u00f3a<br \/>\nCh\u1ea5t li\u1ec7u: Nh\u1ef1a<br \/>\nLo\u1ea1i nh\u1ef1a: ABS<br \/>\nBricks Blocks: 1257 +<br \/>\nKh\u00f4ng c\u00f3 h\u1ed9p ban \u0111\u1ea7u<br \/>\nS\u1ea3n ph\u1ea9m kh\u00f4ng bao g\u1ed3m STICKER v\u00e0 IN IN. T\u1ea5t c\u1ea3 c\u00e1c b\u1ed9 ph\u1eadn \u0111\u00e3 in s\u1ebd \u0111\u01b0\u1ee3c thay th\u1ebf b\u1eb1ng c\u00e1c b\u1ed9 ph\u1eadn ti\u00eau chu\u1ea9n v\u00e0 kh\u00f4ng \u0103n nh\u1eadp v\u1edbi c\u00e1c ph\u1ee5 ki\u1ec7n c\u1ee7a b\u00ean th\u1ee9 3.<\/p>","protected":false},"featured_media":61312,"comment_status":"open","ping_status":"closed","template":"","meta":{"_acf_changed":false},"product_cat":[1357,371,372,390,581,6016,415,364],"product_tag":[12996,11524,12995,2635,366,12997,389,11080],"class_list":["product","first","instock","shipping-taxable","purchasable","product-type-simple"],"acf":[],"_links":{"self":[{"href":"https:\/\/mouldking.store\/vi\/wp-json\/wp\/v2\/product\/61313","targetHints":{"allow":["GET"]}}],"collection":[{"href":"https:\/\/mouldking.store\/vi\/wp-json\/wp\/v2\/product"}],"about":[{"href":"https:\/\/mouldking.store\/vi\/wp-json\/wp\/v2\/types\/product"}],"replies":[{"embeddable":true,"href":"https:\/\/mouldking.store\/vi\/wp-json\/wp\/v2\/comments?post=61313"}],"wp:featuredmedia":[{"embeddable":true,"href":"https:\/\/mouldking.store\/vi\/wp-json\/wp\/v2\/media\/61312"}],"wp:attachment":[{"href":"https:\/\/mouldking.store\/vi\/wp-json\/wp\/v2\/media?parent=61313"}],"wp:term":[{"taxonomy":"product_cat","embeddable":true,"href":"https:\/\/mouldking.store\/vi\/wp-json\/wp\/v2\/product_cat?post=61313"},{"taxonomy":"product_tag","embeddable":true,"href":"https:\/\/mouldking.store\/vi\/wp-json\/wp\/v2\/product_tag?post=61313"}],"curies":[{"name":"wp","href":"https:\/\/api.w.org\/{rel}","templated":true}]}}