{"id":61414,"date":"2024-10-17T18:15:49","date_gmt":"2024-10-17T11:15:49","guid":{"rendered":"https:\/\/mouldking.store\/shop\/quanguan-100277-m4a3-sherman-medium-tank-105mm-with-1175-pieces\/"},"modified":"2024-10-17T18:16:00","modified_gmt":"2024-10-17T11:16:00","slug":"quanguan-100277-m4a3-sherman-medium-tank-105mm-with-1175-pieces","status":"publish","type":"product","link":"https:\/\/mouldking.store\/vi\/shop\/quanguan-100277-m4a3-sherman-medium-tank-105mm-with-1175-pieces\/","title":{"rendered":"QUANGUAN 100277 Xe t\u0103ng h\u1ea1ng trung M4A3 Sherman 105MM v\u1edbi 1175 m\u1ea3nh"},"content":{"rendered":"<div>\u2705Xe t\u0103ng h\u1ea1ng trung M4A3 Sherman 105MM c\u1ee7a Quan Guan 100277<\/p>\n<p>\u2705 Xe t\u0103ng M4A3 Sherman l\u00e0 m\u1ed9t bi\u1ebfn th\u1ec3 c\u1ee7a xe t\u0103ng h\u1ea1ng trung M4 Sherman, \u0111\u01b0\u1ee3c s\u1eed d\u1ee5ng r\u1ed9ng r\u00e3i trong Th\u1ebf chi\u1ebfn II b\u1edfi Hoa K\u1ef3 v\u00e0 c\u00e1c \u0111\u1ed3ng minh. M4A3 n\u1ed5i b\u1eadt nh\u1edd t\u00ednh linh ho\u1ea1t v\u00e0 hi\u1ec7u qu\u1ea3 trong nhi\u1ec1u vai tr\u00f2 chi\u1ebfn \u0111\u1ea5u kh\u00e1c nhau.&nbsp;<\/p>\n<p>\ud83d\udeab QUAN TR\u1eccNG!<\/p>\n<p>T\u00ean s\u1ea3n ph\u1ea9m: Xe t\u0103ng h\u1ea1ng trung M4A3 Sherman 105MM<\/p>\n<p>Th\u1ec3 lo\u1ea1i: Qu\u00e2n s\u1ef1<\/p>\n<p>B\u1ed9 s\u1ea3n ph\u1ea9m n\u00e0y bao g\u1ed3m: Quan Guan 100277<\/p>\n<p>1175 vi\u00ean g\u1ea1ch ch\u1ea5t l\u01b0\u1ee3ng t\u1ed1t<\/p>\n<p>K\u00edch th\u01b0\u1edbc: 21,4 \u00d7 9,7 \u00d7 12,2 cm<\/p>\n<p>H\u01b0\u1edbng d\u1eabn th\u1ee7 c\u00f4ng<\/p>\n<p>\ud83d\udcccB\u1ea3n ch\u1ea5t c\u1ee7a nh\u00e2n v\u1eadt ch\u00ednh<\/p>\n<p>Xin gi\u1edbi thi\u1ec7u b\u1ed9 s\u01b0u t\u1eadp \u0111\u1ea7y t\u1ef1 h\u00e0o c\u1ee7a ch\u00fang t\u00f4i mang t\u00ean \u201cXe t\u0103ng h\u1ea1ng trung M4A3 Sherman 105MM\u201d, m\u1ed9t s\u1ea3n ph\u1ea9m b\u1ea1n kh\u00f4ng n\u00ean b\u1ecf l\u1ee1.<\/p>\n<p>&nbsp;Ban \u0111\u1ea7u, M4A3 \u0111\u01b0\u1ee3c trang b\u1ecb ph\u00e1o 75mm, nh\u01b0ng phi\u00ean b\u1ea3n ph\u00e1o l\u1ef1u 105mm mang l\u1ea1i h\u1ecfa l\u1ef1c m\u1ea1nh h\u01a1n, gi\u00fap n\u00f3 hi\u1ec7u qu\u1ea3 h\u01a1n trong vi\u1ec7c ch\u1ed1ng l\u1ea1i c\u00e1c v\u1ecb tr\u00ed ph\u00f2ng th\u1ee7 ki\u00ean c\u1ed1 v\u00e0 b\u1ed9 binh \u0111\u1ecbch. Ph\u00e1o l\u1ef1u 105mm ph\u00f9 h\u1ee3p h\u01a1n cho c\u00e1c vai tr\u00f2 h\u1ed7 tr\u1ee3, cung c\u1ea5p kh\u1ea3 n\u0103ng t\u01b0\u01a1ng t\u1ef1 nh\u01b0 ph\u00e1o binh tr\u00ean chi\u1ebfn tr\u01b0\u1eddng. Bi\u1ebfn th\u1ec3 M4A3 Sherman 105mm \u0111\u00f3ng vai tr\u00f2 quan tr\u1ecdng trong chi\u1ebfn th\u1eafng c\u1ee7a qu\u00e2n \u0110\u1ed3ng minh trong Th\u1ebf chi\u1ebfn II v\u00e0 l\u00e0 bi\u1ec3u t\u01b0\u1ee3ng cho thi\u1ebft k\u1ebf v\u00e0 k\u1ef9 thu\u1eadt xe t\u0103ng c\u1ee7a M\u1ef9. N\u00f3 v\u1eabn l\u00e0 ch\u1ee7 \u0111\u1ec1 \u0111\u01b0\u1ee3c \u01b0a chu\u1ed9ng \u0111\u1ed1i v\u1edbi nh\u1eefng ng\u01b0\u1eddi \u0111am m\u00ea l\u1ecbch s\u1eed qu\u00e2n s\u1ef1 v\u00e0 nh\u1eefng ng\u01b0\u1eddi l\u00e0m m\u00f4 h\u00ecnh.&nbsp;<\/p><\/div>","protected":false},"excerpt":{"rendered":"<p>Th\u01b0\u01a1ng hi\u1ec7u: QUANGUAN<br \/>\nGi\u1edbi t\u00ednh: Unisex<br \/>\n\u0110\u1ed9 tu\u1ed5i: &gt; 6 tu\u1ed5i<br \/>\nM\u00e3 s\u1ed1 s\u1ea3n ph\u1ea9m: 100277<br \/>\nPh\u00e2n lo\u1ea1i: T\u1eadp h\u1ee3p<br \/>\nH\u00ecnh d\u1ea1ng kh\u1ed1i nh\u1ef1a: G\u1ea1ch t\u1ef1 kh\u00f3a<br \/>\nCh\u1ea5t li\u1ec7u: Nh\u1ef1a<br \/>\nLo\u1ea1i nh\u1ef1a: ABS<br \/>\nKh\u1ed1i g\u1ea1ch: 1175+<br \/>\nKh\u00f4ng c\u00f3 h\u1ed9p ban \u0111\u1ea7u<br \/>\nS\u1ea3n ph\u1ea9m kh\u00f4ng bao g\u1ed3m STICKER v\u00e0 IN IN. T\u1ea5t c\u1ea3 c\u00e1c b\u1ed9 ph\u1eadn \u0111\u00e3 in s\u1ebd \u0111\u01b0\u1ee3c thay th\u1ebf b\u1eb1ng c\u00e1c b\u1ed9 ph\u1eadn ti\u00eau chu\u1ea9n v\u00e0 kh\u00f4ng \u0103n nh\u1eadp v\u1edbi c\u00e1c ph\u1ee5 ki\u1ec7n c\u1ee7a b\u00ean th\u1ee9 3.<\/p>","protected":false},"featured_media":61413,"comment_status":"open","ping_status":"closed","template":"","meta":{"_acf_changed":false},"product_cat":[1350,1357,372,364],"product_tag":[11966,3813,374,11461,485,389],"class_list":["product","first","instock","shipping-taxable","purchasable","product-type-simple"],"acf":[],"_links":{"self":[{"href":"https:\/\/mouldking.store\/vi\/wp-json\/wp\/v2\/product\/61414","targetHints":{"allow":["GET"]}}],"collection":[{"href":"https:\/\/mouldking.store\/vi\/wp-json\/wp\/v2\/product"}],"about":[{"href":"https:\/\/mouldking.store\/vi\/wp-json\/wp\/v2\/types\/product"}],"replies":[{"embeddable":true,"href":"https:\/\/mouldking.store\/vi\/wp-json\/wp\/v2\/comments?post=61414"}],"wp:featuredmedia":[{"embeddable":true,"href":"https:\/\/mouldking.store\/vi\/wp-json\/wp\/v2\/media\/61413"}],"wp:attachment":[{"href":"https:\/\/mouldking.store\/vi\/wp-json\/wp\/v2\/media?parent=61414"}],"wp:term":[{"taxonomy":"product_cat","embeddable":true,"href":"https:\/\/mouldking.store\/vi\/wp-json\/wp\/v2\/product_cat?post=61414"},{"taxonomy":"product_tag","embeddable":true,"href":"https:\/\/mouldking.store\/vi\/wp-json\/wp\/v2\/product_tag?post=61414"}],"curies":[{"name":"wp","href":"https:\/\/api.w.org\/{rel}","templated":true}]}}