{"id":61433,"date":"2024-10-18T17:52:25","date_gmt":"2024-10-18T10:52:25","guid":{"rendered":"https:\/\/mouldking.store\/shop\/moc-factory-175651-hazbin-hotel-lucifer-morningstar-final-with-826-pieces\/"},"modified":"2025-12-16T20:59:01","modified_gmt":"2025-12-16T13:59:01","slug":"moc-factory-175651-hazbin-hotel-lucifer-morningstar-final-with-826-pieces","status":"publish","type":"product","link":"https:\/\/mouldking.store\/vi\/shop\/moc-factory-175651-hazbin-hotel-lucifer-morningstar-final-with-826-pieces\/","title":{"rendered":"MOC Factory 175651 Hazbin Hotel Lucifer Morningstar Final with 826 Pieces"},"content":{"rendered":"<div>\u2705 MOC-175651 Hazbin Hotel Lucifer Morningstar Final<\/p>\n<p>\u2705 The character <strong>Lucifer Morningstar<\/strong> in <em>Hazbin Hotel<\/em> plays a significant role as the ruler of Hell and is depicted as the father of the main character, Charlie Morningstar. <em>Hazbin Hotel<\/em> is an adult animated series created by Vivienne Medrano (Vivziepop). It revolves around Charlie&#8217;s mission to rehabilitate demons to reduce the overpopulation of Hell.<\/p>\n<p>\ud83d\udeab QUAN TR\u1eccNG!<\/p>\n<p>Product Name: Hazbin Hotel Lucifer Morningstar Final<\/p>\n<p>Th\u1ec3 lo\u1ea1i: Phim<\/p>\n<p>This Kit Contains: C10059Y04<\/p>\n<p>826 pcs Good Quality Bricks<\/p>\n<p>Size: 15 x 7 x 16 cm<\/p>\n<p>H\u01b0\u1edbng d\u1eabn PDF<\/p>\n<p>\ud83d\udcccB\u1ea3n ch\u1ea5t c\u1ee7a nh\u00e2n v\u1eadt ch\u00ednh<\/p>\n<p>Introducing our proud collection named \u201cHazbin Hotel Lucifer Morningstar Final\u201d you should not miss.<\/p>\n<p>Lucifer&#8217;s character in <em>Hazbin Hotel<\/em> has yet to be fully fleshed out in official media as of now, but based on glimpses and background information from the creator, Lucifer is portrayed as a calm, manipulative, and cunning ruler of Hell, embodying the regal and powerful aspects of the devil&#8217;s archetype. His design is sleek and sharply styled, typically adorned with a suit and a cane, giving him a suave, almost gentlemanly appearance while exuding an air of danger.&nbsp;<\/div>","protected":false},"excerpt":{"rendered":"<p>Th\u01b0\u01a1ng hi\u1ec7u: Nh\u00e0 m\u00e1y M\u1ed8C<br \/>\nGi\u1edbi t\u00ednh: Unisex<br \/>\n\u0110\u1ed9 tu\u1ed5i: &gt; 6 tu\u1ed5i<br \/>\nModel Number: 175651<br \/>\nPh\u00e2n lo\u1ea1i: T\u1eadp h\u1ee3p<br \/>\nH\u00ecnh d\u1ea1ng kh\u1ed1i nh\u1ef1a: G\u1ea1ch t\u1ef1 kh\u00f3a<br \/>\nCh\u1ea5t li\u1ec7u: Nh\u1ef1a<br \/>\nLo\u1ea1i nh\u1ef1a: ABS<br \/>\nBricks Blocks: 826 +<br \/>\nKh\u00f4ng c\u00f3 h\u1ed9p ban \u0111\u1ea7u<br \/>\nS\u1ea3n ph\u1ea9m kh\u00f4ng bao g\u1ed3m STICKER v\u00e0 IN IN. T\u1ea5t c\u1ea3 c\u00e1c b\u1ed9 ph\u1eadn \u0111\u00e3 in s\u1ebd \u0111\u01b0\u1ee3c thay th\u1ebf b\u1eb1ng c\u00e1c b\u1ed9 ph\u1eadn ti\u00eau chu\u1ea9n v\u00e0 kh\u00f4ng \u0103n nh\u1eadp v\u1edbi c\u00e1c ph\u1ee5 ki\u1ec7n c\u1ee7a b\u00ean th\u1ee9 3.<\/p>","protected":false},"featured_media":61432,"comment_status":"open","ping_status":"closed","template":"","meta":{"_acf_changed":false},"product_cat":[1365,371,581,1408],"product_tag":[11072,8452,13619,10633,13636,13637,434],"class_list":["product","first","instock","shipping-taxable","purchasable","product-type-simple"],"acf":[],"_links":{"self":[{"href":"https:\/\/mouldking.store\/vi\/wp-json\/wp\/v2\/product\/61433","targetHints":{"allow":["GET"]}}],"collection":[{"href":"https:\/\/mouldking.store\/vi\/wp-json\/wp\/v2\/product"}],"about":[{"href":"https:\/\/mouldking.store\/vi\/wp-json\/wp\/v2\/types\/product"}],"replies":[{"embeddable":true,"href":"https:\/\/mouldking.store\/vi\/wp-json\/wp\/v2\/comments?post=61433"}],"wp:featuredmedia":[{"embeddable":true,"href":"https:\/\/mouldking.store\/vi\/wp-json\/wp\/v2\/media\/61432"}],"wp:attachment":[{"href":"https:\/\/mouldking.store\/vi\/wp-json\/wp\/v2\/media?parent=61433"}],"wp:term":[{"taxonomy":"product_cat","embeddable":true,"href":"https:\/\/mouldking.store\/vi\/wp-json\/wp\/v2\/product_cat?post=61433"},{"taxonomy":"product_tag","embeddable":true,"href":"https:\/\/mouldking.store\/vi\/wp-json\/wp\/v2\/product_tag?post=61433"}],"curies":[{"name":"wp","href":"https:\/\/api.w.org\/{rel}","templated":true}]}}