{"id":61448,"date":"2024-10-18T17:52:57","date_gmt":"2024-10-18T10:52:57","guid":{"rendered":"https:\/\/mouldking.store\/shop\/moc-factory-91023-91028-asterix-and-obelix-with-997-pieces\/"},"modified":"2025-12-16T20:59:00","modified_gmt":"2025-12-16T13:59:00","slug":"moc-factory-91023-91028-asterix-and-obelix-with-997-pieces","status":"publish","type":"product","link":"https:\/\/mouldking.store\/vi\/shop\/moc-factory-91023-91028-asterix-and-obelix-with-997-pieces\/","title":{"rendered":"Nh\u00e0 m\u00e1y MOC 91023-91028 Asterix v\u00e0 Obelix v\u1edbi 997 m\u1ea3nh gh\u00e9p"},"content":{"rendered":"<div>\u2705 MOC-91023-91028 Asterix And Obelix<\/p>\n<p>\u2705<strong>Asterix v\u00e0 Obelix<\/strong> are the beloved main characters of the French comic book series <em>Asterix<\/em>, created by writer Ren\u00e9 Goscinny and illustrator Albert Uderzo. The series is set in ancient Gaul (modern-day France) around 50 B.C., during the Roman occupation. Asterix and Obelix live in a small village that is the only place in Gaul still resisting Roman control, thanks to a magical potion brewed by their druid, Getafix, which grants superhuman strength. <\/p>\n<p>\ud83d\udeab QUAN TR\u1eccNG!<\/p>\n<p>Product Name: Asterix And Obelix<\/p>\n<p>Th\u1ec3 lo\u1ea1i: Phim<\/p>\n<p>This Kit Contains: C10061<\/p>\n<p>997 pcs Good Quality Bricks<\/p>\n<p>Size: 13 x 18 x 15 cm<\/p>\n<p>Weight: 0.96 kg<\/p>\n<p>H\u01b0\u1edbng d\u1eabn PDF<\/p>\n<p>\ud83d\udcccB\u1ea3n ch\u1ea5t c\u1ee7a nh\u00e2n v\u1eadt ch\u00ednh<\/p>\n<p>Introducing our proud collection named \u201cAsterix And Obelix\u201d you should not miss.<\/p>\n<p><em>Asterix<\/em> has become one of the most popular and enduring comic series in Europe, spawning numerous adaptations including animated and live-action films, TV series, video games, and even a theme park. The characters have become iconic symbols of French pop culture, and their stories resonate with readers for their blend of action, humor, and wit.&nbsp; The friendship between Asterix and Obelix, with their contrasting personalities, forms the heart of the series, making them timeless characters beloved by readers of all ages.&nbsp;<\/div>","protected":false},"excerpt":{"rendered":"<p>Th\u01b0\u01a1ng hi\u1ec7u: Nh\u00e0 m\u00e1y M\u1ed8C<br \/>\nGi\u1edbi t\u00ednh: Unisex<br \/>\n\u0110\u1ed9 tu\u1ed5i: &gt; 6 tu\u1ed5i<br \/>\nModel Number: 91023-91028<br \/>\nPh\u00e2n lo\u1ea1i: T\u1eadp h\u1ee3p<br \/>\nH\u00ecnh d\u1ea1ng kh\u1ed1i nh\u1ef1a: G\u1ea1ch t\u1ef1 kh\u00f3a<br \/>\nCh\u1ea5t li\u1ec7u: Nh\u1ef1a<br \/>\nLo\u1ea1i nh\u1ef1a: ABS<br \/>\nBricks Blocks: 997 +<br \/>\nKh\u00f4ng c\u00f3 h\u1ed9p ban \u0111\u1ea7u<br \/>\nS\u1ea3n ph\u1ea9m kh\u00f4ng bao g\u1ed3m STICKER v\u00e0 IN IN. T\u1ea5t c\u1ea3 c\u00e1c b\u1ed9 ph\u1eadn \u0111\u00e3 in s\u1ebd \u0111\u01b0\u1ee3c thay th\u1ebf b\u1eb1ng c\u00e1c b\u1ed9 ph\u1eadn ti\u00eau chu\u1ea9n v\u00e0 kh\u00f4ng \u0103n nh\u1eadp v\u1edbi c\u00e1c ph\u1ee5 ki\u1ec7n c\u1ee7a b\u00ean th\u1ee9 3.<\/p>","protected":false},"featured_media":61447,"comment_status":"open","ping_status":"closed","template":"","meta":{"_acf_changed":false},"product_cat":[1365,371,581,1408],"product_tag":[13638,11072,8452,434,13639],"class_list":["product","first","instock","shipping-taxable","purchasable","product-type-simple"],"acf":[],"_links":{"self":[{"href":"https:\/\/mouldking.store\/vi\/wp-json\/wp\/v2\/product\/61448","targetHints":{"allow":["GET"]}}],"collection":[{"href":"https:\/\/mouldking.store\/vi\/wp-json\/wp\/v2\/product"}],"about":[{"href":"https:\/\/mouldking.store\/vi\/wp-json\/wp\/v2\/types\/product"}],"replies":[{"embeddable":true,"href":"https:\/\/mouldking.store\/vi\/wp-json\/wp\/v2\/comments?post=61448"}],"wp:featuredmedia":[{"embeddable":true,"href":"https:\/\/mouldking.store\/vi\/wp-json\/wp\/v2\/media\/61447"}],"wp:attachment":[{"href":"https:\/\/mouldking.store\/vi\/wp-json\/wp\/v2\/media?parent=61448"}],"wp:term":[{"taxonomy":"product_cat","embeddable":true,"href":"https:\/\/mouldking.store\/vi\/wp-json\/wp\/v2\/product_cat?post=61448"},{"taxonomy":"product_tag","embeddable":true,"href":"https:\/\/mouldking.store\/vi\/wp-json\/wp\/v2\/product_tag?post=61448"}],"curies":[{"name":"wp","href":"https:\/\/api.w.org\/{rel}","templated":true}]}}